{"id":704,"date":"2024-01-22T21:34:49","date_gmt":"2024-01-22T21:34:49","guid":{"rendered":"https:\/\/galiancogasa.net\/tienda\/?post_type=product&#038;p=704"},"modified":"2026-02-13T21:12:22","modified_gmt":"2026-02-13T20:12:22","slug":"galian-cats","status":"publish","type":"product","link":"https:\/\/galiancogasa.net\/tienda\/producto\/galian-cats\/","title":{"rendered":"GALIAN CATS 20 KG"},"content":{"rendered":"<p><strong>Composici\u00f3n\u00a0<\/strong><\/p>\n<p><span style=\"font-weight: 400\">Cereales, carne y subproductos animales (hidrolizado de h\u00edgado de pollo 2%). Subproductos vegetales (1% pulpa de remolacha). Aceites y grasas. Levaduras. Sustancias minerales.<\/span><\/p>\n<p><strong>Componentes anal\u00edticos<\/strong><\/p>\n<p><span style=\"font-weight: 400\">Prote\u00edna 29%, grasa 10%, fibra 2,6%, ceniza 9%, calcio 2%, f\u00f3sforo 1,3%. Aditivos nutricionales: 13000 UI\/kg Vitamina A, 1500 UI\/kg Vitamina D3, 80 mg\/kg Vitamina E, 7 5mg\/kg hierro (sulfato de hierro (II), monohidratado)(3b103), 3.5 0mg\/kg Iodo (yoduro de potasio)(3b201), 10mg\/kg cobre (sulfato de cobre (II) pentahidratado)(3b405), 7.50 mg\/kg Manganeso (\u00f3xido de manganeso (II))(3b502), 120 mg\/kg Zinc (\u00f3xido de zinc)(3b603), 0.12 mg\/kg Selenio (selenito de sodio)(3b801), 870 mg\/kg Taurina. Aditivos tecnol\u00f3gicos: Antioxidantes y conservantes. 5000 mg\/kg Regulador de acidez: bisulfato de sodio. Aditivos organol\u00e9pticos: colorantes.<\/span><\/p>\n<p><strong>Formatos disponibles<\/strong><\/p>\n<p><span style=\"font-weight: 400\">20KG envasado en saco de rafia (referencia 9701300).<\/span><\/p>\n<p><strong>Instrucciones de uso<\/strong><\/p>\n<p><span style=\"font-weight: 400\">El cambio de alimentaci\u00f3n debe hacerse gradualmente durante 7 d\u00edas. Administrar la comida 2 veces al d\u00eda. No exceda la dosis del d\u00eda anterior. La cantidad de alimento puede variar seg\u00fan la actividad, la raza del gato y las condiciones ambientales medias. Los gatos siempre deben tener agua fresca disponible y limpia.<\/span><\/p>\n<p><strong>Observaciones<\/strong><\/p>\n<p><span style=\"font-weight: 400\">Conservar el producto en lugar fresco y seco. En \u00e9pocas de calor, almacenar la menor cantidad posible.<\/span><\/p>\n<p><strong>Tabla de racionamiento<\/strong><\/p>\n<table>\n<tbody>\n<tr>\n<td><span style=\"font-weight: 400\">Raci\u00f3n diaria<\/span><\/td>\n<td><span style=\"font-weight: 400\">Peso del gato<\/span><\/td>\n<\/tr>\n<tr>\n<td><span style=\"font-weight: 400\">29g<\/span><\/td>\n<td><span style=\"font-weight: 400\">1 KG<\/span><\/td>\n<\/tr>\n<tr>\n<td><span style=\"font-weight: 400\">61g<\/span><\/td>\n<td><span style=\"font-weight: 400\">3 KG<\/span><\/td>\n<\/tr>\n<tr>\n<td><span style=\"font-weight: 400\">74g<\/span><\/td>\n<td><span style=\"font-weight: 400\">4 KG<\/span><\/td>\n<\/tr>\n<tr>\n<td><span style=\"font-weight: 400\">86g<\/span><\/td>\n<td><span style=\"font-weight: 400\">5 KG<\/span><\/td>\n<\/tr>\n<tr>\n<td><span style=\"font-weight: 400\">98g<\/span><\/td>\n<td><span style=\"font-weight: 400\">6 KG<\/span><\/td>\n<\/tr>\n<tr>\n<td><span style=\"font-weight: 400\">108g<\/span><\/td>\n<td><span style=\"font-weight: 400\">7 KG<\/span><\/td>\n<\/tr>\n<\/tbody>\n<\/table>\n","protected":false},"excerpt":{"rendered":"<p>MEDIDAS 4*3*1<\/p>\n","protected":false},"featured_media":18848,"template":"","meta":{"_acf_changed":false},"product_brand":[],"product_cat":[242],"product_tag":[265],"class_list":{"0":"post-704","1":"product","2":"type-product","3":"status-publish","4":"has-post-thumbnail","6":"familia_producto-420","7":"product_cat-alimentacion-peces","8":"product_tag-galian-dogscats","10":"first","11":"instock","12":"taxable","13":"shipping-taxable","14":"purchasable","15":"product-type-simple"},"acf":[],"yoast_head":"<!-- This site is optimized with the Yoast SEO Premium plugin v25.2 (Yoast SEO v27.4) - https:\/\/yoast.com\/product\/yoast-seo-premium-wordpress\/ -->\n<title>GALIAN CATS 20 KG - Galian Cogasa<\/title>\n<meta name=\"robots\" content=\"index, follow, max-snippet:-1, max-image-preview:large, max-video-preview:-1\" \/>\n<link rel=\"canonical\" href=\"https:\/\/galiancogasa.net\/tienda\/producto\/galian-cats\/\" \/>\n<meta property=\"og:locale\" content=\"es_ES\" \/>\n<meta property=\"og:type\" content=\"article\" \/>\n<meta property=\"og:title\" content=\"GALIAN CATS 20 KG\" \/>\n<meta property=\"og:description\" content=\"MEDIDAS 4*3*1\" \/>\n<meta property=\"og:url\" content=\"https:\/\/galiancogasa.net\/tienda\/producto\/galian-cats\/\" \/>\n<meta property=\"og:site_name\" content=\"Galian Cogasa\" \/>\n<meta property=\"article:modified_time\" content=\"2026-02-13T20:12:22+00:00\" \/>\n<meta property=\"og:image\" content=\"https:\/\/galiancogasa.net\/tienda\/wp-content\/uploads\/2024\/01\/9701300.jpg\" \/>\n\t<meta property=\"og:image:width\" content=\"1080\" \/>\n\t<meta property=\"og:image:height\" content=\"1080\" \/>\n\t<meta property=\"og:image:type\" content=\"image\/jpeg\" \/>\n<meta name=\"twitter:card\" content=\"summary_large_image\" \/>\n<meta name=\"twitter:label1\" content=\"Tiempo de lectura\" \/>\n\t<meta name=\"twitter:data1\" content=\"2 minutos\" \/>\n<script type=\"application\/ld+json\" class=\"yoast-schema-graph\">{\"@context\":\"https:\\\/\\\/schema.org\",\"@graph\":[{\"@type\":\"WebPage\",\"@id\":\"https:\\\/\\\/galiancogasa.net\\\/tienda\\\/producto\\\/galian-cats\\\/\",\"url\":\"https:\\\/\\\/galiancogasa.net\\\/tienda\\\/producto\\\/galian-cats\\\/\",\"name\":\"GALIAN CATS 20 KG - Galian Cogasa\",\"isPartOf\":{\"@id\":\"https:\\\/\\\/galiancogasa.net\\\/tienda\\\/#website\"},\"primaryImageOfPage\":{\"@id\":\"https:\\\/\\\/galiancogasa.net\\\/tienda\\\/producto\\\/galian-cats\\\/#primaryimage\"},\"image\":{\"@id\":\"https:\\\/\\\/galiancogasa.net\\\/tienda\\\/producto\\\/galian-cats\\\/#primaryimage\"},\"thumbnailUrl\":\"https:\\\/\\\/galiancogasa.net\\\/tienda\\\/wp-content\\\/uploads\\\/2024\\\/01\\\/9701300.jpg\",\"datePublished\":\"2024-01-22T21:34:49+00:00\",\"dateModified\":\"2026-02-13T20:12:22+00:00\",\"breadcrumb\":{\"@id\":\"https:\\\/\\\/galiancogasa.net\\\/tienda\\\/producto\\\/galian-cats\\\/#breadcrumb\"},\"inLanguage\":\"es\",\"potentialAction\":[{\"@type\":\"ReadAction\",\"target\":[\"https:\\\/\\\/galiancogasa.net\\\/tienda\\\/producto\\\/galian-cats\\\/\"]}]},{\"@type\":\"ImageObject\",\"inLanguage\":\"es\",\"@id\":\"https:\\\/\\\/galiancogasa.net\\\/tienda\\\/producto\\\/galian-cats\\\/#primaryimage\",\"url\":\"https:\\\/\\\/galiancogasa.net\\\/tienda\\\/wp-content\\\/uploads\\\/2024\\\/01\\\/9701300.jpg\",\"contentUrl\":\"https:\\\/\\\/galiancogasa.net\\\/tienda\\\/wp-content\\\/uploads\\\/2024\\\/01\\\/9701300.jpg\",\"width\":1080,\"height\":1080},{\"@type\":\"BreadcrumbList\",\"@id\":\"https:\\\/\\\/galiancogasa.net\\\/tienda\\\/producto\\\/galian-cats\\\/#breadcrumb\",\"itemListElement\":[{\"@type\":\"ListItem\",\"position\":1,\"name\":\"Home\",\"item\":\"https:\\\/\\\/galiancogasa.net\\\/tienda\\\/\"},{\"@type\":\"ListItem\",\"position\":2,\"name\":\"Tienda\",\"item\":\"https:\\\/\\\/galiancogasa.net\\\/tienda\\\/tienda\\\/\"},{\"@type\":\"ListItem\",\"position\":3,\"name\":\"GALIAN CATS 20 KG\"}]},{\"@type\":\"WebSite\",\"@id\":\"https:\\\/\\\/galiancogasa.net\\\/tienda\\\/#website\",\"url\":\"https:\\\/\\\/galiancogasa.net\\\/tienda\\\/\",\"name\":\"Galian Cogasa\",\"description\":\"Tienda Online\",\"publisher\":{\"@id\":\"https:\\\/\\\/galiancogasa.net\\\/tienda\\\/#organization\"},\"potentialAction\":[{\"@type\":\"SearchAction\",\"target\":{\"@type\":\"EntryPoint\",\"urlTemplate\":\"https:\\\/\\\/galiancogasa.net\\\/tienda\\\/?s={search_term_string}\"},\"query-input\":{\"@type\":\"PropertyValueSpecification\",\"valueRequired\":true,\"valueName\":\"search_term_string\"}}],\"inLanguage\":\"es\"},{\"@type\":\"Organization\",\"@id\":\"https:\\\/\\\/galiancogasa.net\\\/tienda\\\/#organization\",\"name\":\"Galian Cogasa SL\",\"url\":\"https:\\\/\\\/galiancogasa.net\\\/tienda\\\/\",\"logo\":{\"@type\":\"ImageObject\",\"inLanguage\":\"es\",\"@id\":\"https:\\\/\\\/galiancogasa.net\\\/tienda\\\/#\\\/schema\\\/logo\\\/image\\\/\",\"url\":\"https:\\\/\\\/galiancogasa.net\\\/tienda\\\/wp-content\\\/uploads\\\/2024\\\/01\\\/logo-galian-v2.png\",\"contentUrl\":\"https:\\\/\\\/galiancogasa.net\\\/tienda\\\/wp-content\\\/uploads\\\/2024\\\/01\\\/logo-galian-v2.png\",\"width\":6156,\"height\":2296,\"caption\":\"Galian Cogasa SL\"},\"image\":{\"@id\":\"https:\\\/\\\/galiancogasa.net\\\/tienda\\\/#\\\/schema\\\/logo\\\/image\\\/\"}}]}<\/script>\n<!-- \/ Yoast SEO Premium plugin. -->","yoast_head_json":{"title":"GALIAN CATS 20 KG - Galian Cogasa","robots":{"index":"index","follow":"follow","max-snippet":"max-snippet:-1","max-image-preview":"max-image-preview:large","max-video-preview":"max-video-preview:-1"},"canonical":"https:\/\/galiancogasa.net\/tienda\/producto\/galian-cats\/","og_locale":"es_ES","og_type":"article","og_title":"GALIAN CATS 20 KG","og_description":"MEDIDAS 4*3*1","og_url":"https:\/\/galiancogasa.net\/tienda\/producto\/galian-cats\/","og_site_name":"Galian Cogasa","article_modified_time":"2026-02-13T20:12:22+00:00","og_image":[{"width":1080,"height":1080,"url":"https:\/\/galiancogasa.net\/tienda\/wp-content\/uploads\/2024\/01\/9701300.jpg","type":"image\/jpeg"}],"twitter_card":"summary_large_image","twitter_misc":{"Tiempo de lectura":"2 minutos"},"schema":{"@context":"https:\/\/schema.org","@graph":[{"@type":"WebPage","@id":"https:\/\/galiancogasa.net\/tienda\/producto\/galian-cats\/","url":"https:\/\/galiancogasa.net\/tienda\/producto\/galian-cats\/","name":"GALIAN CATS 20 KG - Galian Cogasa","isPartOf":{"@id":"https:\/\/galiancogasa.net\/tienda\/#website"},"primaryImageOfPage":{"@id":"https:\/\/galiancogasa.net\/tienda\/producto\/galian-cats\/#primaryimage"},"image":{"@id":"https:\/\/galiancogasa.net\/tienda\/producto\/galian-cats\/#primaryimage"},"thumbnailUrl":"https:\/\/galiancogasa.net\/tienda\/wp-content\/uploads\/2024\/01\/9701300.jpg","datePublished":"2024-01-22T21:34:49+00:00","dateModified":"2026-02-13T20:12:22+00:00","breadcrumb":{"@id":"https:\/\/galiancogasa.net\/tienda\/producto\/galian-cats\/#breadcrumb"},"inLanguage":"es","potentialAction":[{"@type":"ReadAction","target":["https:\/\/galiancogasa.net\/tienda\/producto\/galian-cats\/"]}]},{"@type":"ImageObject","inLanguage":"es","@id":"https:\/\/galiancogasa.net\/tienda\/producto\/galian-cats\/#primaryimage","url":"https:\/\/galiancogasa.net\/tienda\/wp-content\/uploads\/2024\/01\/9701300.jpg","contentUrl":"https:\/\/galiancogasa.net\/tienda\/wp-content\/uploads\/2024\/01\/9701300.jpg","width":1080,"height":1080},{"@type":"BreadcrumbList","@id":"https:\/\/galiancogasa.net\/tienda\/producto\/galian-cats\/#breadcrumb","itemListElement":[{"@type":"ListItem","position":1,"name":"Home","item":"https:\/\/galiancogasa.net\/tienda\/"},{"@type":"ListItem","position":2,"name":"Tienda","item":"https:\/\/galiancogasa.net\/tienda\/tienda\/"},{"@type":"ListItem","position":3,"name":"GALIAN CATS 20 KG"}]},{"@type":"WebSite","@id":"https:\/\/galiancogasa.net\/tienda\/#website","url":"https:\/\/galiancogasa.net\/tienda\/","name":"Galian Cogasa","description":"Tienda Online","publisher":{"@id":"https:\/\/galiancogasa.net\/tienda\/#organization"},"potentialAction":[{"@type":"SearchAction","target":{"@type":"EntryPoint","urlTemplate":"https:\/\/galiancogasa.net\/tienda\/?s={search_term_string}"},"query-input":{"@type":"PropertyValueSpecification","valueRequired":true,"valueName":"search_term_string"}}],"inLanguage":"es"},{"@type":"Organization","@id":"https:\/\/galiancogasa.net\/tienda\/#organization","name":"Galian Cogasa SL","url":"https:\/\/galiancogasa.net\/tienda\/","logo":{"@type":"ImageObject","inLanguage":"es","@id":"https:\/\/galiancogasa.net\/tienda\/#\/schema\/logo\/image\/","url":"https:\/\/galiancogasa.net\/tienda\/wp-content\/uploads\/2024\/01\/logo-galian-v2.png","contentUrl":"https:\/\/galiancogasa.net\/tienda\/wp-content\/uploads\/2024\/01\/logo-galian-v2.png","width":6156,"height":2296,"caption":"Galian Cogasa SL"},"image":{"@id":"https:\/\/galiancogasa.net\/tienda\/#\/schema\/logo\/image\/"}}]}},"_links":{"self":[{"href":"https:\/\/galiancogasa.net\/tienda\/wp-json\/wp\/v2\/product\/704","targetHints":{"allow":["GET"]}}],"collection":[{"href":"https:\/\/galiancogasa.net\/tienda\/wp-json\/wp\/v2\/product"}],"about":[{"href":"https:\/\/galiancogasa.net\/tienda\/wp-json\/wp\/v2\/types\/product"}],"wp:featuredmedia":[{"embeddable":true,"href":"https:\/\/galiancogasa.net\/tienda\/wp-json\/wp\/v2\/media\/18848"}],"wp:attachment":[{"href":"https:\/\/galiancogasa.net\/tienda\/wp-json\/wp\/v2\/media?parent=704"}],"wp:term":[{"taxonomy":"product_brand","embeddable":true,"href":"https:\/\/galiancogasa.net\/tienda\/wp-json\/wp\/v2\/product_brand?post=704"},{"taxonomy":"product_cat","embeddable":true,"href":"https:\/\/galiancogasa.net\/tienda\/wp-json\/wp\/v2\/product_cat?post=704"},{"taxonomy":"product_tag","embeddable":true,"href":"https:\/\/galiancogasa.net\/tienda\/wp-json\/wp\/v2\/product_tag?post=704"}],"curies":[{"name":"wp","href":"https:\/\/api.w.org\/{rel}","templated":true}]}}