{"id":6666,"date":"2024-03-17T12:21:50","date_gmt":"2024-03-17T11:21:50","guid":{"rendered":"https:\/\/galiancogasa.net\/tienda\/producto\/pasta-de-embuche-galian-25-kg\/"},"modified":"2026-02-13T21:04:56","modified_gmt":"2026-02-13T20:04:56","slug":"pasta-de-embuche-galian-25-kg","status":"publish","type":"product","link":"https:\/\/galiancogasa.net\/tienda\/producto\/pasta-de-embuche-galian-25-kg\/","title":{"rendered":"PASTA DE EMBUCHE GALIAN 25 KG"},"content":{"rendered":"<p>\u00a1Asegura la salud y vitalidad de tus aves con nuestra Pasta de Embuche Galian! Especialmente formulada para proporcionar una nutrici\u00f3n completa y equilibrada.<\/p>\n<p>La Pasta de Embuche Galian est\u00e1 elaborada con ingredientes naturales de alta calidad que aseguran una digesti\u00f3n f\u00e1cil y una absorci\u00f3n \u00f3ptima de nutrientes. Perfecta para cr\u00edas, promueve un crecimiento saludable y un plumaje brillante.<\/p>\n<p><u>Composici\u00f3n<\/u><\/p>\n<p>Harina de ma\u00edz, huevo en polvo, harina de guisante, harina de naranja deshidratada, harina de manzana deshidratada, alfalfa deshidratada, carbonato c\u00e1lcico, yogur, trigo panificado.<\/p>\n<p><u>Componentes anal\u00edticos<\/u><\/p>\n<p>Prote\u00ednas 18,15%, grasas 8,50%, fibras 3%, cenizas 3%, humedad 5%<\/p>\n<p>Aditivos (por 1kg de producto): 2000UI Vitamina D3 (3a671). Oligoelementos: 30mg Hierro (carbonato de hierro (II)(Siderita))(3b101), 3mg Cobre (sulfato c\u00faprico, pentahidratado)(E4), 50mg Manganeso (\u00f3xido de manganeso(II))(3b502), 40mg Cinc (\u00f3xido de cinc)(3b603), 1mg Yodo (Yodato de calcio anhidro granulado recubierto)(3b203), 0,10mg Selenio (selenito de sodio)(E8). Ligantes: 450mg Sepiolita (E562). Conservantes, Antioxidantes.<\/p>\n<p><u>Formatos disponibles<\/u><\/p>\n<p>25KG envasado en saco (referencia 9514240) y 5KG (referencia 9514235) y 800GR (referencia 9514230) en cubos.<\/p>\n<p><u>Instrucciones de uso<\/u><\/p>\n<p>Mezclar con agua tibia en la proporci\u00f3n deseada, a\u00f1adir aproximadamente el 15\/20% de agua. Conseguir una papilla homog\u00e9nea y administrar con jeringuilla. Utilizar solamente las mezclas preparadas al instante. No guardar el sobrante.<\/p>\n<p><u>Observaciones<\/u><\/p>\n<p>Conservar el producto en lugar fresco y seco. En \u00e9pocas de calor, almacenar la menor cantidad posible.<\/p>\n","protected":false},"excerpt":{"rendered":"<p>\u00a1Asegura la salud y vitalidad de tus aves con nuestra Pasta de Embuche Galian! Especialmente formulada para proporcionar una nutrici\u00f3n completa y equilibrada.<\/p>\n<p>La Pasta de Embuche Galian est\u00e1 elaborada con ingredientes naturales de alta calidad que aseguran una digesti\u00f3n f\u00e1cil y una absorci\u00f3n \u00f3ptima de nutrientes. Perfecta para cr\u00edas, promueve un crecimiento saludable y un plumaje brillante.<\/p>\n","protected":false},"featured_media":18627,"template":"","meta":{"_acf_changed":false},"product_brand":[],"product_cat":[151],"product_tag":[],"class_list":{"0":"post-6666","1":"product","2":"type-product","3":"status-publish","4":"has-post-thumbnail","6":"familia_producto-416","7":"product_cat-pastas","9":"first","10":"instock","11":"taxable","12":"shipping-taxable","13":"purchasable","14":"product-type-simple"},"acf":[],"yoast_head":"<!-- This site is optimized with the Yoast SEO Premium plugin v25.2 (Yoast SEO v27.4) - https:\/\/yoast.com\/product\/yoast-seo-premium-wordpress\/ -->\n<title>PASTA DE EMBUCHE GALIAN 25 KG - Galian Cogasa<\/title>\n<meta name=\"robots\" content=\"index, follow, max-snippet:-1, max-image-preview:large, max-video-preview:-1\" \/>\n<link rel=\"canonical\" href=\"https:\/\/galiancogasa.net\/tienda\/producto\/pasta-de-embuche-galian-25-kg\/\" \/>\n<meta property=\"og:locale\" content=\"es_ES\" \/>\n<meta property=\"og:type\" content=\"article\" \/>\n<meta property=\"og:title\" content=\"PASTA DE EMBUCHE GALIAN 25 KG\" \/>\n<meta property=\"og:description\" content=\"\u00a1Asegura la salud y vitalidad de tus aves con nuestra Pasta de Embuche Galian! Especialmente formulada para proporcionar una nutrici\u00f3n completa y equilibrada.  La Pasta de Embuche Galian est\u00e1 elaborada con ingredientes naturales de alta calidad que aseguran una digesti\u00f3n f\u00e1cil y una absorci\u00f3n \u00f3ptima de nutrientes. Perfecta para cr\u00edas, promueve un crecimiento saludable y un plumaje brillante.\" \/>\n<meta property=\"og:url\" content=\"https:\/\/galiancogasa.net\/tienda\/producto\/pasta-de-embuche-galian-25-kg\/\" \/>\n<meta property=\"og:site_name\" content=\"Galian Cogasa\" \/>\n<meta property=\"article:modified_time\" content=\"2026-02-13T20:04:56+00:00\" \/>\n<meta property=\"og:image\" content=\"https:\/\/galiancogasa.net\/tienda\/wp-content\/uploads\/2024\/03\/9514240.jpg\" \/>\n\t<meta property=\"og:image:width\" content=\"1080\" \/>\n\t<meta property=\"og:image:height\" content=\"1080\" \/>\n\t<meta property=\"og:image:type\" content=\"image\/jpeg\" \/>\n<meta name=\"twitter:card\" content=\"summary_large_image\" \/>\n<meta name=\"twitter:label1\" content=\"Tiempo de lectura\" \/>\n\t<meta name=\"twitter:data1\" content=\"2 minutos\" \/>\n<script type=\"application\/ld+json\" class=\"yoast-schema-graph\">{\"@context\":\"https:\\\/\\\/schema.org\",\"@graph\":[{\"@type\":\"WebPage\",\"@id\":\"https:\\\/\\\/galiancogasa.net\\\/tienda\\\/producto\\\/pasta-de-embuche-galian-25-kg\\\/\",\"url\":\"https:\\\/\\\/galiancogasa.net\\\/tienda\\\/producto\\\/pasta-de-embuche-galian-25-kg\\\/\",\"name\":\"PASTA DE EMBUCHE GALIAN 25 KG - Galian Cogasa\",\"isPartOf\":{\"@id\":\"https:\\\/\\\/galiancogasa.net\\\/tienda\\\/#website\"},\"primaryImageOfPage\":{\"@id\":\"https:\\\/\\\/galiancogasa.net\\\/tienda\\\/producto\\\/pasta-de-embuche-galian-25-kg\\\/#primaryimage\"},\"image\":{\"@id\":\"https:\\\/\\\/galiancogasa.net\\\/tienda\\\/producto\\\/pasta-de-embuche-galian-25-kg\\\/#primaryimage\"},\"thumbnailUrl\":\"https:\\\/\\\/galiancogasa.net\\\/tienda\\\/wp-content\\\/uploads\\\/2024\\\/03\\\/9514240.jpg\",\"datePublished\":\"2024-03-17T11:21:50+00:00\",\"dateModified\":\"2026-02-13T20:04:56+00:00\",\"breadcrumb\":{\"@id\":\"https:\\\/\\\/galiancogasa.net\\\/tienda\\\/producto\\\/pasta-de-embuche-galian-25-kg\\\/#breadcrumb\"},\"inLanguage\":\"es\",\"potentialAction\":[{\"@type\":\"ReadAction\",\"target\":[\"https:\\\/\\\/galiancogasa.net\\\/tienda\\\/producto\\\/pasta-de-embuche-galian-25-kg\\\/\"]}]},{\"@type\":\"ImageObject\",\"inLanguage\":\"es\",\"@id\":\"https:\\\/\\\/galiancogasa.net\\\/tienda\\\/producto\\\/pasta-de-embuche-galian-25-kg\\\/#primaryimage\",\"url\":\"https:\\\/\\\/galiancogasa.net\\\/tienda\\\/wp-content\\\/uploads\\\/2024\\\/03\\\/9514240.jpg\",\"contentUrl\":\"https:\\\/\\\/galiancogasa.net\\\/tienda\\\/wp-content\\\/uploads\\\/2024\\\/03\\\/9514240.jpg\",\"width\":1080,\"height\":1080},{\"@type\":\"BreadcrumbList\",\"@id\":\"https:\\\/\\\/galiancogasa.net\\\/tienda\\\/producto\\\/pasta-de-embuche-galian-25-kg\\\/#breadcrumb\",\"itemListElement\":[{\"@type\":\"ListItem\",\"position\":1,\"name\":\"Home\",\"item\":\"https:\\\/\\\/galiancogasa.net\\\/tienda\\\/\"},{\"@type\":\"ListItem\",\"position\":2,\"name\":\"Tienda\",\"item\":\"https:\\\/\\\/galiancogasa.net\\\/tienda\\\/tienda\\\/\"},{\"@type\":\"ListItem\",\"position\":3,\"name\":\"PASTA DE EMBUCHE GALIAN 25 KG\"}]},{\"@type\":\"WebSite\",\"@id\":\"https:\\\/\\\/galiancogasa.net\\\/tienda\\\/#website\",\"url\":\"https:\\\/\\\/galiancogasa.net\\\/tienda\\\/\",\"name\":\"Galian Cogasa\",\"description\":\"Tienda Online\",\"publisher\":{\"@id\":\"https:\\\/\\\/galiancogasa.net\\\/tienda\\\/#organization\"},\"potentialAction\":[{\"@type\":\"SearchAction\",\"target\":{\"@type\":\"EntryPoint\",\"urlTemplate\":\"https:\\\/\\\/galiancogasa.net\\\/tienda\\\/?s={search_term_string}\"},\"query-input\":{\"@type\":\"PropertyValueSpecification\",\"valueRequired\":true,\"valueName\":\"search_term_string\"}}],\"inLanguage\":\"es\"},{\"@type\":\"Organization\",\"@id\":\"https:\\\/\\\/galiancogasa.net\\\/tienda\\\/#organization\",\"name\":\"Galian Cogasa SL\",\"url\":\"https:\\\/\\\/galiancogasa.net\\\/tienda\\\/\",\"logo\":{\"@type\":\"ImageObject\",\"inLanguage\":\"es\",\"@id\":\"https:\\\/\\\/galiancogasa.net\\\/tienda\\\/#\\\/schema\\\/logo\\\/image\\\/\",\"url\":\"https:\\\/\\\/galiancogasa.net\\\/tienda\\\/wp-content\\\/uploads\\\/2024\\\/01\\\/logo-galian-v2.png\",\"contentUrl\":\"https:\\\/\\\/galiancogasa.net\\\/tienda\\\/wp-content\\\/uploads\\\/2024\\\/01\\\/logo-galian-v2.png\",\"width\":6156,\"height\":2296,\"caption\":\"Galian Cogasa SL\"},\"image\":{\"@id\":\"https:\\\/\\\/galiancogasa.net\\\/tienda\\\/#\\\/schema\\\/logo\\\/image\\\/\"}}]}<\/script>\n<!-- \/ Yoast SEO Premium plugin. -->","yoast_head_json":{"title":"PASTA DE EMBUCHE GALIAN 25 KG - Galian Cogasa","robots":{"index":"index","follow":"follow","max-snippet":"max-snippet:-1","max-image-preview":"max-image-preview:large","max-video-preview":"max-video-preview:-1"},"canonical":"https:\/\/galiancogasa.net\/tienda\/producto\/pasta-de-embuche-galian-25-kg\/","og_locale":"es_ES","og_type":"article","og_title":"PASTA DE EMBUCHE GALIAN 25 KG","og_description":"\u00a1Asegura la salud y vitalidad de tus aves con nuestra Pasta de Embuche Galian! Especialmente formulada para proporcionar una nutrici\u00f3n completa y equilibrada.  La Pasta de Embuche Galian est\u00e1 elaborada con ingredientes naturales de alta calidad que aseguran una digesti\u00f3n f\u00e1cil y una absorci\u00f3n \u00f3ptima de nutrientes. Perfecta para cr\u00edas, promueve un crecimiento saludable y un plumaje brillante.","og_url":"https:\/\/galiancogasa.net\/tienda\/producto\/pasta-de-embuche-galian-25-kg\/","og_site_name":"Galian Cogasa","article_modified_time":"2026-02-13T20:04:56+00:00","og_image":[{"width":1080,"height":1080,"url":"https:\/\/galiancogasa.net\/tienda\/wp-content\/uploads\/2024\/03\/9514240.jpg","type":"image\/jpeg"}],"twitter_card":"summary_large_image","twitter_misc":{"Tiempo de lectura":"2 minutos"},"schema":{"@context":"https:\/\/schema.org","@graph":[{"@type":"WebPage","@id":"https:\/\/galiancogasa.net\/tienda\/producto\/pasta-de-embuche-galian-25-kg\/","url":"https:\/\/galiancogasa.net\/tienda\/producto\/pasta-de-embuche-galian-25-kg\/","name":"PASTA DE EMBUCHE GALIAN 25 KG - Galian Cogasa","isPartOf":{"@id":"https:\/\/galiancogasa.net\/tienda\/#website"},"primaryImageOfPage":{"@id":"https:\/\/galiancogasa.net\/tienda\/producto\/pasta-de-embuche-galian-25-kg\/#primaryimage"},"image":{"@id":"https:\/\/galiancogasa.net\/tienda\/producto\/pasta-de-embuche-galian-25-kg\/#primaryimage"},"thumbnailUrl":"https:\/\/galiancogasa.net\/tienda\/wp-content\/uploads\/2024\/03\/9514240.jpg","datePublished":"2024-03-17T11:21:50+00:00","dateModified":"2026-02-13T20:04:56+00:00","breadcrumb":{"@id":"https:\/\/galiancogasa.net\/tienda\/producto\/pasta-de-embuche-galian-25-kg\/#breadcrumb"},"inLanguage":"es","potentialAction":[{"@type":"ReadAction","target":["https:\/\/galiancogasa.net\/tienda\/producto\/pasta-de-embuche-galian-25-kg\/"]}]},{"@type":"ImageObject","inLanguage":"es","@id":"https:\/\/galiancogasa.net\/tienda\/producto\/pasta-de-embuche-galian-25-kg\/#primaryimage","url":"https:\/\/galiancogasa.net\/tienda\/wp-content\/uploads\/2024\/03\/9514240.jpg","contentUrl":"https:\/\/galiancogasa.net\/tienda\/wp-content\/uploads\/2024\/03\/9514240.jpg","width":1080,"height":1080},{"@type":"BreadcrumbList","@id":"https:\/\/galiancogasa.net\/tienda\/producto\/pasta-de-embuche-galian-25-kg\/#breadcrumb","itemListElement":[{"@type":"ListItem","position":1,"name":"Home","item":"https:\/\/galiancogasa.net\/tienda\/"},{"@type":"ListItem","position":2,"name":"Tienda","item":"https:\/\/galiancogasa.net\/tienda\/tienda\/"},{"@type":"ListItem","position":3,"name":"PASTA DE EMBUCHE GALIAN 25 KG"}]},{"@type":"WebSite","@id":"https:\/\/galiancogasa.net\/tienda\/#website","url":"https:\/\/galiancogasa.net\/tienda\/","name":"Galian Cogasa","description":"Tienda Online","publisher":{"@id":"https:\/\/galiancogasa.net\/tienda\/#organization"},"potentialAction":[{"@type":"SearchAction","target":{"@type":"EntryPoint","urlTemplate":"https:\/\/galiancogasa.net\/tienda\/?s={search_term_string}"},"query-input":{"@type":"PropertyValueSpecification","valueRequired":true,"valueName":"search_term_string"}}],"inLanguage":"es"},{"@type":"Organization","@id":"https:\/\/galiancogasa.net\/tienda\/#organization","name":"Galian Cogasa SL","url":"https:\/\/galiancogasa.net\/tienda\/","logo":{"@type":"ImageObject","inLanguage":"es","@id":"https:\/\/galiancogasa.net\/tienda\/#\/schema\/logo\/image\/","url":"https:\/\/galiancogasa.net\/tienda\/wp-content\/uploads\/2024\/01\/logo-galian-v2.png","contentUrl":"https:\/\/galiancogasa.net\/tienda\/wp-content\/uploads\/2024\/01\/logo-galian-v2.png","width":6156,"height":2296,"caption":"Galian Cogasa SL"},"image":{"@id":"https:\/\/galiancogasa.net\/tienda\/#\/schema\/logo\/image\/"}}]}},"_links":{"self":[{"href":"https:\/\/galiancogasa.net\/tienda\/wp-json\/wp\/v2\/product\/6666","targetHints":{"allow":["GET"]}}],"collection":[{"href":"https:\/\/galiancogasa.net\/tienda\/wp-json\/wp\/v2\/product"}],"about":[{"href":"https:\/\/galiancogasa.net\/tienda\/wp-json\/wp\/v2\/types\/product"}],"wp:featuredmedia":[{"embeddable":true,"href":"https:\/\/galiancogasa.net\/tienda\/wp-json\/wp\/v2\/media\/18627"}],"wp:attachment":[{"href":"https:\/\/galiancogasa.net\/tienda\/wp-json\/wp\/v2\/media?parent=6666"}],"wp:term":[{"taxonomy":"product_brand","embeddable":true,"href":"https:\/\/galiancogasa.net\/tienda\/wp-json\/wp\/v2\/product_brand?post=6666"},{"taxonomy":"product_cat","embeddable":true,"href":"https:\/\/galiancogasa.net\/tienda\/wp-json\/wp\/v2\/product_cat?post=6666"},{"taxonomy":"product_tag","embeddable":true,"href":"https:\/\/galiancogasa.net\/tienda\/wp-json\/wp\/v2\/product_tag?post=6666"}],"curies":[{"name":"wp","href":"https:\/\/api.w.org\/{rel}","templated":true}]}}