{"id":6660,"date":"2024-03-17T12:21:33","date_gmt":"2024-03-17T11:21:33","guid":{"rendered":"https:\/\/galiancogasa.net\/tienda\/producto\/pasta-de-cria-seca-galian-4500-gr-cubo\/"},"modified":"2026-02-13T21:04:48","modified_gmt":"2026-02-13T20:04:48","slug":"pasta-de-cria-seca-galian-4500-gr-cubo","status":"publish","type":"product","link":"https:\/\/galiancogasa.net\/tienda\/producto\/pasta-de-cria-seca-galian-4500-gr-cubo\/","title":{"rendered":"PASTA DE CRIA SECA GALIAN 4500 GR CUBO"},"content":{"rendered":"<p>Descubre la Pasta de Cr\u00eda Seca Galian para p\u00e1jaros, la elecci\u00f3n perfecta para proporcionar una nutrici\u00f3n equilibrada y completa a tus aves en crecimiento. La f\u00f3rmula premium especialmente dise\u00f1ada asegura que los p\u00e1jaros j\u00f3venes obtengan todos los nutrientes esenciales necesarios para un desarrollo \u00f3ptimo y saludable.<\/p>\n<p><u>Composici\u00f3n<\/u><\/p>\n<p>Productos de panader\u00eda, harina de soja, grasa animal, az\u00facares naturales, negrillo, minerales, aromas naturales, Aditivos CEE, E-420, E-202, E-211, BHT.<\/p>\n<p><u>Componentes anal\u00edticos<\/u><\/p>\n<p>Prote\u00edna bruta 17,5%, grasa bruta 1,7%, humedad 0,3%, fibra bruta 4%, cenizas 4,8%.<\/p>\n<p><u>Formatos disponibles<\/u><\/p>\n<p>10KG envasado en saco (referencia 9512598) y 4.5KG (referencia 9512596) y 900GR (referencia 9512594) en cubos.<\/p>\n<p><u>Instrucciones de uso<\/u><\/p>\n<p>A libre disposici\u00f3n.<\/p>\n<p><u>Observaciones<\/u><\/p>\n<p>Conservar el producto en lugar fresco y seco. En \u00e9pocas de calor, almacenar la menor cantidad posible.<\/p>\n","protected":false},"excerpt":{"rendered":"<p>Descubre la Pasta de Cr\u00eda Seca Galian para p\u00e1jaros, la elecci\u00f3n perfecta para proporcionar una nutrici\u00f3n equilibrada y completa a tus aves en crecimiento. La f\u00f3rmula premium especialmente dise\u00f1ada asegura que los p\u00e1jaros j\u00f3venes obtengan todos los nutrientes esenciales necesarios para un desarrollo \u00f3ptimo y saludable.<\/p>\n","protected":false},"featured_media":18670,"template":"","meta":{"_acf_changed":false},"product_brand":[],"product_cat":[151],"product_tag":[],"class_list":{"0":"post-6660","1":"product","2":"type-product","3":"status-publish","4":"has-post-thumbnail","6":"familia_producto-417","7":"product_cat-pastas","9":"first","10":"instock","11":"taxable","12":"shipping-taxable","13":"purchasable","14":"product-type-simple"},"acf":[],"yoast_head":"<!-- This site is optimized with the Yoast SEO Premium plugin v25.2 (Yoast SEO v27.3) - https:\/\/yoast.com\/product\/yoast-seo-premium-wordpress\/ -->\n<title>PASTA DE CRIA SECA GALIAN 4500 GR CUBO - Galian Cogasa<\/title>\n<meta name=\"robots\" content=\"index, follow, max-snippet:-1, max-image-preview:large, max-video-preview:-1\" \/>\n<link rel=\"canonical\" href=\"https:\/\/galiancogasa.net\/tienda\/producto\/pasta-de-cria-seca-galian-4500-gr-cubo\/\" \/>\n<meta property=\"og:locale\" content=\"es_ES\" \/>\n<meta property=\"og:type\" content=\"article\" \/>\n<meta property=\"og:title\" content=\"PASTA DE CRIA SECA GALIAN 4500 GR CUBO\" \/>\n<meta property=\"og:description\" content=\"Descubre la Pasta de Cr\u00eda Seca Galian para p\u00e1jaros, la elecci\u00f3n perfecta para proporcionar una nutrici\u00f3n equilibrada y completa a tus aves en crecimiento. La f\u00f3rmula premium especialmente dise\u00f1ada asegura que los p\u00e1jaros j\u00f3venes obtengan todos los nutrientes esenciales necesarios para un desarrollo \u00f3ptimo y saludable.\" \/>\n<meta property=\"og:url\" content=\"https:\/\/galiancogasa.net\/tienda\/producto\/pasta-de-cria-seca-galian-4500-gr-cubo\/\" \/>\n<meta property=\"og:site_name\" content=\"Galian Cogasa\" \/>\n<meta property=\"article:modified_time\" content=\"2026-02-13T20:04:48+00:00\" \/>\n<meta property=\"og:image\" content=\"https:\/\/galiancogasa.net\/tienda\/wp-content\/uploads\/2024\/03\/9512596.jpg\" \/>\n\t<meta property=\"og:image:width\" content=\"1080\" \/>\n\t<meta property=\"og:image:height\" content=\"1080\" \/>\n\t<meta property=\"og:image:type\" content=\"image\/jpeg\" \/>\n<meta name=\"twitter:card\" content=\"summary_large_image\" \/>\n<meta name=\"twitter:label1\" content=\"Tiempo de lectura\" \/>\n\t<meta name=\"twitter:data1\" content=\"1 minuto\" \/>\n<script type=\"application\/ld+json\" class=\"yoast-schema-graph\">{\"@context\":\"https:\\\/\\\/schema.org\",\"@graph\":[{\"@type\":\"WebPage\",\"@id\":\"https:\\\/\\\/galiancogasa.net\\\/tienda\\\/producto\\\/pasta-de-cria-seca-galian-4500-gr-cubo\\\/\",\"url\":\"https:\\\/\\\/galiancogasa.net\\\/tienda\\\/producto\\\/pasta-de-cria-seca-galian-4500-gr-cubo\\\/\",\"name\":\"PASTA DE CRIA SECA GALIAN 4500 GR CUBO - Galian Cogasa\",\"isPartOf\":{\"@id\":\"https:\\\/\\\/galiancogasa.net\\\/tienda\\\/#website\"},\"primaryImageOfPage\":{\"@id\":\"https:\\\/\\\/galiancogasa.net\\\/tienda\\\/producto\\\/pasta-de-cria-seca-galian-4500-gr-cubo\\\/#primaryimage\"},\"image\":{\"@id\":\"https:\\\/\\\/galiancogasa.net\\\/tienda\\\/producto\\\/pasta-de-cria-seca-galian-4500-gr-cubo\\\/#primaryimage\"},\"thumbnailUrl\":\"https:\\\/\\\/galiancogasa.net\\\/tienda\\\/wp-content\\\/uploads\\\/2024\\\/03\\\/9512596.jpg\",\"datePublished\":\"2024-03-17T11:21:33+00:00\",\"dateModified\":\"2026-02-13T20:04:48+00:00\",\"breadcrumb\":{\"@id\":\"https:\\\/\\\/galiancogasa.net\\\/tienda\\\/producto\\\/pasta-de-cria-seca-galian-4500-gr-cubo\\\/#breadcrumb\"},\"inLanguage\":\"es\",\"potentialAction\":[{\"@type\":\"ReadAction\",\"target\":[\"https:\\\/\\\/galiancogasa.net\\\/tienda\\\/producto\\\/pasta-de-cria-seca-galian-4500-gr-cubo\\\/\"]}]},{\"@type\":\"ImageObject\",\"inLanguage\":\"es\",\"@id\":\"https:\\\/\\\/galiancogasa.net\\\/tienda\\\/producto\\\/pasta-de-cria-seca-galian-4500-gr-cubo\\\/#primaryimage\",\"url\":\"https:\\\/\\\/galiancogasa.net\\\/tienda\\\/wp-content\\\/uploads\\\/2024\\\/03\\\/9512596.jpg\",\"contentUrl\":\"https:\\\/\\\/galiancogasa.net\\\/tienda\\\/wp-content\\\/uploads\\\/2024\\\/03\\\/9512596.jpg\",\"width\":1080,\"height\":1080},{\"@type\":\"BreadcrumbList\",\"@id\":\"https:\\\/\\\/galiancogasa.net\\\/tienda\\\/producto\\\/pasta-de-cria-seca-galian-4500-gr-cubo\\\/#breadcrumb\",\"itemListElement\":[{\"@type\":\"ListItem\",\"position\":1,\"name\":\"Home\",\"item\":\"https:\\\/\\\/galiancogasa.net\\\/tienda\\\/\"},{\"@type\":\"ListItem\",\"position\":2,\"name\":\"Tienda\",\"item\":\"https:\\\/\\\/galiancogasa.net\\\/tienda\\\/tienda\\\/\"},{\"@type\":\"ListItem\",\"position\":3,\"name\":\"PASTA DE CRIA SECA GALIAN 4500 GR CUBO\"}]},{\"@type\":\"WebSite\",\"@id\":\"https:\\\/\\\/galiancogasa.net\\\/tienda\\\/#website\",\"url\":\"https:\\\/\\\/galiancogasa.net\\\/tienda\\\/\",\"name\":\"Galian Cogasa\",\"description\":\"Tienda Online\",\"publisher\":{\"@id\":\"https:\\\/\\\/galiancogasa.net\\\/tienda\\\/#organization\"},\"potentialAction\":[{\"@type\":\"SearchAction\",\"target\":{\"@type\":\"EntryPoint\",\"urlTemplate\":\"https:\\\/\\\/galiancogasa.net\\\/tienda\\\/?s={search_term_string}\"},\"query-input\":{\"@type\":\"PropertyValueSpecification\",\"valueRequired\":true,\"valueName\":\"search_term_string\"}}],\"inLanguage\":\"es\"},{\"@type\":\"Organization\",\"@id\":\"https:\\\/\\\/galiancogasa.net\\\/tienda\\\/#organization\",\"name\":\"Galian Cogasa SL\",\"url\":\"https:\\\/\\\/galiancogasa.net\\\/tienda\\\/\",\"logo\":{\"@type\":\"ImageObject\",\"inLanguage\":\"es\",\"@id\":\"https:\\\/\\\/galiancogasa.net\\\/tienda\\\/#\\\/schema\\\/logo\\\/image\\\/\",\"url\":\"https:\\\/\\\/galiancogasa.net\\\/tienda\\\/wp-content\\\/uploads\\\/2024\\\/01\\\/logo-galian-v2.png\",\"contentUrl\":\"https:\\\/\\\/galiancogasa.net\\\/tienda\\\/wp-content\\\/uploads\\\/2024\\\/01\\\/logo-galian-v2.png\",\"width\":6156,\"height\":2296,\"caption\":\"Galian Cogasa SL\"},\"image\":{\"@id\":\"https:\\\/\\\/galiancogasa.net\\\/tienda\\\/#\\\/schema\\\/logo\\\/image\\\/\"}}]}<\/script>\n<!-- \/ Yoast SEO Premium plugin. -->","yoast_head_json":{"title":"PASTA DE CRIA SECA GALIAN 4500 GR CUBO - Galian Cogasa","robots":{"index":"index","follow":"follow","max-snippet":"max-snippet:-1","max-image-preview":"max-image-preview:large","max-video-preview":"max-video-preview:-1"},"canonical":"https:\/\/galiancogasa.net\/tienda\/producto\/pasta-de-cria-seca-galian-4500-gr-cubo\/","og_locale":"es_ES","og_type":"article","og_title":"PASTA DE CRIA SECA GALIAN 4500 GR CUBO","og_description":"Descubre la Pasta de Cr\u00eda Seca Galian para p\u00e1jaros, la elecci\u00f3n perfecta para proporcionar una nutrici\u00f3n equilibrada y completa a tus aves en crecimiento. La f\u00f3rmula premium especialmente dise\u00f1ada asegura que los p\u00e1jaros j\u00f3venes obtengan todos los nutrientes esenciales necesarios para un desarrollo \u00f3ptimo y saludable.","og_url":"https:\/\/galiancogasa.net\/tienda\/producto\/pasta-de-cria-seca-galian-4500-gr-cubo\/","og_site_name":"Galian Cogasa","article_modified_time":"2026-02-13T20:04:48+00:00","og_image":[{"width":1080,"height":1080,"url":"https:\/\/galiancogasa.net\/tienda\/wp-content\/uploads\/2024\/03\/9512596.jpg","type":"image\/jpeg"}],"twitter_card":"summary_large_image","twitter_misc":{"Tiempo de lectura":"1 minuto"},"schema":{"@context":"https:\/\/schema.org","@graph":[{"@type":"WebPage","@id":"https:\/\/galiancogasa.net\/tienda\/producto\/pasta-de-cria-seca-galian-4500-gr-cubo\/","url":"https:\/\/galiancogasa.net\/tienda\/producto\/pasta-de-cria-seca-galian-4500-gr-cubo\/","name":"PASTA DE CRIA SECA GALIAN 4500 GR CUBO - Galian Cogasa","isPartOf":{"@id":"https:\/\/galiancogasa.net\/tienda\/#website"},"primaryImageOfPage":{"@id":"https:\/\/galiancogasa.net\/tienda\/producto\/pasta-de-cria-seca-galian-4500-gr-cubo\/#primaryimage"},"image":{"@id":"https:\/\/galiancogasa.net\/tienda\/producto\/pasta-de-cria-seca-galian-4500-gr-cubo\/#primaryimage"},"thumbnailUrl":"https:\/\/galiancogasa.net\/tienda\/wp-content\/uploads\/2024\/03\/9512596.jpg","datePublished":"2024-03-17T11:21:33+00:00","dateModified":"2026-02-13T20:04:48+00:00","breadcrumb":{"@id":"https:\/\/galiancogasa.net\/tienda\/producto\/pasta-de-cria-seca-galian-4500-gr-cubo\/#breadcrumb"},"inLanguage":"es","potentialAction":[{"@type":"ReadAction","target":["https:\/\/galiancogasa.net\/tienda\/producto\/pasta-de-cria-seca-galian-4500-gr-cubo\/"]}]},{"@type":"ImageObject","inLanguage":"es","@id":"https:\/\/galiancogasa.net\/tienda\/producto\/pasta-de-cria-seca-galian-4500-gr-cubo\/#primaryimage","url":"https:\/\/galiancogasa.net\/tienda\/wp-content\/uploads\/2024\/03\/9512596.jpg","contentUrl":"https:\/\/galiancogasa.net\/tienda\/wp-content\/uploads\/2024\/03\/9512596.jpg","width":1080,"height":1080},{"@type":"BreadcrumbList","@id":"https:\/\/galiancogasa.net\/tienda\/producto\/pasta-de-cria-seca-galian-4500-gr-cubo\/#breadcrumb","itemListElement":[{"@type":"ListItem","position":1,"name":"Home","item":"https:\/\/galiancogasa.net\/tienda\/"},{"@type":"ListItem","position":2,"name":"Tienda","item":"https:\/\/galiancogasa.net\/tienda\/tienda\/"},{"@type":"ListItem","position":3,"name":"PASTA DE CRIA SECA GALIAN 4500 GR CUBO"}]},{"@type":"WebSite","@id":"https:\/\/galiancogasa.net\/tienda\/#website","url":"https:\/\/galiancogasa.net\/tienda\/","name":"Galian Cogasa","description":"Tienda Online","publisher":{"@id":"https:\/\/galiancogasa.net\/tienda\/#organization"},"potentialAction":[{"@type":"SearchAction","target":{"@type":"EntryPoint","urlTemplate":"https:\/\/galiancogasa.net\/tienda\/?s={search_term_string}"},"query-input":{"@type":"PropertyValueSpecification","valueRequired":true,"valueName":"search_term_string"}}],"inLanguage":"es"},{"@type":"Organization","@id":"https:\/\/galiancogasa.net\/tienda\/#organization","name":"Galian Cogasa SL","url":"https:\/\/galiancogasa.net\/tienda\/","logo":{"@type":"ImageObject","inLanguage":"es","@id":"https:\/\/galiancogasa.net\/tienda\/#\/schema\/logo\/image\/","url":"https:\/\/galiancogasa.net\/tienda\/wp-content\/uploads\/2024\/01\/logo-galian-v2.png","contentUrl":"https:\/\/galiancogasa.net\/tienda\/wp-content\/uploads\/2024\/01\/logo-galian-v2.png","width":6156,"height":2296,"caption":"Galian Cogasa SL"},"image":{"@id":"https:\/\/galiancogasa.net\/tienda\/#\/schema\/logo\/image\/"}}]}},"_links":{"self":[{"href":"https:\/\/galiancogasa.net\/tienda\/wp-json\/wp\/v2\/product\/6660","targetHints":{"allow":["GET"]}}],"collection":[{"href":"https:\/\/galiancogasa.net\/tienda\/wp-json\/wp\/v2\/product"}],"about":[{"href":"https:\/\/galiancogasa.net\/tienda\/wp-json\/wp\/v2\/types\/product"}],"wp:featuredmedia":[{"embeddable":true,"href":"https:\/\/galiancogasa.net\/tienda\/wp-json\/wp\/v2\/media\/18670"}],"wp:attachment":[{"href":"https:\/\/galiancogasa.net\/tienda\/wp-json\/wp\/v2\/media?parent=6660"}],"wp:term":[{"taxonomy":"product_brand","embeddable":true,"href":"https:\/\/galiancogasa.net\/tienda\/wp-json\/wp\/v2\/product_brand?post=6660"},{"taxonomy":"product_cat","embeddable":true,"href":"https:\/\/galiancogasa.net\/tienda\/wp-json\/wp\/v2\/product_cat?post=6660"},{"taxonomy":"product_tag","embeddable":true,"href":"https:\/\/galiancogasa.net\/tienda\/wp-json\/wp\/v2\/product_tag?post=6660"}],"curies":[{"name":"wp","href":"https:\/\/api.w.org\/{rel}","templated":true}]}}