{"id":6644,"date":"2024-03-17T12:20:32","date_gmt":"2024-03-17T11:20:32","guid":{"rendered":"https:\/\/galiancogasa.net\/tienda\/producto\/pasta-de-cria-roja-galian-5-kg-cubo\/"},"modified":"2026-02-13T21:04:28","modified_gmt":"2026-02-13T20:04:28","slug":"pasta-de-cria-roja-galian-5-kg-cubo","status":"publish","type":"product","link":"https:\/\/galiancogasa.net\/tienda\/producto\/pasta-de-cria-roja-galian-5-kg-cubo\/","title":{"rendered":"PASTA DE CRIA ROJA GALIAN 5 Kg CUBO"},"content":{"rendered":"<p>La pasta de cr\u00eda roja Galian es la elecci\u00f3n ideal para garantizar una alimentaci\u00f3n equilibrada y saludable durante la etapa de cr\u00eda de sus aves. Formulada espec\u00edficamente para satisfacer las necesidades nutricionales de los p\u00e1jaros, esta pasta de cr\u00eda es rica en prote\u00ednas, vitaminas y minerales esenciales que promueven un crecimiento \u00f3ptimo y un plumaje vibrante.<\/p>\n<p><u>Composici\u00f3n<\/u><\/p>\n<p>Cereales panificados, soja micronizada, levadura, huevo en polvo, semilla de n\u00edger, aceite de girasol, carbonato c\u00e1lcico, jarabe de agave.<\/p>\n<p><u>Componentes anal\u00edticos<\/u><\/p>\n<p>Humedad 11,25%, prote\u00ednas 15,63%, grasas 11,40%, fibras 1,88%, cenizas 5,80%,<\/p>\n<p>Oligoelementos: 30mg Hierro (carbonato de hierro (II)(Siderita))(3b101), 3mg Cobre (sulfato c\u00faprico, pentahidratado)(E4), 50mg Manganeso (\u00f3xido de manganeso(II))(3b502), 40mg Cinc (\u00f3xido de cinc)(3b603), 1mg Yodo (Yodato de calcio anhidro granulado recubierto)(3b203), 0,10mg Selenio (selenito de sodio)(E8). Ligantes: 450mg Sepiolita (E562). Conservantes, Antioxidantes. 0,06mg Cantaxantina (2a161g).<\/p>\n<p><u>Formatos disponibles<\/u><\/p>\n<p>25KG envasado en saco (referencia 9512535) y 5KG (referencia 9512530) y 900GR (referencia 9512520) en cubos.<\/p>\n<p><u>Instrucciones de uso<\/u><\/p>\n<p>A libre disposici\u00f3n.<\/p>\n<p><u>Observaciones<\/u><\/p>\n<p>Conservar el producto en lugar fresco y seco. En \u00e9pocas de calor, almacenar la menor cantidad posible.<\/p>\n","protected":false},"excerpt":{"rendered":"<p>La pasta de cr\u00eda roja Galian es la elecci\u00f3n ideal para garantizar una alimentaci\u00f3n equilibrada y saludable durante la etapa de cr\u00eda de sus aves. Formulada espec\u00edficamente para satisfacer las necesidades nutricionales de los p\u00e1jaros, esta pasta de cr\u00eda es rica en prote\u00ednas, vitaminas y minerales esenciales que promueven un crecimiento \u00f3ptimo y un plumaje vibrante.<\/p>\n","protected":false},"featured_media":18657,"template":"","meta":{"_acf_changed":false},"product_brand":[],"product_cat":[151],"product_tag":[],"class_list":{"0":"post-6644","1":"product","2":"type-product","3":"status-publish","4":"has-post-thumbnail","6":"familia_producto-417","7":"product_cat-pastas","9":"first","10":"instock","11":"taxable","12":"shipping-taxable","13":"purchasable","14":"product-type-simple"},"acf":[],"yoast_head":"<!-- This site is optimized with the Yoast SEO Premium plugin v25.2 (Yoast SEO v27.3) - https:\/\/yoast.com\/product\/yoast-seo-premium-wordpress\/ -->\n<title>PASTA DE CRIA ROJA GALIAN 5 Kg CUBO - Galian Cogasa<\/title>\n<meta name=\"robots\" content=\"index, follow, max-snippet:-1, max-image-preview:large, max-video-preview:-1\" \/>\n<link rel=\"canonical\" href=\"https:\/\/galiancogasa.net\/tienda\/producto\/pasta-de-cria-roja-galian-5-kg-cubo\/\" \/>\n<meta property=\"og:locale\" content=\"es_ES\" \/>\n<meta property=\"og:type\" content=\"article\" \/>\n<meta property=\"og:title\" content=\"PASTA DE CRIA ROJA GALIAN 5 Kg CUBO\" \/>\n<meta property=\"og:description\" content=\"La pasta de cr\u00eda roja Galian es la elecci\u00f3n ideal para garantizar una alimentaci\u00f3n equilibrada y saludable durante la etapa de cr\u00eda de sus aves. Formulada espec\u00edficamente para satisfacer las necesidades nutricionales de los p\u00e1jaros, esta pasta de cr\u00eda es rica en prote\u00ednas, vitaminas y minerales esenciales que promueven un crecimiento \u00f3ptimo y un plumaje vibrante.\" \/>\n<meta property=\"og:url\" content=\"https:\/\/galiancogasa.net\/tienda\/producto\/pasta-de-cria-roja-galian-5-kg-cubo\/\" \/>\n<meta property=\"og:site_name\" content=\"Galian Cogasa\" \/>\n<meta property=\"article:modified_time\" content=\"2026-02-13T20:04:28+00:00\" \/>\n<meta property=\"og:image\" content=\"https:\/\/galiancogasa.net\/tienda\/wp-content\/uploads\/2024\/03\/9512530.jpg\" \/>\n\t<meta property=\"og:image:width\" content=\"1080\" \/>\n\t<meta property=\"og:image:height\" content=\"1080\" \/>\n\t<meta property=\"og:image:type\" content=\"image\/jpeg\" \/>\n<meta name=\"twitter:card\" content=\"summary_large_image\" \/>\n<meta name=\"twitter:label1\" content=\"Tiempo de lectura\" \/>\n\t<meta name=\"twitter:data1\" content=\"1 minuto\" \/>\n<script type=\"application\/ld+json\" class=\"yoast-schema-graph\">{\"@context\":\"https:\\\/\\\/schema.org\",\"@graph\":[{\"@type\":\"WebPage\",\"@id\":\"https:\\\/\\\/galiancogasa.net\\\/tienda\\\/producto\\\/pasta-de-cria-roja-galian-5-kg-cubo\\\/\",\"url\":\"https:\\\/\\\/galiancogasa.net\\\/tienda\\\/producto\\\/pasta-de-cria-roja-galian-5-kg-cubo\\\/\",\"name\":\"PASTA DE CRIA ROJA GALIAN 5 Kg CUBO - Galian Cogasa\",\"isPartOf\":{\"@id\":\"https:\\\/\\\/galiancogasa.net\\\/tienda\\\/#website\"},\"primaryImageOfPage\":{\"@id\":\"https:\\\/\\\/galiancogasa.net\\\/tienda\\\/producto\\\/pasta-de-cria-roja-galian-5-kg-cubo\\\/#primaryimage\"},\"image\":{\"@id\":\"https:\\\/\\\/galiancogasa.net\\\/tienda\\\/producto\\\/pasta-de-cria-roja-galian-5-kg-cubo\\\/#primaryimage\"},\"thumbnailUrl\":\"https:\\\/\\\/galiancogasa.net\\\/tienda\\\/wp-content\\\/uploads\\\/2024\\\/03\\\/9512530.jpg\",\"datePublished\":\"2024-03-17T11:20:32+00:00\",\"dateModified\":\"2026-02-13T20:04:28+00:00\",\"breadcrumb\":{\"@id\":\"https:\\\/\\\/galiancogasa.net\\\/tienda\\\/producto\\\/pasta-de-cria-roja-galian-5-kg-cubo\\\/#breadcrumb\"},\"inLanguage\":\"es\",\"potentialAction\":[{\"@type\":\"ReadAction\",\"target\":[\"https:\\\/\\\/galiancogasa.net\\\/tienda\\\/producto\\\/pasta-de-cria-roja-galian-5-kg-cubo\\\/\"]}]},{\"@type\":\"ImageObject\",\"inLanguage\":\"es\",\"@id\":\"https:\\\/\\\/galiancogasa.net\\\/tienda\\\/producto\\\/pasta-de-cria-roja-galian-5-kg-cubo\\\/#primaryimage\",\"url\":\"https:\\\/\\\/galiancogasa.net\\\/tienda\\\/wp-content\\\/uploads\\\/2024\\\/03\\\/9512530.jpg\",\"contentUrl\":\"https:\\\/\\\/galiancogasa.net\\\/tienda\\\/wp-content\\\/uploads\\\/2024\\\/03\\\/9512530.jpg\",\"width\":1080,\"height\":1080},{\"@type\":\"BreadcrumbList\",\"@id\":\"https:\\\/\\\/galiancogasa.net\\\/tienda\\\/producto\\\/pasta-de-cria-roja-galian-5-kg-cubo\\\/#breadcrumb\",\"itemListElement\":[{\"@type\":\"ListItem\",\"position\":1,\"name\":\"Home\",\"item\":\"https:\\\/\\\/galiancogasa.net\\\/tienda\\\/\"},{\"@type\":\"ListItem\",\"position\":2,\"name\":\"Tienda\",\"item\":\"https:\\\/\\\/galiancogasa.net\\\/tienda\\\/tienda\\\/\"},{\"@type\":\"ListItem\",\"position\":3,\"name\":\"PASTA DE CRIA ROJA GALIAN 5 Kg CUBO\"}]},{\"@type\":\"WebSite\",\"@id\":\"https:\\\/\\\/galiancogasa.net\\\/tienda\\\/#website\",\"url\":\"https:\\\/\\\/galiancogasa.net\\\/tienda\\\/\",\"name\":\"Galian Cogasa\",\"description\":\"Tienda Online\",\"publisher\":{\"@id\":\"https:\\\/\\\/galiancogasa.net\\\/tienda\\\/#organization\"},\"potentialAction\":[{\"@type\":\"SearchAction\",\"target\":{\"@type\":\"EntryPoint\",\"urlTemplate\":\"https:\\\/\\\/galiancogasa.net\\\/tienda\\\/?s={search_term_string}\"},\"query-input\":{\"@type\":\"PropertyValueSpecification\",\"valueRequired\":true,\"valueName\":\"search_term_string\"}}],\"inLanguage\":\"es\"},{\"@type\":\"Organization\",\"@id\":\"https:\\\/\\\/galiancogasa.net\\\/tienda\\\/#organization\",\"name\":\"Galian Cogasa SL\",\"url\":\"https:\\\/\\\/galiancogasa.net\\\/tienda\\\/\",\"logo\":{\"@type\":\"ImageObject\",\"inLanguage\":\"es\",\"@id\":\"https:\\\/\\\/galiancogasa.net\\\/tienda\\\/#\\\/schema\\\/logo\\\/image\\\/\",\"url\":\"https:\\\/\\\/galiancogasa.net\\\/tienda\\\/wp-content\\\/uploads\\\/2024\\\/01\\\/logo-galian-v2.png\",\"contentUrl\":\"https:\\\/\\\/galiancogasa.net\\\/tienda\\\/wp-content\\\/uploads\\\/2024\\\/01\\\/logo-galian-v2.png\",\"width\":6156,\"height\":2296,\"caption\":\"Galian Cogasa SL\"},\"image\":{\"@id\":\"https:\\\/\\\/galiancogasa.net\\\/tienda\\\/#\\\/schema\\\/logo\\\/image\\\/\"}}]}<\/script>\n<!-- \/ Yoast SEO Premium plugin. -->","yoast_head_json":{"title":"PASTA DE CRIA ROJA GALIAN 5 Kg CUBO - Galian Cogasa","robots":{"index":"index","follow":"follow","max-snippet":"max-snippet:-1","max-image-preview":"max-image-preview:large","max-video-preview":"max-video-preview:-1"},"canonical":"https:\/\/galiancogasa.net\/tienda\/producto\/pasta-de-cria-roja-galian-5-kg-cubo\/","og_locale":"es_ES","og_type":"article","og_title":"PASTA DE CRIA ROJA GALIAN 5 Kg CUBO","og_description":"La pasta de cr\u00eda roja Galian es la elecci\u00f3n ideal para garantizar una alimentaci\u00f3n equilibrada y saludable durante la etapa de cr\u00eda de sus aves. Formulada espec\u00edficamente para satisfacer las necesidades nutricionales de los p\u00e1jaros, esta pasta de cr\u00eda es rica en prote\u00ednas, vitaminas y minerales esenciales que promueven un crecimiento \u00f3ptimo y un plumaje vibrante.","og_url":"https:\/\/galiancogasa.net\/tienda\/producto\/pasta-de-cria-roja-galian-5-kg-cubo\/","og_site_name":"Galian Cogasa","article_modified_time":"2026-02-13T20:04:28+00:00","og_image":[{"width":1080,"height":1080,"url":"https:\/\/galiancogasa.net\/tienda\/wp-content\/uploads\/2024\/03\/9512530.jpg","type":"image\/jpeg"}],"twitter_card":"summary_large_image","twitter_misc":{"Tiempo de lectura":"1 minuto"},"schema":{"@context":"https:\/\/schema.org","@graph":[{"@type":"WebPage","@id":"https:\/\/galiancogasa.net\/tienda\/producto\/pasta-de-cria-roja-galian-5-kg-cubo\/","url":"https:\/\/galiancogasa.net\/tienda\/producto\/pasta-de-cria-roja-galian-5-kg-cubo\/","name":"PASTA DE CRIA ROJA GALIAN 5 Kg CUBO - Galian Cogasa","isPartOf":{"@id":"https:\/\/galiancogasa.net\/tienda\/#website"},"primaryImageOfPage":{"@id":"https:\/\/galiancogasa.net\/tienda\/producto\/pasta-de-cria-roja-galian-5-kg-cubo\/#primaryimage"},"image":{"@id":"https:\/\/galiancogasa.net\/tienda\/producto\/pasta-de-cria-roja-galian-5-kg-cubo\/#primaryimage"},"thumbnailUrl":"https:\/\/galiancogasa.net\/tienda\/wp-content\/uploads\/2024\/03\/9512530.jpg","datePublished":"2024-03-17T11:20:32+00:00","dateModified":"2026-02-13T20:04:28+00:00","breadcrumb":{"@id":"https:\/\/galiancogasa.net\/tienda\/producto\/pasta-de-cria-roja-galian-5-kg-cubo\/#breadcrumb"},"inLanguage":"es","potentialAction":[{"@type":"ReadAction","target":["https:\/\/galiancogasa.net\/tienda\/producto\/pasta-de-cria-roja-galian-5-kg-cubo\/"]}]},{"@type":"ImageObject","inLanguage":"es","@id":"https:\/\/galiancogasa.net\/tienda\/producto\/pasta-de-cria-roja-galian-5-kg-cubo\/#primaryimage","url":"https:\/\/galiancogasa.net\/tienda\/wp-content\/uploads\/2024\/03\/9512530.jpg","contentUrl":"https:\/\/galiancogasa.net\/tienda\/wp-content\/uploads\/2024\/03\/9512530.jpg","width":1080,"height":1080},{"@type":"BreadcrumbList","@id":"https:\/\/galiancogasa.net\/tienda\/producto\/pasta-de-cria-roja-galian-5-kg-cubo\/#breadcrumb","itemListElement":[{"@type":"ListItem","position":1,"name":"Home","item":"https:\/\/galiancogasa.net\/tienda\/"},{"@type":"ListItem","position":2,"name":"Tienda","item":"https:\/\/galiancogasa.net\/tienda\/tienda\/"},{"@type":"ListItem","position":3,"name":"PASTA DE CRIA ROJA GALIAN 5 Kg CUBO"}]},{"@type":"WebSite","@id":"https:\/\/galiancogasa.net\/tienda\/#website","url":"https:\/\/galiancogasa.net\/tienda\/","name":"Galian Cogasa","description":"Tienda Online","publisher":{"@id":"https:\/\/galiancogasa.net\/tienda\/#organization"},"potentialAction":[{"@type":"SearchAction","target":{"@type":"EntryPoint","urlTemplate":"https:\/\/galiancogasa.net\/tienda\/?s={search_term_string}"},"query-input":{"@type":"PropertyValueSpecification","valueRequired":true,"valueName":"search_term_string"}}],"inLanguage":"es"},{"@type":"Organization","@id":"https:\/\/galiancogasa.net\/tienda\/#organization","name":"Galian Cogasa SL","url":"https:\/\/galiancogasa.net\/tienda\/","logo":{"@type":"ImageObject","inLanguage":"es","@id":"https:\/\/galiancogasa.net\/tienda\/#\/schema\/logo\/image\/","url":"https:\/\/galiancogasa.net\/tienda\/wp-content\/uploads\/2024\/01\/logo-galian-v2.png","contentUrl":"https:\/\/galiancogasa.net\/tienda\/wp-content\/uploads\/2024\/01\/logo-galian-v2.png","width":6156,"height":2296,"caption":"Galian Cogasa SL"},"image":{"@id":"https:\/\/galiancogasa.net\/tienda\/#\/schema\/logo\/image\/"}}]}},"_links":{"self":[{"href":"https:\/\/galiancogasa.net\/tienda\/wp-json\/wp\/v2\/product\/6644","targetHints":{"allow":["GET"]}}],"collection":[{"href":"https:\/\/galiancogasa.net\/tienda\/wp-json\/wp\/v2\/product"}],"about":[{"href":"https:\/\/galiancogasa.net\/tienda\/wp-json\/wp\/v2\/types\/product"}],"wp:featuredmedia":[{"embeddable":true,"href":"https:\/\/galiancogasa.net\/tienda\/wp-json\/wp\/v2\/media\/18657"}],"wp:attachment":[{"href":"https:\/\/galiancogasa.net\/tienda\/wp-json\/wp\/v2\/media?parent=6644"}],"wp:term":[{"taxonomy":"product_brand","embeddable":true,"href":"https:\/\/galiancogasa.net\/tienda\/wp-json\/wp\/v2\/product_brand?post=6644"},{"taxonomy":"product_cat","embeddable":true,"href":"https:\/\/galiancogasa.net\/tienda\/wp-json\/wp\/v2\/product_cat?post=6644"},{"taxonomy":"product_tag","embeddable":true,"href":"https:\/\/galiancogasa.net\/tienda\/wp-json\/wp\/v2\/product_tag?post=6644"}],"curies":[{"name":"wp","href":"https:\/\/api.w.org\/{rel}","templated":true}]}}