{"id":6631,"date":"2024-03-17T12:19:39","date_gmt":"2024-03-17T11:19:39","guid":{"rendered":"https:\/\/galiancogasa.net\/tienda\/producto\/snack-loros-galian-classic-3400-gr-cubo\/"},"modified":"2026-02-13T21:04:14","modified_gmt":"2026-02-13T20:04:14","slug":"snack-loros-galian-classic-3400-gr-cubo","status":"publish","type":"product","link":"https:\/\/galiancogasa.net\/tienda\/producto\/snack-loros-galian-classic-3400-gr-cubo\/","title":{"rendered":"SNACK LOROS GALIAN CLASSIC 3400 GR CUBO"},"content":{"rendered":"<p>Snack Loros Galian Classic est\u00e1 dise\u00f1ado para proporcionar una nutrici\u00f3n balanceada y deliciosa para loros. Elaborado con ingredientes de alta calidad y presentado en divertidas formas extrusionadas, este pienso no solo satisface el paladar de tu loro, sino que tambi\u00e9n contribuye a su bienestar general.<\/p>\n<p><u>Composici\u00f3n<\/u><\/p>\n<p>Harina de soja, harina de cebada, harina de guisante, harina de ma\u00edz, harina de trigo, harina de naranja deshidratada, harina de manzana deshidratada, huevo en polvo, alfalfa deshidratada, carbonato c\u00e1lcico, yogur, levadura, aceite de girasol.<\/p>\n<p><u>Componentes anal\u00edticos<\/u><\/p>\n<p>Prote\u00edna bruta 16,5%, materia grasa bruta 5%, celulosa bruta 6,8%, cenizas brutas 4,88%, humedad m\u00e1xima 9%.<\/p>\n<p>Aditivos del extrusionado (por 1kg de producto): Vitaminas; 2000UI Vitamina D3 (3a671). Oligoelementos: 30mg Hierro (carbonato de hierro (II) (siderita))(3b101), 3mg Cobre (sulfato c\u00faprico, pentahidratado)(E4), 50mg Manganeso (\u00f3xido de manganeso (II)), 40mg Cinc (\u00f3xido de cinc)(3b603), 1mg Yodo (Yodato de calcio anhidro granulado recubierto)(3b203), 0,10mg Selenio (selenito de sodio)(E8). Ligantes: 450mg Sepiolita (E562). Conservantes, Antioxidantes, Colorantes.<\/p>\n<p><u>Formatos disponibles<\/u><\/p>\n<p>20KG envasado en saco (referencia 9512132) y 3,4KG (referencia 9512134) y 620GR (referencia 9512136) en cubos.<\/p>\n<p><u>Instrucciones de uso<\/u><\/p>\n<p>A libre disposici\u00f3n o racionado.<\/p>\n<p><u>Observaciones<\/u><\/p>\n<p>Conservar en lugar fresco y seco. En \u00e9pocas de calor almacenar la menor cantidad posible.<\/p>\n","protected":false},"excerpt":{"rendered":"<p>Snack Loros Galian Classic est\u00e1 dise\u00f1ado para proporcionar una nutrici\u00f3n balanceada y deliciosa para loros. Elaborado con ingredientes de alta calidad y presentado en divertidas formas extrusionadas, este pienso no solo satisface el paladar de tu loro, sino que tambi\u00e9n contribuye a su bienestar general.<\/p>\n","protected":false},"featured_media":18682,"template":"","meta":{"_acf_changed":false},"product_brand":[],"product_cat":[151],"product_tag":[],"class_list":{"0":"post-6631","1":"product","2":"type-product","3":"status-publish","4":"has-post-thumbnail","6":"familia_producto-417","7":"product_cat-pastas","9":"first","10":"instock","11":"taxable","12":"shipping-taxable","13":"purchasable","14":"product-type-simple"},"acf":[],"yoast_head":"<!-- This site is optimized with the Yoast SEO Premium plugin v25.2 (Yoast SEO v27.3) - https:\/\/yoast.com\/product\/yoast-seo-premium-wordpress\/ -->\n<title>SNACK LOROS GALIAN CLASSIC 3400 GR CUBO - Galian Cogasa<\/title>\n<meta name=\"robots\" content=\"index, follow, max-snippet:-1, max-image-preview:large, max-video-preview:-1\" \/>\n<link rel=\"canonical\" href=\"https:\/\/galiancogasa.net\/tienda\/producto\/snack-loros-galian-classic-3400-gr-cubo\/\" \/>\n<meta property=\"og:locale\" content=\"es_ES\" \/>\n<meta property=\"og:type\" content=\"article\" \/>\n<meta property=\"og:title\" content=\"SNACK LOROS GALIAN CLASSIC 3400 GR CUBO\" \/>\n<meta property=\"og:description\" content=\"Snack Loros Galian Classic est\u00e1 dise\u00f1ado para proporcionar una nutrici\u00f3n balanceada y deliciosa para loros. Elaborado con ingredientes de alta calidad y presentado en divertidas formas extrusionadas, este pienso no solo satisface el paladar de tu loro, sino que tambi\u00e9n contribuye a su bienestar general.\" \/>\n<meta property=\"og:url\" content=\"https:\/\/galiancogasa.net\/tienda\/producto\/snack-loros-galian-classic-3400-gr-cubo\/\" \/>\n<meta property=\"og:site_name\" content=\"Galian Cogasa\" \/>\n<meta property=\"article:modified_time\" content=\"2026-02-13T20:04:14+00:00\" \/>\n<meta property=\"og:image\" content=\"https:\/\/galiancogasa.net\/tienda\/wp-content\/uploads\/2024\/03\/9512134.jpg\" \/>\n\t<meta property=\"og:image:width\" content=\"1080\" \/>\n\t<meta property=\"og:image:height\" content=\"1080\" \/>\n\t<meta property=\"og:image:type\" content=\"image\/jpeg\" \/>\n<meta name=\"twitter:card\" content=\"summary_large_image\" \/>\n<meta name=\"twitter:label1\" content=\"Tiempo de lectura\" \/>\n\t<meta name=\"twitter:data1\" content=\"2 minutos\" \/>\n<script type=\"application\/ld+json\" class=\"yoast-schema-graph\">{\"@context\":\"https:\\\/\\\/schema.org\",\"@graph\":[{\"@type\":\"WebPage\",\"@id\":\"https:\\\/\\\/galiancogasa.net\\\/tienda\\\/producto\\\/snack-loros-galian-classic-3400-gr-cubo\\\/\",\"url\":\"https:\\\/\\\/galiancogasa.net\\\/tienda\\\/producto\\\/snack-loros-galian-classic-3400-gr-cubo\\\/\",\"name\":\"SNACK LOROS GALIAN CLASSIC 3400 GR CUBO - Galian Cogasa\",\"isPartOf\":{\"@id\":\"https:\\\/\\\/galiancogasa.net\\\/tienda\\\/#website\"},\"primaryImageOfPage\":{\"@id\":\"https:\\\/\\\/galiancogasa.net\\\/tienda\\\/producto\\\/snack-loros-galian-classic-3400-gr-cubo\\\/#primaryimage\"},\"image\":{\"@id\":\"https:\\\/\\\/galiancogasa.net\\\/tienda\\\/producto\\\/snack-loros-galian-classic-3400-gr-cubo\\\/#primaryimage\"},\"thumbnailUrl\":\"https:\\\/\\\/galiancogasa.net\\\/tienda\\\/wp-content\\\/uploads\\\/2024\\\/03\\\/9512134.jpg\",\"datePublished\":\"2024-03-17T11:19:39+00:00\",\"dateModified\":\"2026-02-13T20:04:14+00:00\",\"breadcrumb\":{\"@id\":\"https:\\\/\\\/galiancogasa.net\\\/tienda\\\/producto\\\/snack-loros-galian-classic-3400-gr-cubo\\\/#breadcrumb\"},\"inLanguage\":\"es\",\"potentialAction\":[{\"@type\":\"ReadAction\",\"target\":[\"https:\\\/\\\/galiancogasa.net\\\/tienda\\\/producto\\\/snack-loros-galian-classic-3400-gr-cubo\\\/\"]}]},{\"@type\":\"ImageObject\",\"inLanguage\":\"es\",\"@id\":\"https:\\\/\\\/galiancogasa.net\\\/tienda\\\/producto\\\/snack-loros-galian-classic-3400-gr-cubo\\\/#primaryimage\",\"url\":\"https:\\\/\\\/galiancogasa.net\\\/tienda\\\/wp-content\\\/uploads\\\/2024\\\/03\\\/9512134.jpg\",\"contentUrl\":\"https:\\\/\\\/galiancogasa.net\\\/tienda\\\/wp-content\\\/uploads\\\/2024\\\/03\\\/9512134.jpg\",\"width\":1080,\"height\":1080},{\"@type\":\"BreadcrumbList\",\"@id\":\"https:\\\/\\\/galiancogasa.net\\\/tienda\\\/producto\\\/snack-loros-galian-classic-3400-gr-cubo\\\/#breadcrumb\",\"itemListElement\":[{\"@type\":\"ListItem\",\"position\":1,\"name\":\"Home\",\"item\":\"https:\\\/\\\/galiancogasa.net\\\/tienda\\\/\"},{\"@type\":\"ListItem\",\"position\":2,\"name\":\"Tienda\",\"item\":\"https:\\\/\\\/galiancogasa.net\\\/tienda\\\/tienda\\\/\"},{\"@type\":\"ListItem\",\"position\":3,\"name\":\"SNACK LOROS GALIAN CLASSIC 3400 GR CUBO\"}]},{\"@type\":\"WebSite\",\"@id\":\"https:\\\/\\\/galiancogasa.net\\\/tienda\\\/#website\",\"url\":\"https:\\\/\\\/galiancogasa.net\\\/tienda\\\/\",\"name\":\"Galian Cogasa\",\"description\":\"Tienda Online\",\"publisher\":{\"@id\":\"https:\\\/\\\/galiancogasa.net\\\/tienda\\\/#organization\"},\"potentialAction\":[{\"@type\":\"SearchAction\",\"target\":{\"@type\":\"EntryPoint\",\"urlTemplate\":\"https:\\\/\\\/galiancogasa.net\\\/tienda\\\/?s={search_term_string}\"},\"query-input\":{\"@type\":\"PropertyValueSpecification\",\"valueRequired\":true,\"valueName\":\"search_term_string\"}}],\"inLanguage\":\"es\"},{\"@type\":\"Organization\",\"@id\":\"https:\\\/\\\/galiancogasa.net\\\/tienda\\\/#organization\",\"name\":\"Galian Cogasa SL\",\"url\":\"https:\\\/\\\/galiancogasa.net\\\/tienda\\\/\",\"logo\":{\"@type\":\"ImageObject\",\"inLanguage\":\"es\",\"@id\":\"https:\\\/\\\/galiancogasa.net\\\/tienda\\\/#\\\/schema\\\/logo\\\/image\\\/\",\"url\":\"https:\\\/\\\/galiancogasa.net\\\/tienda\\\/wp-content\\\/uploads\\\/2024\\\/01\\\/logo-galian-v2.png\",\"contentUrl\":\"https:\\\/\\\/galiancogasa.net\\\/tienda\\\/wp-content\\\/uploads\\\/2024\\\/01\\\/logo-galian-v2.png\",\"width\":6156,\"height\":2296,\"caption\":\"Galian Cogasa SL\"},\"image\":{\"@id\":\"https:\\\/\\\/galiancogasa.net\\\/tienda\\\/#\\\/schema\\\/logo\\\/image\\\/\"}}]}<\/script>\n<!-- \/ Yoast SEO Premium plugin. -->","yoast_head_json":{"title":"SNACK LOROS GALIAN CLASSIC 3400 GR CUBO - Galian Cogasa","robots":{"index":"index","follow":"follow","max-snippet":"max-snippet:-1","max-image-preview":"max-image-preview:large","max-video-preview":"max-video-preview:-1"},"canonical":"https:\/\/galiancogasa.net\/tienda\/producto\/snack-loros-galian-classic-3400-gr-cubo\/","og_locale":"es_ES","og_type":"article","og_title":"SNACK LOROS GALIAN CLASSIC 3400 GR CUBO","og_description":"Snack Loros Galian Classic est\u00e1 dise\u00f1ado para proporcionar una nutrici\u00f3n balanceada y deliciosa para loros. Elaborado con ingredientes de alta calidad y presentado en divertidas formas extrusionadas, este pienso no solo satisface el paladar de tu loro, sino que tambi\u00e9n contribuye a su bienestar general.","og_url":"https:\/\/galiancogasa.net\/tienda\/producto\/snack-loros-galian-classic-3400-gr-cubo\/","og_site_name":"Galian Cogasa","article_modified_time":"2026-02-13T20:04:14+00:00","og_image":[{"width":1080,"height":1080,"url":"https:\/\/galiancogasa.net\/tienda\/wp-content\/uploads\/2024\/03\/9512134.jpg","type":"image\/jpeg"}],"twitter_card":"summary_large_image","twitter_misc":{"Tiempo de lectura":"2 minutos"},"schema":{"@context":"https:\/\/schema.org","@graph":[{"@type":"WebPage","@id":"https:\/\/galiancogasa.net\/tienda\/producto\/snack-loros-galian-classic-3400-gr-cubo\/","url":"https:\/\/galiancogasa.net\/tienda\/producto\/snack-loros-galian-classic-3400-gr-cubo\/","name":"SNACK LOROS GALIAN CLASSIC 3400 GR CUBO - Galian Cogasa","isPartOf":{"@id":"https:\/\/galiancogasa.net\/tienda\/#website"},"primaryImageOfPage":{"@id":"https:\/\/galiancogasa.net\/tienda\/producto\/snack-loros-galian-classic-3400-gr-cubo\/#primaryimage"},"image":{"@id":"https:\/\/galiancogasa.net\/tienda\/producto\/snack-loros-galian-classic-3400-gr-cubo\/#primaryimage"},"thumbnailUrl":"https:\/\/galiancogasa.net\/tienda\/wp-content\/uploads\/2024\/03\/9512134.jpg","datePublished":"2024-03-17T11:19:39+00:00","dateModified":"2026-02-13T20:04:14+00:00","breadcrumb":{"@id":"https:\/\/galiancogasa.net\/tienda\/producto\/snack-loros-galian-classic-3400-gr-cubo\/#breadcrumb"},"inLanguage":"es","potentialAction":[{"@type":"ReadAction","target":["https:\/\/galiancogasa.net\/tienda\/producto\/snack-loros-galian-classic-3400-gr-cubo\/"]}]},{"@type":"ImageObject","inLanguage":"es","@id":"https:\/\/galiancogasa.net\/tienda\/producto\/snack-loros-galian-classic-3400-gr-cubo\/#primaryimage","url":"https:\/\/galiancogasa.net\/tienda\/wp-content\/uploads\/2024\/03\/9512134.jpg","contentUrl":"https:\/\/galiancogasa.net\/tienda\/wp-content\/uploads\/2024\/03\/9512134.jpg","width":1080,"height":1080},{"@type":"BreadcrumbList","@id":"https:\/\/galiancogasa.net\/tienda\/producto\/snack-loros-galian-classic-3400-gr-cubo\/#breadcrumb","itemListElement":[{"@type":"ListItem","position":1,"name":"Home","item":"https:\/\/galiancogasa.net\/tienda\/"},{"@type":"ListItem","position":2,"name":"Tienda","item":"https:\/\/galiancogasa.net\/tienda\/tienda\/"},{"@type":"ListItem","position":3,"name":"SNACK LOROS GALIAN CLASSIC 3400 GR CUBO"}]},{"@type":"WebSite","@id":"https:\/\/galiancogasa.net\/tienda\/#website","url":"https:\/\/galiancogasa.net\/tienda\/","name":"Galian Cogasa","description":"Tienda Online","publisher":{"@id":"https:\/\/galiancogasa.net\/tienda\/#organization"},"potentialAction":[{"@type":"SearchAction","target":{"@type":"EntryPoint","urlTemplate":"https:\/\/galiancogasa.net\/tienda\/?s={search_term_string}"},"query-input":{"@type":"PropertyValueSpecification","valueRequired":true,"valueName":"search_term_string"}}],"inLanguage":"es"},{"@type":"Organization","@id":"https:\/\/galiancogasa.net\/tienda\/#organization","name":"Galian Cogasa SL","url":"https:\/\/galiancogasa.net\/tienda\/","logo":{"@type":"ImageObject","inLanguage":"es","@id":"https:\/\/galiancogasa.net\/tienda\/#\/schema\/logo\/image\/","url":"https:\/\/galiancogasa.net\/tienda\/wp-content\/uploads\/2024\/01\/logo-galian-v2.png","contentUrl":"https:\/\/galiancogasa.net\/tienda\/wp-content\/uploads\/2024\/01\/logo-galian-v2.png","width":6156,"height":2296,"caption":"Galian Cogasa SL"},"image":{"@id":"https:\/\/galiancogasa.net\/tienda\/#\/schema\/logo\/image\/"}}]}},"_links":{"self":[{"href":"https:\/\/galiancogasa.net\/tienda\/wp-json\/wp\/v2\/product\/6631","targetHints":{"allow":["GET"]}}],"collection":[{"href":"https:\/\/galiancogasa.net\/tienda\/wp-json\/wp\/v2\/product"}],"about":[{"href":"https:\/\/galiancogasa.net\/tienda\/wp-json\/wp\/v2\/types\/product"}],"wp:featuredmedia":[{"embeddable":true,"href":"https:\/\/galiancogasa.net\/tienda\/wp-json\/wp\/v2\/media\/18682"}],"wp:attachment":[{"href":"https:\/\/galiancogasa.net\/tienda\/wp-json\/wp\/v2\/media?parent=6631"}],"wp:term":[{"taxonomy":"product_brand","embeddable":true,"href":"https:\/\/galiancogasa.net\/tienda\/wp-json\/wp\/v2\/product_brand?post=6631"},{"taxonomy":"product_cat","embeddable":true,"href":"https:\/\/galiancogasa.net\/tienda\/wp-json\/wp\/v2\/product_cat?post=6631"},{"taxonomy":"product_tag","embeddable":true,"href":"https:\/\/galiancogasa.net\/tienda\/wp-json\/wp\/v2\/product_tag?post=6631"}],"curies":[{"name":"wp","href":"https:\/\/api.w.org\/{rel}","templated":true}]}}