{"id":6627,"date":"2024-03-17T12:19:19","date_gmt":"2024-03-17T11:19:19","guid":{"rendered":"https:\/\/galiancogasa.net\/tienda\/producto\/snack-loros-galian-820-gr-cubo\/"},"modified":"2026-02-13T21:04:08","modified_gmt":"2026-02-13T20:04:08","slug":"snack-loros-galian-820-gr-cubo","status":"publish","type":"product","link":"https:\/\/galiancogasa.net\/tienda\/producto\/snack-loros-galian-820-gr-cubo\/","title":{"rendered":"SNACK LOROS GALIAN 820 GR CUBO"},"content":{"rendered":"<p>Formulado espec\u00edficamente para satisfacer las necesidades diet\u00e9ticas de tu loro, el pienso extrusionado Snack Loros Galian combina ingredientes de alta calidad para proporcionar una alimentaci\u00f3n balanceada y deliciosa.<\/p>\n<p><u>Composici\u00f3n<\/u><\/p>\n<p>Ma\u00edz (modificado gen\u00e9ticamente), soja (modificada gen\u00e9ticamente), aceite de girasol, levadura de cerveza, linaza, frutas.<\/p>\n<p><u>Componentes anal\u00edticos<\/u><\/p>\n<p>Prote\u00edna bruta 17%, aceites y grasas brutas 9%, fibra bruta 3,2%, cenizas 6,5%, f\u00f3sforo (fosfato dic\u00e1lcico) 0,44%, calcio (carbonato c\u00e1lcico), sodio 0,2%, metionina 0,51%, lisina 1,35%.<\/p>\n<p>Aditivos del extrusionado: Nutricionales: Vitamina A (E672) 10000UI\/kg, Vitamina D3 (E3671) 3000UI\/kg, Vitamina E (alfatocoferol) 30mgr\/kg, Vitamina K3 2,20mgr\/kg, Vitamina B1 2,20mgr\/kg, Vitamina B2 5,50mgr\/kg, Vitamina B6 4,40mgr\/kg, Vitamina B12 16mg\/kg, Vitamina C 1000mgr\/kg, \u00c1cido nicot\u00ednico 66mgr\/kg, \u00c1cido pantot\u00e9nico 12mgr\/kg, \u00c1cido f\u00f3lico 1mgr\/kg, Cloruro de colina 500mgr\/kg, Biotina 0,20mgr\/kg, Zinc (\u00f3xido)(E6) 75mgr\/kg, Cobalto (carbonato)(E3) 0,30mgr\/kg, Manganeso (\u00f3xido)(E5) 100mgr\/kg, Hierro (sulfato ferroso)(E1) 100mgr\/kg, Cobre (sul c\u00faprico pentah.)(E4) 8mgr\/kg, Selenio (selenito s\u00f3dico)(E8) 0,30mgr\/kg, Yodo (ioduro pot\u00e1sico)(E2) 0,85mgr\/kg. Tecnol\u00f3gicos: BHT(E321) 125mgr\/kg.<\/p>\n<p><u>Formatos disponibles<\/u><\/p>\n<p>20KG envasado en saco (referencia 9512130) y 4,2KG (referencia 9512125) y 820GR (referencia 9512120) en cubos.<\/p>\n<p><u>Instrucciones de uso<\/u><\/p>\n<p>A libre disposici\u00f3n o racionado.<\/p>\n<p><u>Observaciones<\/u><\/p>\n<p>Conservar en lugar fresco y seco. En \u00e9pocas de calor almacenar la menor cantidad posible.<\/p>\n","protected":false},"excerpt":{"rendered":"<p>Formulado espec\u00edficamente para satisfacer las necesidades diet\u00e9ticas de tu loro, el pienso extrusionado Snack Loros Galian combina ingredientes de alta calidad para proporcionar una alimentaci\u00f3n balanceada y deliciosa.<\/p>\n","protected":false},"featured_media":18678,"template":"","meta":{"_acf_changed":false},"product_brand":[],"product_cat":[151],"product_tag":[],"class_list":{"0":"post-6627","1":"product","2":"type-product","3":"status-publish","4":"has-post-thumbnail","6":"familia_producto-416","7":"product_cat-pastas","9":"first","10":"instock","11":"taxable","12":"shipping-taxable","13":"purchasable","14":"product-type-simple"},"acf":[],"yoast_head":"<!-- This site is optimized with the Yoast SEO Premium plugin v25.2 (Yoast SEO v27.3) - https:\/\/yoast.com\/product\/yoast-seo-premium-wordpress\/ -->\n<title>SNACK LOROS GALIAN 820 GR CUBO - Galian Cogasa<\/title>\n<meta name=\"robots\" content=\"index, follow, max-snippet:-1, max-image-preview:large, max-video-preview:-1\" \/>\n<link rel=\"canonical\" href=\"https:\/\/galiancogasa.net\/tienda\/producto\/snack-loros-galian-820-gr-cubo\/\" \/>\n<meta property=\"og:locale\" content=\"es_ES\" \/>\n<meta property=\"og:type\" content=\"article\" \/>\n<meta property=\"og:title\" content=\"SNACK LOROS GALIAN 820 GR CUBO\" \/>\n<meta property=\"og:description\" content=\"Formulado espec\u00edficamente para satisfacer las necesidades diet\u00e9ticas de tu loro, el pienso extrusionado Snack Loros Galian combina ingredientes de alta calidad para proporcionar una alimentaci\u00f3n balanceada y deliciosa.\" \/>\n<meta property=\"og:url\" content=\"https:\/\/galiancogasa.net\/tienda\/producto\/snack-loros-galian-820-gr-cubo\/\" \/>\n<meta property=\"og:site_name\" content=\"Galian Cogasa\" \/>\n<meta property=\"article:modified_time\" content=\"2026-02-13T20:04:08+00:00\" \/>\n<meta property=\"og:image\" content=\"https:\/\/galiancogasa.net\/tienda\/wp-content\/uploads\/2024\/03\/9512120.jpg\" \/>\n\t<meta property=\"og:image:width\" content=\"1080\" \/>\n\t<meta property=\"og:image:height\" content=\"1080\" \/>\n\t<meta property=\"og:image:type\" content=\"image\/jpeg\" \/>\n<meta name=\"twitter:card\" content=\"summary_large_image\" \/>\n<meta name=\"twitter:label1\" content=\"Tiempo de lectura\" \/>\n\t<meta name=\"twitter:data1\" content=\"2 minutos\" \/>\n<script type=\"application\/ld+json\" class=\"yoast-schema-graph\">{\"@context\":\"https:\\\/\\\/schema.org\",\"@graph\":[{\"@type\":\"WebPage\",\"@id\":\"https:\\\/\\\/galiancogasa.net\\\/tienda\\\/producto\\\/snack-loros-galian-820-gr-cubo\\\/\",\"url\":\"https:\\\/\\\/galiancogasa.net\\\/tienda\\\/producto\\\/snack-loros-galian-820-gr-cubo\\\/\",\"name\":\"SNACK LOROS GALIAN 820 GR CUBO - Galian Cogasa\",\"isPartOf\":{\"@id\":\"https:\\\/\\\/galiancogasa.net\\\/tienda\\\/#website\"},\"primaryImageOfPage\":{\"@id\":\"https:\\\/\\\/galiancogasa.net\\\/tienda\\\/producto\\\/snack-loros-galian-820-gr-cubo\\\/#primaryimage\"},\"image\":{\"@id\":\"https:\\\/\\\/galiancogasa.net\\\/tienda\\\/producto\\\/snack-loros-galian-820-gr-cubo\\\/#primaryimage\"},\"thumbnailUrl\":\"https:\\\/\\\/galiancogasa.net\\\/tienda\\\/wp-content\\\/uploads\\\/2024\\\/03\\\/9512120.jpg\",\"datePublished\":\"2024-03-17T11:19:19+00:00\",\"dateModified\":\"2026-02-13T20:04:08+00:00\",\"breadcrumb\":{\"@id\":\"https:\\\/\\\/galiancogasa.net\\\/tienda\\\/producto\\\/snack-loros-galian-820-gr-cubo\\\/#breadcrumb\"},\"inLanguage\":\"es\",\"potentialAction\":[{\"@type\":\"ReadAction\",\"target\":[\"https:\\\/\\\/galiancogasa.net\\\/tienda\\\/producto\\\/snack-loros-galian-820-gr-cubo\\\/\"]}]},{\"@type\":\"ImageObject\",\"inLanguage\":\"es\",\"@id\":\"https:\\\/\\\/galiancogasa.net\\\/tienda\\\/producto\\\/snack-loros-galian-820-gr-cubo\\\/#primaryimage\",\"url\":\"https:\\\/\\\/galiancogasa.net\\\/tienda\\\/wp-content\\\/uploads\\\/2024\\\/03\\\/9512120.jpg\",\"contentUrl\":\"https:\\\/\\\/galiancogasa.net\\\/tienda\\\/wp-content\\\/uploads\\\/2024\\\/03\\\/9512120.jpg\",\"width\":1080,\"height\":1080},{\"@type\":\"BreadcrumbList\",\"@id\":\"https:\\\/\\\/galiancogasa.net\\\/tienda\\\/producto\\\/snack-loros-galian-820-gr-cubo\\\/#breadcrumb\",\"itemListElement\":[{\"@type\":\"ListItem\",\"position\":1,\"name\":\"Home\",\"item\":\"https:\\\/\\\/galiancogasa.net\\\/tienda\\\/\"},{\"@type\":\"ListItem\",\"position\":2,\"name\":\"Tienda\",\"item\":\"https:\\\/\\\/galiancogasa.net\\\/tienda\\\/tienda\\\/\"},{\"@type\":\"ListItem\",\"position\":3,\"name\":\"SNACK LOROS GALIAN 820 GR CUBO\"}]},{\"@type\":\"WebSite\",\"@id\":\"https:\\\/\\\/galiancogasa.net\\\/tienda\\\/#website\",\"url\":\"https:\\\/\\\/galiancogasa.net\\\/tienda\\\/\",\"name\":\"Galian Cogasa\",\"description\":\"Tienda Online\",\"publisher\":{\"@id\":\"https:\\\/\\\/galiancogasa.net\\\/tienda\\\/#organization\"},\"potentialAction\":[{\"@type\":\"SearchAction\",\"target\":{\"@type\":\"EntryPoint\",\"urlTemplate\":\"https:\\\/\\\/galiancogasa.net\\\/tienda\\\/?s={search_term_string}\"},\"query-input\":{\"@type\":\"PropertyValueSpecification\",\"valueRequired\":true,\"valueName\":\"search_term_string\"}}],\"inLanguage\":\"es\"},{\"@type\":\"Organization\",\"@id\":\"https:\\\/\\\/galiancogasa.net\\\/tienda\\\/#organization\",\"name\":\"Galian Cogasa SL\",\"url\":\"https:\\\/\\\/galiancogasa.net\\\/tienda\\\/\",\"logo\":{\"@type\":\"ImageObject\",\"inLanguage\":\"es\",\"@id\":\"https:\\\/\\\/galiancogasa.net\\\/tienda\\\/#\\\/schema\\\/logo\\\/image\\\/\",\"url\":\"https:\\\/\\\/galiancogasa.net\\\/tienda\\\/wp-content\\\/uploads\\\/2024\\\/01\\\/logo-galian-v2.png\",\"contentUrl\":\"https:\\\/\\\/galiancogasa.net\\\/tienda\\\/wp-content\\\/uploads\\\/2024\\\/01\\\/logo-galian-v2.png\",\"width\":6156,\"height\":2296,\"caption\":\"Galian Cogasa SL\"},\"image\":{\"@id\":\"https:\\\/\\\/galiancogasa.net\\\/tienda\\\/#\\\/schema\\\/logo\\\/image\\\/\"}}]}<\/script>\n<!-- \/ Yoast SEO Premium plugin. -->","yoast_head_json":{"title":"SNACK LOROS GALIAN 820 GR CUBO - Galian Cogasa","robots":{"index":"index","follow":"follow","max-snippet":"max-snippet:-1","max-image-preview":"max-image-preview:large","max-video-preview":"max-video-preview:-1"},"canonical":"https:\/\/galiancogasa.net\/tienda\/producto\/snack-loros-galian-820-gr-cubo\/","og_locale":"es_ES","og_type":"article","og_title":"SNACK LOROS GALIAN 820 GR CUBO","og_description":"Formulado espec\u00edficamente para satisfacer las necesidades diet\u00e9ticas de tu loro, el pienso extrusionado Snack Loros Galian combina ingredientes de alta calidad para proporcionar una alimentaci\u00f3n balanceada y deliciosa.","og_url":"https:\/\/galiancogasa.net\/tienda\/producto\/snack-loros-galian-820-gr-cubo\/","og_site_name":"Galian Cogasa","article_modified_time":"2026-02-13T20:04:08+00:00","og_image":[{"width":1080,"height":1080,"url":"https:\/\/galiancogasa.net\/tienda\/wp-content\/uploads\/2024\/03\/9512120.jpg","type":"image\/jpeg"}],"twitter_card":"summary_large_image","twitter_misc":{"Tiempo de lectura":"2 minutos"},"schema":{"@context":"https:\/\/schema.org","@graph":[{"@type":"WebPage","@id":"https:\/\/galiancogasa.net\/tienda\/producto\/snack-loros-galian-820-gr-cubo\/","url":"https:\/\/galiancogasa.net\/tienda\/producto\/snack-loros-galian-820-gr-cubo\/","name":"SNACK LOROS GALIAN 820 GR CUBO - Galian Cogasa","isPartOf":{"@id":"https:\/\/galiancogasa.net\/tienda\/#website"},"primaryImageOfPage":{"@id":"https:\/\/galiancogasa.net\/tienda\/producto\/snack-loros-galian-820-gr-cubo\/#primaryimage"},"image":{"@id":"https:\/\/galiancogasa.net\/tienda\/producto\/snack-loros-galian-820-gr-cubo\/#primaryimage"},"thumbnailUrl":"https:\/\/galiancogasa.net\/tienda\/wp-content\/uploads\/2024\/03\/9512120.jpg","datePublished":"2024-03-17T11:19:19+00:00","dateModified":"2026-02-13T20:04:08+00:00","breadcrumb":{"@id":"https:\/\/galiancogasa.net\/tienda\/producto\/snack-loros-galian-820-gr-cubo\/#breadcrumb"},"inLanguage":"es","potentialAction":[{"@type":"ReadAction","target":["https:\/\/galiancogasa.net\/tienda\/producto\/snack-loros-galian-820-gr-cubo\/"]}]},{"@type":"ImageObject","inLanguage":"es","@id":"https:\/\/galiancogasa.net\/tienda\/producto\/snack-loros-galian-820-gr-cubo\/#primaryimage","url":"https:\/\/galiancogasa.net\/tienda\/wp-content\/uploads\/2024\/03\/9512120.jpg","contentUrl":"https:\/\/galiancogasa.net\/tienda\/wp-content\/uploads\/2024\/03\/9512120.jpg","width":1080,"height":1080},{"@type":"BreadcrumbList","@id":"https:\/\/galiancogasa.net\/tienda\/producto\/snack-loros-galian-820-gr-cubo\/#breadcrumb","itemListElement":[{"@type":"ListItem","position":1,"name":"Home","item":"https:\/\/galiancogasa.net\/tienda\/"},{"@type":"ListItem","position":2,"name":"Tienda","item":"https:\/\/galiancogasa.net\/tienda\/tienda\/"},{"@type":"ListItem","position":3,"name":"SNACK LOROS GALIAN 820 GR CUBO"}]},{"@type":"WebSite","@id":"https:\/\/galiancogasa.net\/tienda\/#website","url":"https:\/\/galiancogasa.net\/tienda\/","name":"Galian Cogasa","description":"Tienda Online","publisher":{"@id":"https:\/\/galiancogasa.net\/tienda\/#organization"},"potentialAction":[{"@type":"SearchAction","target":{"@type":"EntryPoint","urlTemplate":"https:\/\/galiancogasa.net\/tienda\/?s={search_term_string}"},"query-input":{"@type":"PropertyValueSpecification","valueRequired":true,"valueName":"search_term_string"}}],"inLanguage":"es"},{"@type":"Organization","@id":"https:\/\/galiancogasa.net\/tienda\/#organization","name":"Galian Cogasa SL","url":"https:\/\/galiancogasa.net\/tienda\/","logo":{"@type":"ImageObject","inLanguage":"es","@id":"https:\/\/galiancogasa.net\/tienda\/#\/schema\/logo\/image\/","url":"https:\/\/galiancogasa.net\/tienda\/wp-content\/uploads\/2024\/01\/logo-galian-v2.png","contentUrl":"https:\/\/galiancogasa.net\/tienda\/wp-content\/uploads\/2024\/01\/logo-galian-v2.png","width":6156,"height":2296,"caption":"Galian Cogasa SL"},"image":{"@id":"https:\/\/galiancogasa.net\/tienda\/#\/schema\/logo\/image\/"}}]}},"_links":{"self":[{"href":"https:\/\/galiancogasa.net\/tienda\/wp-json\/wp\/v2\/product\/6627","targetHints":{"allow":["GET"]}}],"collection":[{"href":"https:\/\/galiancogasa.net\/tienda\/wp-json\/wp\/v2\/product"}],"about":[{"href":"https:\/\/galiancogasa.net\/tienda\/wp-json\/wp\/v2\/types\/product"}],"wp:featuredmedia":[{"embeddable":true,"href":"https:\/\/galiancogasa.net\/tienda\/wp-json\/wp\/v2\/media\/18678"}],"wp:attachment":[{"href":"https:\/\/galiancogasa.net\/tienda\/wp-json\/wp\/v2\/media?parent=6627"}],"wp:term":[{"taxonomy":"product_brand","embeddable":true,"href":"https:\/\/galiancogasa.net\/tienda\/wp-json\/wp\/v2\/product_brand?post=6627"},{"taxonomy":"product_cat","embeddable":true,"href":"https:\/\/galiancogasa.net\/tienda\/wp-json\/wp\/v2\/product_cat?post=6627"},{"taxonomy":"product_tag","embeddable":true,"href":"https:\/\/galiancogasa.net\/tienda\/wp-json\/wp\/v2\/product_tag?post=6627"}],"curies":[{"name":"wp","href":"https:\/\/api.w.org\/{rel}","templated":true}]}}