{"id":6416,"date":"2024-03-17T12:07:38","date_gmt":"2024-03-17T11:07:38","guid":{"rendered":"https:\/\/galiancogasa.net\/tienda\/producto\/acualian-tortugas-gammarus-1000-ml\/"},"modified":"2026-02-13T20:48:08","modified_gmt":"2026-02-13T19:48:08","slug":"acualian-tortugas-gammarus-1000-ml","status":"publish","type":"product","link":"https:\/\/galiancogasa.net\/tienda\/producto\/acualian-tortugas-gammarus-1000-ml\/","title":{"rendered":"ACUALIAN TORTUGAS GAMMARUS 1000 ML"},"content":{"rendered":"<p><strong>Alimento para tortugas. Las gammarus son recolectadas en verano en Siberia de lagos naturales.<\/strong><\/p>\n<p><strong><u>Composici\u00f3n<\/u><\/strong><\/p>\n<p>100% Gammarus.<\/p>\n<p><strong><u>Componentes anal\u00edticos<\/u><\/strong><\/p>\n<p>Prote\u00edna bruta 48,2%; Grasa bruta 6,2%; Fibra bruta 6,1%; Ceniza bruta 22,1%; Calcio 6,56%; F\u00f3sforo 0,93%.<\/p>\n<p><strong><u>Especies de destino<\/u><\/strong><\/p>\n<p>Tortugas, peces, reptiles, p\u00e1jaros, roedores.<\/p>\n<p><strong><u>Formatos disponibles<\/u><\/strong><\/p>\n<p>130ML envasado en bote (referencia 9304100), 250ML (referencia 9304110), 1000ML (referencia 9304120) y 7500ML envasado en cubo de pl\u00e1stico con ergon\u00f3mica asa (referencia 9304122).<\/p>\n<p><strong><u>Instrucciones de uso<\/u><\/strong><\/p>\n<p>Suministrar el alimento de 1 a 3 veces al d\u00eda, dependiendo la cantidad del tama\u00f1o de las tortugas, poblaci\u00f3n de la tortuguera y observando que se coman la totalidad del alimento.<\/p>\n<p><strong><u>Observaciones<\/u><\/strong><\/p>\n<p>Conservar el producto en lugar fresco y seco. En \u00e9pocas de calor, almacenar la menor cantidad posible. Color: rojizo. Tama\u00f1o del gammarus: 10-15mm.<\/p>\n","protected":false},"excerpt":{"rendered":"<p>Alimento para tortugas. Las gammarus son recolectadas en verano en Siberia de lagos naturales.<\/p>\n","protected":false},"featured_media":18527,"template":"","meta":{"_acf_changed":false},"product_brand":[],"product_cat":[242],"product_tag":[],"class_list":{"0":"post-6416","1":"product","2":"type-product","3":"status-publish","4":"has-post-thumbnail","6":"familia_producto-404","7":"product_cat-alimentacion-peces","9":"first","10":"instock","11":"taxable","12":"shipping-taxable","13":"purchasable","14":"product-type-simple"},"acf":[],"yoast_head":"<!-- This site is optimized with the Yoast SEO Premium plugin v25.2 (Yoast SEO v27.2) - https:\/\/yoast.com\/product\/yoast-seo-premium-wordpress\/ -->\n<title>ACUALIAN TORTUGAS GAMMARUS 1000 ML - Galian Cogasa<\/title>\n<meta name=\"robots\" content=\"index, follow, max-snippet:-1, max-image-preview:large, max-video-preview:-1\" \/>\n<link rel=\"canonical\" href=\"https:\/\/galiancogasa.net\/tienda\/producto\/acualian-tortugas-gammarus-1000-ml\/\" \/>\n<meta property=\"og:locale\" content=\"es_ES\" \/>\n<meta property=\"og:type\" content=\"article\" \/>\n<meta property=\"og:title\" content=\"ACUALIAN TORTUGAS GAMMARUS 1000 ML\" \/>\n<meta property=\"og:description\" content=\"Alimento para tortugas. Las gammarus son recolectadas en verano en Siberia de lagos naturales.\" \/>\n<meta property=\"og:url\" content=\"https:\/\/galiancogasa.net\/tienda\/producto\/acualian-tortugas-gammarus-1000-ml\/\" \/>\n<meta property=\"og:site_name\" content=\"Galian Cogasa\" \/>\n<meta property=\"article:modified_time\" content=\"2026-02-13T19:48:08+00:00\" \/>\n<meta property=\"og:image\" content=\"https:\/\/galiancogasa.net\/tienda\/wp-content\/uploads\/2024\/03\/9304120-1.jpg\" \/>\n\t<meta property=\"og:image:width\" content=\"1080\" \/>\n\t<meta property=\"og:image:height\" content=\"1080\" \/>\n\t<meta property=\"og:image:type\" content=\"image\/jpeg\" \/>\n<meta name=\"twitter:card\" content=\"summary_large_image\" \/>\n<meta name=\"twitter:label1\" content=\"Tiempo de lectura\" \/>\n\t<meta name=\"twitter:data1\" content=\"1 minuto\" \/>\n<script type=\"application\/ld+json\" class=\"yoast-schema-graph\">{\"@context\":\"https:\/\/schema.org\",\"@graph\":[{\"@type\":\"WebPage\",\"@id\":\"https:\/\/galiancogasa.net\/tienda\/producto\/acualian-tortugas-gammarus-1000-ml\/\",\"url\":\"https:\/\/galiancogasa.net\/tienda\/producto\/acualian-tortugas-gammarus-1000-ml\/\",\"name\":\"ACUALIAN TORTUGAS GAMMARUS 1000 ML - Galian Cogasa\",\"isPartOf\":{\"@id\":\"https:\/\/galiancogasa.net\/tienda\/#website\"},\"primaryImageOfPage\":{\"@id\":\"https:\/\/galiancogasa.net\/tienda\/producto\/acualian-tortugas-gammarus-1000-ml\/#primaryimage\"},\"image\":{\"@id\":\"https:\/\/galiancogasa.net\/tienda\/producto\/acualian-tortugas-gammarus-1000-ml\/#primaryimage\"},\"thumbnailUrl\":\"https:\/\/galiancogasa.net\/tienda\/wp-content\/uploads\/2024\/03\/9304120-1.jpg\",\"datePublished\":\"2024-03-17T11:07:38+00:00\",\"dateModified\":\"2026-02-13T19:48:08+00:00\",\"breadcrumb\":{\"@id\":\"https:\/\/galiancogasa.net\/tienda\/producto\/acualian-tortugas-gammarus-1000-ml\/#breadcrumb\"},\"inLanguage\":\"es\",\"potentialAction\":[{\"@type\":\"ReadAction\",\"target\":[\"https:\/\/galiancogasa.net\/tienda\/producto\/acualian-tortugas-gammarus-1000-ml\/\"]}]},{\"@type\":\"ImageObject\",\"inLanguage\":\"es\",\"@id\":\"https:\/\/galiancogasa.net\/tienda\/producto\/acualian-tortugas-gammarus-1000-ml\/#primaryimage\",\"url\":\"https:\/\/galiancogasa.net\/tienda\/wp-content\/uploads\/2024\/03\/9304120-1.jpg\",\"contentUrl\":\"https:\/\/galiancogasa.net\/tienda\/wp-content\/uploads\/2024\/03\/9304120-1.jpg\",\"width\":1080,\"height\":1080,\"caption\":\"Acualian Gammarus 1000ml, gambas para tortugas\"},{\"@type\":\"BreadcrumbList\",\"@id\":\"https:\/\/galiancogasa.net\/tienda\/producto\/acualian-tortugas-gammarus-1000-ml\/#breadcrumb\",\"itemListElement\":[{\"@type\":\"ListItem\",\"position\":1,\"name\":\"Home\",\"item\":\"https:\/\/galiancogasa.net\/tienda\/\"},{\"@type\":\"ListItem\",\"position\":2,\"name\":\"Tienda\",\"item\":\"https:\/\/galiancogasa.net\/tienda\/tienda\/\"},{\"@type\":\"ListItem\",\"position\":3,\"name\":\"ACUALIAN TORTUGAS GAMMARUS 1000 ML\"}]},{\"@type\":\"WebSite\",\"@id\":\"https:\/\/galiancogasa.net\/tienda\/#website\",\"url\":\"https:\/\/galiancogasa.net\/tienda\/\",\"name\":\"Galian Cogasa\",\"description\":\"Tienda Online\",\"publisher\":{\"@id\":\"https:\/\/galiancogasa.net\/tienda\/#organization\"},\"potentialAction\":[{\"@type\":\"SearchAction\",\"target\":{\"@type\":\"EntryPoint\",\"urlTemplate\":\"https:\/\/galiancogasa.net\/tienda\/?s={search_term_string}\"},\"query-input\":{\"@type\":\"PropertyValueSpecification\",\"valueRequired\":true,\"valueName\":\"search_term_string\"}}],\"inLanguage\":\"es\"},{\"@type\":\"Organization\",\"@id\":\"https:\/\/galiancogasa.net\/tienda\/#organization\",\"name\":\"Galian Cogasa SL\",\"url\":\"https:\/\/galiancogasa.net\/tienda\/\",\"logo\":{\"@type\":\"ImageObject\",\"inLanguage\":\"es\",\"@id\":\"https:\/\/galiancogasa.net\/tienda\/#\/schema\/logo\/image\/\",\"url\":\"https:\/\/galiancogasa.net\/tienda\/wp-content\/uploads\/2024\/01\/logo-galian-v2.png\",\"contentUrl\":\"https:\/\/galiancogasa.net\/tienda\/wp-content\/uploads\/2024\/01\/logo-galian-v2.png\",\"width\":6156,\"height\":2296,\"caption\":\"Galian Cogasa SL\"},\"image\":{\"@id\":\"https:\/\/galiancogasa.net\/tienda\/#\/schema\/logo\/image\/\"}}]}<\/script>\n<!-- \/ Yoast SEO Premium plugin. -->","yoast_head_json":{"title":"ACUALIAN TORTUGAS GAMMARUS 1000 ML - Galian Cogasa","robots":{"index":"index","follow":"follow","max-snippet":"max-snippet:-1","max-image-preview":"max-image-preview:large","max-video-preview":"max-video-preview:-1"},"canonical":"https:\/\/galiancogasa.net\/tienda\/producto\/acualian-tortugas-gammarus-1000-ml\/","og_locale":"es_ES","og_type":"article","og_title":"ACUALIAN TORTUGAS GAMMARUS 1000 ML","og_description":"Alimento para tortugas. Las gammarus son recolectadas en verano en Siberia de lagos naturales.","og_url":"https:\/\/galiancogasa.net\/tienda\/producto\/acualian-tortugas-gammarus-1000-ml\/","og_site_name":"Galian Cogasa","article_modified_time":"2026-02-13T19:48:08+00:00","og_image":[{"width":1080,"height":1080,"url":"https:\/\/galiancogasa.net\/tienda\/wp-content\/uploads\/2024\/03\/9304120-1.jpg","type":"image\/jpeg"}],"twitter_card":"summary_large_image","twitter_misc":{"Tiempo de lectura":"1 minuto"},"schema":{"@context":"https:\/\/schema.org","@graph":[{"@type":"WebPage","@id":"https:\/\/galiancogasa.net\/tienda\/producto\/acualian-tortugas-gammarus-1000-ml\/","url":"https:\/\/galiancogasa.net\/tienda\/producto\/acualian-tortugas-gammarus-1000-ml\/","name":"ACUALIAN TORTUGAS GAMMARUS 1000 ML - Galian Cogasa","isPartOf":{"@id":"https:\/\/galiancogasa.net\/tienda\/#website"},"primaryImageOfPage":{"@id":"https:\/\/galiancogasa.net\/tienda\/producto\/acualian-tortugas-gammarus-1000-ml\/#primaryimage"},"image":{"@id":"https:\/\/galiancogasa.net\/tienda\/producto\/acualian-tortugas-gammarus-1000-ml\/#primaryimage"},"thumbnailUrl":"https:\/\/galiancogasa.net\/tienda\/wp-content\/uploads\/2024\/03\/9304120-1.jpg","datePublished":"2024-03-17T11:07:38+00:00","dateModified":"2026-02-13T19:48:08+00:00","breadcrumb":{"@id":"https:\/\/galiancogasa.net\/tienda\/producto\/acualian-tortugas-gammarus-1000-ml\/#breadcrumb"},"inLanguage":"es","potentialAction":[{"@type":"ReadAction","target":["https:\/\/galiancogasa.net\/tienda\/producto\/acualian-tortugas-gammarus-1000-ml\/"]}]},{"@type":"ImageObject","inLanguage":"es","@id":"https:\/\/galiancogasa.net\/tienda\/producto\/acualian-tortugas-gammarus-1000-ml\/#primaryimage","url":"https:\/\/galiancogasa.net\/tienda\/wp-content\/uploads\/2024\/03\/9304120-1.jpg","contentUrl":"https:\/\/galiancogasa.net\/tienda\/wp-content\/uploads\/2024\/03\/9304120-1.jpg","width":1080,"height":1080,"caption":"Acualian Gammarus 1000ml, gambas para tortugas"},{"@type":"BreadcrumbList","@id":"https:\/\/galiancogasa.net\/tienda\/producto\/acualian-tortugas-gammarus-1000-ml\/#breadcrumb","itemListElement":[{"@type":"ListItem","position":1,"name":"Home","item":"https:\/\/galiancogasa.net\/tienda\/"},{"@type":"ListItem","position":2,"name":"Tienda","item":"https:\/\/galiancogasa.net\/tienda\/tienda\/"},{"@type":"ListItem","position":3,"name":"ACUALIAN TORTUGAS GAMMARUS 1000 ML"}]},{"@type":"WebSite","@id":"https:\/\/galiancogasa.net\/tienda\/#website","url":"https:\/\/galiancogasa.net\/tienda\/","name":"Galian Cogasa","description":"Tienda Online","publisher":{"@id":"https:\/\/galiancogasa.net\/tienda\/#organization"},"potentialAction":[{"@type":"SearchAction","target":{"@type":"EntryPoint","urlTemplate":"https:\/\/galiancogasa.net\/tienda\/?s={search_term_string}"},"query-input":{"@type":"PropertyValueSpecification","valueRequired":true,"valueName":"search_term_string"}}],"inLanguage":"es"},{"@type":"Organization","@id":"https:\/\/galiancogasa.net\/tienda\/#organization","name":"Galian Cogasa SL","url":"https:\/\/galiancogasa.net\/tienda\/","logo":{"@type":"ImageObject","inLanguage":"es","@id":"https:\/\/galiancogasa.net\/tienda\/#\/schema\/logo\/image\/","url":"https:\/\/galiancogasa.net\/tienda\/wp-content\/uploads\/2024\/01\/logo-galian-v2.png","contentUrl":"https:\/\/galiancogasa.net\/tienda\/wp-content\/uploads\/2024\/01\/logo-galian-v2.png","width":6156,"height":2296,"caption":"Galian Cogasa SL"},"image":{"@id":"https:\/\/galiancogasa.net\/tienda\/#\/schema\/logo\/image\/"}}]}},"_links":{"self":[{"href":"https:\/\/galiancogasa.net\/tienda\/wp-json\/wp\/v2\/product\/6416","targetHints":{"allow":["GET"]}}],"collection":[{"href":"https:\/\/galiancogasa.net\/tienda\/wp-json\/wp\/v2\/product"}],"about":[{"href":"https:\/\/galiancogasa.net\/tienda\/wp-json\/wp\/v2\/types\/product"}],"wp:featuredmedia":[{"embeddable":true,"href":"https:\/\/galiancogasa.net\/tienda\/wp-json\/wp\/v2\/media\/18527"}],"wp:attachment":[{"href":"https:\/\/galiancogasa.net\/tienda\/wp-json\/wp\/v2\/media?parent=6416"}],"wp:term":[{"taxonomy":"product_brand","embeddable":true,"href":"https:\/\/galiancogasa.net\/tienda\/wp-json\/wp\/v2\/product_brand?post=6416"},{"taxonomy":"product_cat","embeddable":true,"href":"https:\/\/galiancogasa.net\/tienda\/wp-json\/wp\/v2\/product_cat?post=6416"},{"taxonomy":"product_tag","embeddable":true,"href":"https:\/\/galiancogasa.net\/tienda\/wp-json\/wp\/v2\/product_tag?post=6416"}],"curies":[{"name":"wp","href":"https:\/\/api.w.org\/{rel}","templated":true}]}}