{"id":6406,"date":"2024-03-17T12:07:07","date_gmt":"2024-03-17T11:07:07","guid":{"rendered":"https:\/\/galiancogasa.net\/tienda\/producto\/acualian-peces-stick-mix-250-ml\/"},"modified":"2026-02-13T20:47:57","modified_gmt":"2026-02-13T19:47:57","slug":"acualian-peces-stick-mix-250-ml","status":"publish","type":"product","link":"https:\/\/galiancogasa.net\/tienda\/producto\/acualian-peces-stick-mix-250-ml\/","title":{"rendered":"ACUALIAN PECES STICK MIX 250 ML"},"content":{"rendered":"<p><strong>Alimento completo premium en stick. La variada combinaci\u00f3n de materias primas, tanto de origen animal como vegetal, aporta los nutrientes y constituyentes necesarios para potenciar la vitalidad, realzar los colores y favorecer un buen estado de salud.<\/strong><\/p>\n<p><strong><u>Composici\u00f3n<\/u><\/strong><\/p>\n<p>Cereales, carne y subproductos de origen animal, subproductos de origen vegetal, pescado y subproductos del pescado. Aditivos por KG: Vitamina a (3a672a) 10000 UI\/KG, Vitamina D3 (3a671) 370 UI\/KG. Contiene antioxidantes y colorantes autorizados por la UE.<\/p>\n<p><strong><u>Componentes anal\u00edticos<\/u><\/strong><\/p>\n<p>Prote\u00edna bruta 18%, grasa bruta 3%, ceniza bruta 7%, fibra bruta 4%.<\/p>\n<p><strong><u>Especies de destino<\/u><\/strong><\/p>\n<p>Peces de estanque.<\/p>\n<p><strong><u>Formatos disponibles<\/u><\/strong><\/p>\n<p>130ML envasado en bote (referencia 9301350), 250ML (referencia 9301360), 1000ML (referencia 9301370) y 7500ML envasado en cubo de pl\u00e1stico con ergon\u00f3mica asa (referencia 9301372).<\/p>\n<p><strong><u>Instrucciones de uso<\/u><\/strong><\/p>\n<p>Suministrar el alimento de 1 a 3 veces al d\u00eda, dependiendo la cantidad del tama\u00f1o de los animales, poblaci\u00f3n y observando que se coman la totalidad del alimento.<\/p>\n<p><strong><u>Observaciones<\/u><\/strong><\/p>\n<p>Conservar el producto en lugar fresco y seco. En \u00e9pocas de calor, almacenar la menor cantidad posible.<\/p>\n","protected":false},"excerpt":{"rendered":"<p>Alimento completo premium en stick. La variada combinaci\u00f3n de materias primas, tanto de origen animal como vegetal, aporta los nutrientes y constituyentes necesarios para potenciar la vitalidad, realzar los colores y favorecer un buen estado de salud.<\/p>\n","protected":false},"featured_media":18505,"template":"","meta":{"_acf_changed":false},"product_brand":[],"product_cat":[242],"product_tag":[],"class_list":{"0":"post-6406","1":"product","2":"type-product","3":"status-publish","4":"has-post-thumbnail","6":"familia_producto-404","7":"product_cat-alimentacion-peces","9":"first","10":"instock","11":"taxable","12":"shipping-taxable","13":"purchasable","14":"product-type-simple"},"acf":[],"yoast_head":"<!-- This site is optimized with the Yoast SEO Premium plugin v25.2 (Yoast SEO v27.2) - https:\/\/yoast.com\/product\/yoast-seo-premium-wordpress\/ -->\n<title>ACUALIAN PECES STICK MIX 250 ML - Galian Cogasa<\/title>\n<meta name=\"robots\" content=\"index, follow, max-snippet:-1, max-image-preview:large, max-video-preview:-1\" \/>\n<link rel=\"canonical\" href=\"https:\/\/galiancogasa.net\/tienda\/producto\/acualian-peces-stick-mix-250-ml\/\" \/>\n<meta property=\"og:locale\" content=\"es_ES\" \/>\n<meta property=\"og:type\" content=\"article\" \/>\n<meta property=\"og:title\" content=\"ACUALIAN PECES STICK MIX 250 ML\" \/>\n<meta property=\"og:description\" content=\"Alimento completo premium en stick. La variada combinaci\u00f3n de materias primas, tanto de origen animal como vegetal, aporta los nutrientes y constituyentes necesarios para potenciar la vitalidad, realzar los colores y favorecer un buen estado de salud.\" \/>\n<meta property=\"og:url\" content=\"https:\/\/galiancogasa.net\/tienda\/producto\/acualian-peces-stick-mix-250-ml\/\" \/>\n<meta property=\"og:site_name\" content=\"Galian Cogasa\" \/>\n<meta property=\"article:modified_time\" content=\"2026-02-13T19:47:57+00:00\" \/>\n<meta property=\"og:image\" content=\"https:\/\/galiancogasa.net\/tienda\/wp-content\/uploads\/2024\/03\/9301360-1.jpg\" \/>\n\t<meta property=\"og:image:width\" content=\"1080\" \/>\n\t<meta property=\"og:image:height\" content=\"1080\" \/>\n\t<meta property=\"og:image:type\" content=\"image\/jpeg\" \/>\n<meta name=\"twitter:card\" content=\"summary_large_image\" \/>\n<meta name=\"twitter:label1\" content=\"Tiempo de lectura\" \/>\n\t<meta name=\"twitter:data1\" content=\"1 minuto\" \/>\n<script type=\"application\/ld+json\" class=\"yoast-schema-graph\">{\"@context\":\"https:\/\/schema.org\",\"@graph\":[{\"@type\":\"WebPage\",\"@id\":\"https:\/\/galiancogasa.net\/tienda\/producto\/acualian-peces-stick-mix-250-ml\/\",\"url\":\"https:\/\/galiancogasa.net\/tienda\/producto\/acualian-peces-stick-mix-250-ml\/\",\"name\":\"ACUALIAN PECES STICK MIX 250 ML - Galian Cogasa\",\"isPartOf\":{\"@id\":\"https:\/\/galiancogasa.net\/tienda\/#website\"},\"primaryImageOfPage\":{\"@id\":\"https:\/\/galiancogasa.net\/tienda\/producto\/acualian-peces-stick-mix-250-ml\/#primaryimage\"},\"image\":{\"@id\":\"https:\/\/galiancogasa.net\/tienda\/producto\/acualian-peces-stick-mix-250-ml\/#primaryimage\"},\"thumbnailUrl\":\"https:\/\/galiancogasa.net\/tienda\/wp-content\/uploads\/2024\/03\/9301360-1.jpg\",\"datePublished\":\"2024-03-17T11:07:07+00:00\",\"dateModified\":\"2026-02-13T19:47:57+00:00\",\"breadcrumb\":{\"@id\":\"https:\/\/galiancogasa.net\/tienda\/producto\/acualian-peces-stick-mix-250-ml\/#breadcrumb\"},\"inLanguage\":\"es\",\"potentialAction\":[{\"@type\":\"ReadAction\",\"target\":[\"https:\/\/galiancogasa.net\/tienda\/producto\/acualian-peces-stick-mix-250-ml\/\"]}]},{\"@type\":\"ImageObject\",\"inLanguage\":\"es\",\"@id\":\"https:\/\/galiancogasa.net\/tienda\/producto\/acualian-peces-stick-mix-250-ml\/#primaryimage\",\"url\":\"https:\/\/galiancogasa.net\/tienda\/wp-content\/uploads\/2024\/03\/9301360-1.jpg\",\"contentUrl\":\"https:\/\/galiancogasa.net\/tienda\/wp-content\/uploads\/2024\/03\/9301360-1.jpg\",\"width\":1080,\"height\":1080},{\"@type\":\"BreadcrumbList\",\"@id\":\"https:\/\/galiancogasa.net\/tienda\/producto\/acualian-peces-stick-mix-250-ml\/#breadcrumb\",\"itemListElement\":[{\"@type\":\"ListItem\",\"position\":1,\"name\":\"Home\",\"item\":\"https:\/\/galiancogasa.net\/tienda\/\"},{\"@type\":\"ListItem\",\"position\":2,\"name\":\"Tienda\",\"item\":\"https:\/\/galiancogasa.net\/tienda\/tienda\/\"},{\"@type\":\"ListItem\",\"position\":3,\"name\":\"ACUALIAN PECES STICK MIX 250 ML\"}]},{\"@type\":\"WebSite\",\"@id\":\"https:\/\/galiancogasa.net\/tienda\/#website\",\"url\":\"https:\/\/galiancogasa.net\/tienda\/\",\"name\":\"Galian Cogasa\",\"description\":\"Tienda Online\",\"publisher\":{\"@id\":\"https:\/\/galiancogasa.net\/tienda\/#organization\"},\"potentialAction\":[{\"@type\":\"SearchAction\",\"target\":{\"@type\":\"EntryPoint\",\"urlTemplate\":\"https:\/\/galiancogasa.net\/tienda\/?s={search_term_string}\"},\"query-input\":{\"@type\":\"PropertyValueSpecification\",\"valueRequired\":true,\"valueName\":\"search_term_string\"}}],\"inLanguage\":\"es\"},{\"@type\":\"Organization\",\"@id\":\"https:\/\/galiancogasa.net\/tienda\/#organization\",\"name\":\"Galian Cogasa SL\",\"url\":\"https:\/\/galiancogasa.net\/tienda\/\",\"logo\":{\"@type\":\"ImageObject\",\"inLanguage\":\"es\",\"@id\":\"https:\/\/galiancogasa.net\/tienda\/#\/schema\/logo\/image\/\",\"url\":\"https:\/\/galiancogasa.net\/tienda\/wp-content\/uploads\/2024\/01\/logo-galian-v2.png\",\"contentUrl\":\"https:\/\/galiancogasa.net\/tienda\/wp-content\/uploads\/2024\/01\/logo-galian-v2.png\",\"width\":6156,\"height\":2296,\"caption\":\"Galian Cogasa SL\"},\"image\":{\"@id\":\"https:\/\/galiancogasa.net\/tienda\/#\/schema\/logo\/image\/\"}}]}<\/script>\n<!-- \/ Yoast SEO Premium plugin. -->","yoast_head_json":{"title":"ACUALIAN PECES STICK MIX 250 ML - Galian Cogasa","robots":{"index":"index","follow":"follow","max-snippet":"max-snippet:-1","max-image-preview":"max-image-preview:large","max-video-preview":"max-video-preview:-1"},"canonical":"https:\/\/galiancogasa.net\/tienda\/producto\/acualian-peces-stick-mix-250-ml\/","og_locale":"es_ES","og_type":"article","og_title":"ACUALIAN PECES STICK MIX 250 ML","og_description":"Alimento completo premium en stick. La variada combinaci\u00f3n de materias primas, tanto de origen animal como vegetal, aporta los nutrientes y constituyentes necesarios para potenciar la vitalidad, realzar los colores y favorecer un buen estado de salud.","og_url":"https:\/\/galiancogasa.net\/tienda\/producto\/acualian-peces-stick-mix-250-ml\/","og_site_name":"Galian Cogasa","article_modified_time":"2026-02-13T19:47:57+00:00","og_image":[{"width":1080,"height":1080,"url":"https:\/\/galiancogasa.net\/tienda\/wp-content\/uploads\/2024\/03\/9301360-1.jpg","type":"image\/jpeg"}],"twitter_card":"summary_large_image","twitter_misc":{"Tiempo de lectura":"1 minuto"},"schema":{"@context":"https:\/\/schema.org","@graph":[{"@type":"WebPage","@id":"https:\/\/galiancogasa.net\/tienda\/producto\/acualian-peces-stick-mix-250-ml\/","url":"https:\/\/galiancogasa.net\/tienda\/producto\/acualian-peces-stick-mix-250-ml\/","name":"ACUALIAN PECES STICK MIX 250 ML - Galian Cogasa","isPartOf":{"@id":"https:\/\/galiancogasa.net\/tienda\/#website"},"primaryImageOfPage":{"@id":"https:\/\/galiancogasa.net\/tienda\/producto\/acualian-peces-stick-mix-250-ml\/#primaryimage"},"image":{"@id":"https:\/\/galiancogasa.net\/tienda\/producto\/acualian-peces-stick-mix-250-ml\/#primaryimage"},"thumbnailUrl":"https:\/\/galiancogasa.net\/tienda\/wp-content\/uploads\/2024\/03\/9301360-1.jpg","datePublished":"2024-03-17T11:07:07+00:00","dateModified":"2026-02-13T19:47:57+00:00","breadcrumb":{"@id":"https:\/\/galiancogasa.net\/tienda\/producto\/acualian-peces-stick-mix-250-ml\/#breadcrumb"},"inLanguage":"es","potentialAction":[{"@type":"ReadAction","target":["https:\/\/galiancogasa.net\/tienda\/producto\/acualian-peces-stick-mix-250-ml\/"]}]},{"@type":"ImageObject","inLanguage":"es","@id":"https:\/\/galiancogasa.net\/tienda\/producto\/acualian-peces-stick-mix-250-ml\/#primaryimage","url":"https:\/\/galiancogasa.net\/tienda\/wp-content\/uploads\/2024\/03\/9301360-1.jpg","contentUrl":"https:\/\/galiancogasa.net\/tienda\/wp-content\/uploads\/2024\/03\/9301360-1.jpg","width":1080,"height":1080},{"@type":"BreadcrumbList","@id":"https:\/\/galiancogasa.net\/tienda\/producto\/acualian-peces-stick-mix-250-ml\/#breadcrumb","itemListElement":[{"@type":"ListItem","position":1,"name":"Home","item":"https:\/\/galiancogasa.net\/tienda\/"},{"@type":"ListItem","position":2,"name":"Tienda","item":"https:\/\/galiancogasa.net\/tienda\/tienda\/"},{"@type":"ListItem","position":3,"name":"ACUALIAN PECES STICK MIX 250 ML"}]},{"@type":"WebSite","@id":"https:\/\/galiancogasa.net\/tienda\/#website","url":"https:\/\/galiancogasa.net\/tienda\/","name":"Galian Cogasa","description":"Tienda Online","publisher":{"@id":"https:\/\/galiancogasa.net\/tienda\/#organization"},"potentialAction":[{"@type":"SearchAction","target":{"@type":"EntryPoint","urlTemplate":"https:\/\/galiancogasa.net\/tienda\/?s={search_term_string}"},"query-input":{"@type":"PropertyValueSpecification","valueRequired":true,"valueName":"search_term_string"}}],"inLanguage":"es"},{"@type":"Organization","@id":"https:\/\/galiancogasa.net\/tienda\/#organization","name":"Galian Cogasa SL","url":"https:\/\/galiancogasa.net\/tienda\/","logo":{"@type":"ImageObject","inLanguage":"es","@id":"https:\/\/galiancogasa.net\/tienda\/#\/schema\/logo\/image\/","url":"https:\/\/galiancogasa.net\/tienda\/wp-content\/uploads\/2024\/01\/logo-galian-v2.png","contentUrl":"https:\/\/galiancogasa.net\/tienda\/wp-content\/uploads\/2024\/01\/logo-galian-v2.png","width":6156,"height":2296,"caption":"Galian Cogasa SL"},"image":{"@id":"https:\/\/galiancogasa.net\/tienda\/#\/schema\/logo\/image\/"}}]}},"_links":{"self":[{"href":"https:\/\/galiancogasa.net\/tienda\/wp-json\/wp\/v2\/product\/6406","targetHints":{"allow":["GET"]}}],"collection":[{"href":"https:\/\/galiancogasa.net\/tienda\/wp-json\/wp\/v2\/product"}],"about":[{"href":"https:\/\/galiancogasa.net\/tienda\/wp-json\/wp\/v2\/types\/product"}],"wp:featuredmedia":[{"embeddable":true,"href":"https:\/\/galiancogasa.net\/tienda\/wp-json\/wp\/v2\/media\/18505"}],"wp:attachment":[{"href":"https:\/\/galiancogasa.net\/tienda\/wp-json\/wp\/v2\/media?parent=6406"}],"wp:term":[{"taxonomy":"product_brand","embeddable":true,"href":"https:\/\/galiancogasa.net\/tienda\/wp-json\/wp\/v2\/product_brand?post=6406"},{"taxonomy":"product_cat","embeddable":true,"href":"https:\/\/galiancogasa.net\/tienda\/wp-json\/wp\/v2\/product_cat?post=6406"},{"taxonomy":"product_tag","embeddable":true,"href":"https:\/\/galiancogasa.net\/tienda\/wp-json\/wp\/v2\/product_tag?post=6406"}],"curies":[{"name":"wp","href":"https:\/\/api.w.org\/{rel}","templated":true}]}}