{"id":6349,"date":"2024-03-17T12:03:32","date_gmt":"2024-03-17T11:03:32","guid":{"rendered":"https:\/\/galiancogasa.net\/tienda\/producto\/mixtura-loros-especial-cubo-600-gr\/"},"modified":"2026-02-13T20:39:52","modified_gmt":"2026-02-13T19:39:52","slug":"mixtura-loros-especial-cubo-600-gr","status":"publish","type":"product","link":"https:\/\/galiancogasa.net\/tienda\/producto\/mixtura-loros-especial-cubo-600-gr\/","title":{"rendered":"MIXTURA LOROS ESPECIAL CUBO 600 GR"},"content":{"rendered":"<p><strong>Mezcla de semillas premium para loros y cotorras, con frutas y pasta.<\/strong><\/p>\n<p><strong><u>Composici\u00f3n<\/u><\/strong><\/p>\n<p>Semilla de girasol extra, semilla de girasol blanca, alazor, extrusionado para loros (forma circular, irregular, pl\u00e1tano), cacahuete pelado tostado, frutas deshidratadas (uva, pl\u00e1tano, pomelo, papaya, pi\u00f1a, ar\u00e1ndano), cebada, trigo sarraceno, sorgo, sorgo blanco, algarroba tronzada, semilla de calabaza, guisante verde, ca\u00f1am\u00f3n, copos de trigo, avena pelada, concha marina caliza, ma\u00edz inflado, arroz, guisante Tasmania, frijol mungo, pasta de trigo, nuez de cedro.<\/p>\n<p><strong><u>Componentes anal\u00edticos<\/u><\/strong><\/p>\n<p>Humedad 7,51%, ceniza bruta 6,13%, prote\u00edna bruta 13,83%, grasa bruta 13,92%, fibra bruta 16,44%. Aditivos del extrusionado: Nutricionales: Vitamina A (E672) 10000UI\/kg, Vitamina D3 (E3671) 3000UI\/kg, Vitamina E (alfatocoferol) 30mgr\/kg, Vitamina K3 2,20mgr\/kg, Vitamina B1 2,20mgr\/kg, Vitamina B2 5,50mgr\/kg, Vitamina B6 4,40mgr\/kg, Vitamina B12 16mg\/kg, Vitamina C 1000mgr\/kg, \u00c1cido nicot\u00ednico 66mgr\/kg, \u00c1cido pantot\u00e9nico 12mgr\/kg, \u00c1cido f\u00f3lico 1mgr\/kg, Cloruro de colina 500mgr\/kg, Biotina 0,20mgr\/kg, Zinc (\u00f3xido)(E6) 75mgr\/kg, Cobalto (carbonato)(E3) 0,30mgr\/kg, Manganeso (\u00f3xido)(E5) 100mgr\/kg, Hierro (sulfato ferroso)(E1) 100mgr\/kg, Cobre (sul c\u00faprico pentah.)(E4) 8mgr\/kg, Selenio (selenito s\u00f3dico)(E8) 0,30mgr\/kg, Yodo (ioduro pot\u00e1sico)(E2) 0,85mgr\/kg. Tecnol\u00f3gicos: BHT(E321) 125mgr\/kg.<\/p>\n<p><strong><u>Formatos disponibles<\/u><\/strong><\/p>\n<p>15KG envasado en saco de rafia (referencia 9005400).<\/p>\n<p>600GR (referencia 9050054) y 3KG (referencia 9051553) envasado en bolsa de pl\u00e1stico con atm\u00f3sfera modificada.<\/p>\n<p>600GR (referencia 9075410) y 3.5KG (referencia 9075400) envasado en cubo de pl\u00e1stico con ergon\u00f3mica asa.<\/p>\n<p><strong><u>Instrucciones de uso<\/u><\/strong><\/p>\n<p>A libre disposici\u00f3n o racionado.<\/p>\n<p><strong><u>Observaciones<\/u><\/strong><\/p>\n<p>Conservar el producto en lugar fresco y seco. En \u00e9pocas de calor, almacenar la menor cantidad posible.<\/p>\n","protected":false},"excerpt":{"rendered":"<p>Mezcla de semillas premium para loros y cotorras, con frutas y pasta.<\/p>\n","protected":false},"featured_media":18473,"template":"","meta":{"_acf_changed":false},"product_brand":[],"product_cat":[147],"product_tag":[],"class_list":{"0":"post-6349","1":"product","2":"type-product","3":"status-publish","4":"has-post-thumbnail","6":"familia_producto-398","7":"product_cat-exoticos","9":"first","10":"instock","11":"taxable","12":"shipping-taxable","13":"purchasable","14":"product-type-simple"},"acf":[],"yoast_head":"<!-- This site is optimized with the Yoast SEO Premium plugin v25.2 (Yoast SEO v27.2) - https:\/\/yoast.com\/product\/yoast-seo-premium-wordpress\/ -->\n<title>MIXTURA LOROS ESPECIAL CUBO 600 GR - Galian Cogasa<\/title>\n<meta name=\"robots\" content=\"index, follow, max-snippet:-1, max-image-preview:large, max-video-preview:-1\" \/>\n<link rel=\"canonical\" href=\"https:\/\/galiancogasa.net\/tienda\/producto\/mixtura-loros-especial-cubo-600-gr\/\" \/>\n<meta property=\"og:locale\" content=\"es_ES\" \/>\n<meta property=\"og:type\" content=\"article\" \/>\n<meta property=\"og:title\" content=\"MIXTURA LOROS ESPECIAL CUBO 600 GR\" \/>\n<meta property=\"og:description\" content=\"Mezcla de semillas premium para loros y cotorras, con frutas y pasta.\" \/>\n<meta property=\"og:url\" content=\"https:\/\/galiancogasa.net\/tienda\/producto\/mixtura-loros-especial-cubo-600-gr\/\" \/>\n<meta property=\"og:site_name\" content=\"Galian Cogasa\" \/>\n<meta property=\"article:modified_time\" content=\"2026-02-13T19:39:52+00:00\" \/>\n<meta property=\"og:image\" content=\"https:\/\/galiancogasa.net\/tienda\/wp-content\/uploads\/2024\/03\/9005400-5.jpg\" \/>\n\t<meta property=\"og:image:width\" content=\"1080\" \/>\n\t<meta property=\"og:image:height\" content=\"1080\" \/>\n\t<meta property=\"og:image:type\" content=\"image\/jpeg\" \/>\n<meta name=\"twitter:card\" content=\"summary_large_image\" \/>\n<meta name=\"twitter:label1\" content=\"Tiempo de lectura\" \/>\n\t<meta name=\"twitter:data1\" content=\"2 minutos\" \/>\n<script type=\"application\/ld+json\" class=\"yoast-schema-graph\">{\"@context\":\"https:\/\/schema.org\",\"@graph\":[{\"@type\":\"WebPage\",\"@id\":\"https:\/\/galiancogasa.net\/tienda\/producto\/mixtura-loros-especial-cubo-600-gr\/\",\"url\":\"https:\/\/galiancogasa.net\/tienda\/producto\/mixtura-loros-especial-cubo-600-gr\/\",\"name\":\"MIXTURA LOROS ESPECIAL CUBO 600 GR - Galian Cogasa\",\"isPartOf\":{\"@id\":\"https:\/\/galiancogasa.net\/tienda\/#website\"},\"primaryImageOfPage\":{\"@id\":\"https:\/\/galiancogasa.net\/tienda\/producto\/mixtura-loros-especial-cubo-600-gr\/#primaryimage\"},\"image\":{\"@id\":\"https:\/\/galiancogasa.net\/tienda\/producto\/mixtura-loros-especial-cubo-600-gr\/#primaryimage\"},\"thumbnailUrl\":\"https:\/\/galiancogasa.net\/tienda\/wp-content\/uploads\/2024\/03\/9005400-5.jpg\",\"datePublished\":\"2024-03-17T11:03:32+00:00\",\"dateModified\":\"2026-02-13T19:39:52+00:00\",\"breadcrumb\":{\"@id\":\"https:\/\/galiancogasa.net\/tienda\/producto\/mixtura-loros-especial-cubo-600-gr\/#breadcrumb\"},\"inLanguage\":\"es\",\"potentialAction\":[{\"@type\":\"ReadAction\",\"target\":[\"https:\/\/galiancogasa.net\/tienda\/producto\/mixtura-loros-especial-cubo-600-gr\/\"]}]},{\"@type\":\"ImageObject\",\"inLanguage\":\"es\",\"@id\":\"https:\/\/galiancogasa.net\/tienda\/producto\/mixtura-loros-especial-cubo-600-gr\/#primaryimage\",\"url\":\"https:\/\/galiancogasa.net\/tienda\/wp-content\/uploads\/2024\/03\/9005400-5.jpg\",\"contentUrl\":\"https:\/\/galiancogasa.net\/tienda\/wp-content\/uploads\/2024\/03\/9005400-5.jpg\",\"width\":1080,\"height\":1080},{\"@type\":\"BreadcrumbList\",\"@id\":\"https:\/\/galiancogasa.net\/tienda\/producto\/mixtura-loros-especial-cubo-600-gr\/#breadcrumb\",\"itemListElement\":[{\"@type\":\"ListItem\",\"position\":1,\"name\":\"Home\",\"item\":\"https:\/\/galiancogasa.net\/tienda\/\"},{\"@type\":\"ListItem\",\"position\":2,\"name\":\"Tienda\",\"item\":\"https:\/\/galiancogasa.net\/tienda\/tienda\/\"},{\"@type\":\"ListItem\",\"position\":3,\"name\":\"MIXTURA LOROS ESPECIAL CUBO 600 GR\"}]},{\"@type\":\"WebSite\",\"@id\":\"https:\/\/galiancogasa.net\/tienda\/#website\",\"url\":\"https:\/\/galiancogasa.net\/tienda\/\",\"name\":\"Galian Cogasa\",\"description\":\"Tienda Online\",\"publisher\":{\"@id\":\"https:\/\/galiancogasa.net\/tienda\/#organization\"},\"potentialAction\":[{\"@type\":\"SearchAction\",\"target\":{\"@type\":\"EntryPoint\",\"urlTemplate\":\"https:\/\/galiancogasa.net\/tienda\/?s={search_term_string}\"},\"query-input\":{\"@type\":\"PropertyValueSpecification\",\"valueRequired\":true,\"valueName\":\"search_term_string\"}}],\"inLanguage\":\"es\"},{\"@type\":\"Organization\",\"@id\":\"https:\/\/galiancogasa.net\/tienda\/#organization\",\"name\":\"Galian Cogasa SL\",\"url\":\"https:\/\/galiancogasa.net\/tienda\/\",\"logo\":{\"@type\":\"ImageObject\",\"inLanguage\":\"es\",\"@id\":\"https:\/\/galiancogasa.net\/tienda\/#\/schema\/logo\/image\/\",\"url\":\"https:\/\/galiancogasa.net\/tienda\/wp-content\/uploads\/2024\/01\/logo-galian-v2.png\",\"contentUrl\":\"https:\/\/galiancogasa.net\/tienda\/wp-content\/uploads\/2024\/01\/logo-galian-v2.png\",\"width\":6156,\"height\":2296,\"caption\":\"Galian Cogasa SL\"},\"image\":{\"@id\":\"https:\/\/galiancogasa.net\/tienda\/#\/schema\/logo\/image\/\"}}]}<\/script>\n<!-- \/ Yoast SEO Premium plugin. -->","yoast_head_json":{"title":"MIXTURA LOROS ESPECIAL CUBO 600 GR - Galian Cogasa","robots":{"index":"index","follow":"follow","max-snippet":"max-snippet:-1","max-image-preview":"max-image-preview:large","max-video-preview":"max-video-preview:-1"},"canonical":"https:\/\/galiancogasa.net\/tienda\/producto\/mixtura-loros-especial-cubo-600-gr\/","og_locale":"es_ES","og_type":"article","og_title":"MIXTURA LOROS ESPECIAL CUBO 600 GR","og_description":"Mezcla de semillas premium para loros y cotorras, con frutas y pasta.","og_url":"https:\/\/galiancogasa.net\/tienda\/producto\/mixtura-loros-especial-cubo-600-gr\/","og_site_name":"Galian Cogasa","article_modified_time":"2026-02-13T19:39:52+00:00","og_image":[{"width":1080,"height":1080,"url":"https:\/\/galiancogasa.net\/tienda\/wp-content\/uploads\/2024\/03\/9005400-5.jpg","type":"image\/jpeg"}],"twitter_card":"summary_large_image","twitter_misc":{"Tiempo de lectura":"2 minutos"},"schema":{"@context":"https:\/\/schema.org","@graph":[{"@type":"WebPage","@id":"https:\/\/galiancogasa.net\/tienda\/producto\/mixtura-loros-especial-cubo-600-gr\/","url":"https:\/\/galiancogasa.net\/tienda\/producto\/mixtura-loros-especial-cubo-600-gr\/","name":"MIXTURA LOROS ESPECIAL CUBO 600 GR - Galian Cogasa","isPartOf":{"@id":"https:\/\/galiancogasa.net\/tienda\/#website"},"primaryImageOfPage":{"@id":"https:\/\/galiancogasa.net\/tienda\/producto\/mixtura-loros-especial-cubo-600-gr\/#primaryimage"},"image":{"@id":"https:\/\/galiancogasa.net\/tienda\/producto\/mixtura-loros-especial-cubo-600-gr\/#primaryimage"},"thumbnailUrl":"https:\/\/galiancogasa.net\/tienda\/wp-content\/uploads\/2024\/03\/9005400-5.jpg","datePublished":"2024-03-17T11:03:32+00:00","dateModified":"2026-02-13T19:39:52+00:00","breadcrumb":{"@id":"https:\/\/galiancogasa.net\/tienda\/producto\/mixtura-loros-especial-cubo-600-gr\/#breadcrumb"},"inLanguage":"es","potentialAction":[{"@type":"ReadAction","target":["https:\/\/galiancogasa.net\/tienda\/producto\/mixtura-loros-especial-cubo-600-gr\/"]}]},{"@type":"ImageObject","inLanguage":"es","@id":"https:\/\/galiancogasa.net\/tienda\/producto\/mixtura-loros-especial-cubo-600-gr\/#primaryimage","url":"https:\/\/galiancogasa.net\/tienda\/wp-content\/uploads\/2024\/03\/9005400-5.jpg","contentUrl":"https:\/\/galiancogasa.net\/tienda\/wp-content\/uploads\/2024\/03\/9005400-5.jpg","width":1080,"height":1080},{"@type":"BreadcrumbList","@id":"https:\/\/galiancogasa.net\/tienda\/producto\/mixtura-loros-especial-cubo-600-gr\/#breadcrumb","itemListElement":[{"@type":"ListItem","position":1,"name":"Home","item":"https:\/\/galiancogasa.net\/tienda\/"},{"@type":"ListItem","position":2,"name":"Tienda","item":"https:\/\/galiancogasa.net\/tienda\/tienda\/"},{"@type":"ListItem","position":3,"name":"MIXTURA LOROS ESPECIAL CUBO 600 GR"}]},{"@type":"WebSite","@id":"https:\/\/galiancogasa.net\/tienda\/#website","url":"https:\/\/galiancogasa.net\/tienda\/","name":"Galian Cogasa","description":"Tienda Online","publisher":{"@id":"https:\/\/galiancogasa.net\/tienda\/#organization"},"potentialAction":[{"@type":"SearchAction","target":{"@type":"EntryPoint","urlTemplate":"https:\/\/galiancogasa.net\/tienda\/?s={search_term_string}"},"query-input":{"@type":"PropertyValueSpecification","valueRequired":true,"valueName":"search_term_string"}}],"inLanguage":"es"},{"@type":"Organization","@id":"https:\/\/galiancogasa.net\/tienda\/#organization","name":"Galian Cogasa SL","url":"https:\/\/galiancogasa.net\/tienda\/","logo":{"@type":"ImageObject","inLanguage":"es","@id":"https:\/\/galiancogasa.net\/tienda\/#\/schema\/logo\/image\/","url":"https:\/\/galiancogasa.net\/tienda\/wp-content\/uploads\/2024\/01\/logo-galian-v2.png","contentUrl":"https:\/\/galiancogasa.net\/tienda\/wp-content\/uploads\/2024\/01\/logo-galian-v2.png","width":6156,"height":2296,"caption":"Galian Cogasa SL"},"image":{"@id":"https:\/\/galiancogasa.net\/tienda\/#\/schema\/logo\/image\/"}}]}},"_links":{"self":[{"href":"https:\/\/galiancogasa.net\/tienda\/wp-json\/wp\/v2\/product\/6349","targetHints":{"allow":["GET"]}}],"collection":[{"href":"https:\/\/galiancogasa.net\/tienda\/wp-json\/wp\/v2\/product"}],"about":[{"href":"https:\/\/galiancogasa.net\/tienda\/wp-json\/wp\/v2\/types\/product"}],"wp:featuredmedia":[{"embeddable":true,"href":"https:\/\/galiancogasa.net\/tienda\/wp-json\/wp\/v2\/media\/18473"}],"wp:attachment":[{"href":"https:\/\/galiancogasa.net\/tienda\/wp-json\/wp\/v2\/media?parent=6349"}],"wp:term":[{"taxonomy":"product_brand","embeddable":true,"href":"https:\/\/galiancogasa.net\/tienda\/wp-json\/wp\/v2\/product_brand?post=6349"},{"taxonomy":"product_cat","embeddable":true,"href":"https:\/\/galiancogasa.net\/tienda\/wp-json\/wp\/v2\/product_cat?post=6349"},{"taxonomy":"product_tag","embeddable":true,"href":"https:\/\/galiancogasa.net\/tienda\/wp-json\/wp\/v2\/product_tag?post=6349"}],"curies":[{"name":"wp","href":"https:\/\/api.w.org\/{rel}","templated":true}]}}