{"id":6053,"date":"2024-03-17T03:17:07","date_gmt":"2024-03-17T02:17:07","guid":{"rendered":"https:\/\/galiancogasa.net\/tienda\/producto\/mixtura-canarios-normal-sin-avena-20kg\/"},"modified":"2026-02-13T20:37:56","modified_gmt":"2026-02-13T19:37:56","slug":"mixtura-canarios-normal-sin-avena-20kg","status":"publish","type":"product","link":"https:\/\/galiancogasa.net\/tienda\/producto\/mixtura-canarios-normal-sin-avena-20kg\/","title":{"rendered":"MIXTURA CANARIOS NORMAL SIN AVENA 20KG"},"content":{"rendered":"<p><strong>Mezcla de semillas premium para canarios. F\u00f3rmula elaborada como alimento completo para canarios sin avena.<\/strong><\/p>\n<p><strong><u>Composici\u00f3n<\/u><\/strong><\/p>\n<p>Alpiste, colza, linaza, r\u00e1bano, ca\u00f1am\u00f3n, negrillo, gr\u00e1nulo panificado.<\/p>\n<p><strong><u>Componentes anal\u00edticos<\/u><\/strong><\/p>\n<p>Humedad 7,5%, cenizas 4,37%, prote\u00edna bruta 13,45%, aceite y grasas brutas 5,65%, fibra bruta 19,67%. Aditivos del gr\u00e1nulo: TECNOLOGICOS. Antioxidantes: Galato de propilo (E-310) y BHT (E-321). Antiaglomerantes: Kieselgur (tierra de diatomeas purificada E-551c). ORGANOLEPTICOS: Colorantes (mg\/kg): 1,875 Tartracina (2a102), 0,925 Azul Patentando V (2a131), 0,352 2a161g, 2,66 E-110. NUTRICIONALES: Vitaminas: 354IU\/kg Vitamina A (acetato de retinilo)(3a672a), 0.669 mg\/kg Vitamina E (acetato de toco-rac-alfa-tocoferilo)(3a700), 37.05IU\/Kg Vitamina D3 (E-671). Oligoelementos: 0,195mg; Cobre (Sulfato c\u00faprico, pentahidratrado E-4).<\/p>\n<p><strong><u>Formatos disponibles<\/u><\/strong><\/p>\n<p>20KG envasado en saco de rafia (referencia 9003110).<\/p>\n<p>1KG (referencia 9050032) y 5KG (referencia 9051532) envasado en bolsa con atm\u00f3sfera modificada.<\/p>\n<p><strong><u>Instrucciones de uso<\/u><\/strong><\/p>\n<p>A libre disposici\u00f3n o racionado.<\/p>\n<p><strong><u>Observaciones<\/u><\/strong><\/p>\n<p>Conservar el producto en lugar fresco y seco. En \u00e9pocas de calor, almacenar la menor cantidad posible.<\/p>\n","protected":false},"excerpt":{"rendered":"<p>Mezcla de semillas premium para canarios. F\u00f3rmula elaborada como alimento completo para canarios sin avena.<\/p>\n","protected":false},"featured_media":18280,"template":"","meta":{"_acf_changed":false},"product_brand":[],"product_cat":[146],"product_tag":[],"class_list":{"0":"post-6053","1":"product","2":"type-product","3":"status-publish","4":"has-post-thumbnail","6":"familia_producto-394","7":"product_cat-canarios","9":"first","10":"instock","11":"taxable","12":"shipping-taxable","13":"purchasable","14":"product-type-simple"},"acf":[],"yoast_head":"<!-- This site is optimized with the Yoast SEO Premium plugin v25.2 (Yoast SEO v27.2) - https:\/\/yoast.com\/product\/yoast-seo-premium-wordpress\/ -->\n<title>MIXTURA CANARIOS NORMAL SIN AVENA 20KG - Galian Cogasa<\/title>\n<meta name=\"robots\" content=\"index, follow, max-snippet:-1, max-image-preview:large, max-video-preview:-1\" \/>\n<link rel=\"canonical\" href=\"https:\/\/galiancogasa.net\/tienda\/producto\/mixtura-canarios-normal-sin-avena-20kg\/\" \/>\n<meta property=\"og:locale\" content=\"es_ES\" \/>\n<meta property=\"og:type\" content=\"article\" \/>\n<meta property=\"og:title\" content=\"MIXTURA CANARIOS NORMAL SIN AVENA 20KG\" \/>\n<meta property=\"og:description\" content=\"Mezcla de semillas premium para canarios. F\u00f3rmula elaborada como alimento completo para canarios sin avena.\" \/>\n<meta property=\"og:url\" content=\"https:\/\/galiancogasa.net\/tienda\/producto\/mixtura-canarios-normal-sin-avena-20kg\/\" \/>\n<meta property=\"og:site_name\" content=\"Galian Cogasa\" \/>\n<meta property=\"article:modified_time\" content=\"2026-02-13T19:37:56+00:00\" \/>\n<meta property=\"og:image\" content=\"https:\/\/galiancogasa.net\/tienda\/wp-content\/uploads\/2024\/03\/9003110-1.jpg\" \/>\n\t<meta property=\"og:image:width\" content=\"1080\" \/>\n\t<meta property=\"og:image:height\" content=\"1080\" \/>\n\t<meta property=\"og:image:type\" content=\"image\/jpeg\" \/>\n<meta name=\"twitter:card\" content=\"summary_large_image\" \/>\n<meta name=\"twitter:label1\" content=\"Tiempo de lectura\" \/>\n\t<meta name=\"twitter:data1\" content=\"1 minuto\" \/>\n<script type=\"application\/ld+json\" class=\"yoast-schema-graph\">{\"@context\":\"https:\/\/schema.org\",\"@graph\":[{\"@type\":\"WebPage\",\"@id\":\"https:\/\/galiancogasa.net\/tienda\/producto\/mixtura-canarios-normal-sin-avena-20kg\/\",\"url\":\"https:\/\/galiancogasa.net\/tienda\/producto\/mixtura-canarios-normal-sin-avena-20kg\/\",\"name\":\"MIXTURA CANARIOS NORMAL SIN AVENA 20KG - Galian Cogasa\",\"isPartOf\":{\"@id\":\"https:\/\/galiancogasa.net\/tienda\/#website\"},\"primaryImageOfPage\":{\"@id\":\"https:\/\/galiancogasa.net\/tienda\/producto\/mixtura-canarios-normal-sin-avena-20kg\/#primaryimage\"},\"image\":{\"@id\":\"https:\/\/galiancogasa.net\/tienda\/producto\/mixtura-canarios-normal-sin-avena-20kg\/#primaryimage\"},\"thumbnailUrl\":\"https:\/\/galiancogasa.net\/tienda\/wp-content\/uploads\/2024\/03\/9003110-1.jpg\",\"datePublished\":\"2024-03-17T02:17:07+00:00\",\"dateModified\":\"2026-02-13T19:37:56+00:00\",\"breadcrumb\":{\"@id\":\"https:\/\/galiancogasa.net\/tienda\/producto\/mixtura-canarios-normal-sin-avena-20kg\/#breadcrumb\"},\"inLanguage\":\"es\",\"potentialAction\":[{\"@type\":\"ReadAction\",\"target\":[\"https:\/\/galiancogasa.net\/tienda\/producto\/mixtura-canarios-normal-sin-avena-20kg\/\"]}]},{\"@type\":\"ImageObject\",\"inLanguage\":\"es\",\"@id\":\"https:\/\/galiancogasa.net\/tienda\/producto\/mixtura-canarios-normal-sin-avena-20kg\/#primaryimage\",\"url\":\"https:\/\/galiancogasa.net\/tienda\/wp-content\/uploads\/2024\/03\/9003110-1.jpg\",\"contentUrl\":\"https:\/\/galiancogasa.net\/tienda\/wp-content\/uploads\/2024\/03\/9003110-1.jpg\",\"width\":1080,\"height\":1080},{\"@type\":\"BreadcrumbList\",\"@id\":\"https:\/\/galiancogasa.net\/tienda\/producto\/mixtura-canarios-normal-sin-avena-20kg\/#breadcrumb\",\"itemListElement\":[{\"@type\":\"ListItem\",\"position\":1,\"name\":\"Home\",\"item\":\"https:\/\/galiancogasa.net\/tienda\/\"},{\"@type\":\"ListItem\",\"position\":2,\"name\":\"Tienda\",\"item\":\"https:\/\/galiancogasa.net\/tienda\/tienda\/\"},{\"@type\":\"ListItem\",\"position\":3,\"name\":\"MIXTURA CANARIOS NORMAL SIN AVENA 20KG\"}]},{\"@type\":\"WebSite\",\"@id\":\"https:\/\/galiancogasa.net\/tienda\/#website\",\"url\":\"https:\/\/galiancogasa.net\/tienda\/\",\"name\":\"Galian Cogasa\",\"description\":\"Tienda Online\",\"publisher\":{\"@id\":\"https:\/\/galiancogasa.net\/tienda\/#organization\"},\"potentialAction\":[{\"@type\":\"SearchAction\",\"target\":{\"@type\":\"EntryPoint\",\"urlTemplate\":\"https:\/\/galiancogasa.net\/tienda\/?s={search_term_string}\"},\"query-input\":{\"@type\":\"PropertyValueSpecification\",\"valueRequired\":true,\"valueName\":\"search_term_string\"}}],\"inLanguage\":\"es\"},{\"@type\":\"Organization\",\"@id\":\"https:\/\/galiancogasa.net\/tienda\/#organization\",\"name\":\"Galian Cogasa SL\",\"url\":\"https:\/\/galiancogasa.net\/tienda\/\",\"logo\":{\"@type\":\"ImageObject\",\"inLanguage\":\"es\",\"@id\":\"https:\/\/galiancogasa.net\/tienda\/#\/schema\/logo\/image\/\",\"url\":\"https:\/\/galiancogasa.net\/tienda\/wp-content\/uploads\/2024\/01\/logo-galian-v2.png\",\"contentUrl\":\"https:\/\/galiancogasa.net\/tienda\/wp-content\/uploads\/2024\/01\/logo-galian-v2.png\",\"width\":6156,\"height\":2296,\"caption\":\"Galian Cogasa SL\"},\"image\":{\"@id\":\"https:\/\/galiancogasa.net\/tienda\/#\/schema\/logo\/image\/\"}}]}<\/script>\n<!-- \/ Yoast SEO Premium plugin. -->","yoast_head_json":{"title":"MIXTURA CANARIOS NORMAL SIN AVENA 20KG - Galian Cogasa","robots":{"index":"index","follow":"follow","max-snippet":"max-snippet:-1","max-image-preview":"max-image-preview:large","max-video-preview":"max-video-preview:-1"},"canonical":"https:\/\/galiancogasa.net\/tienda\/producto\/mixtura-canarios-normal-sin-avena-20kg\/","og_locale":"es_ES","og_type":"article","og_title":"MIXTURA CANARIOS NORMAL SIN AVENA 20KG","og_description":"Mezcla de semillas premium para canarios. F\u00f3rmula elaborada como alimento completo para canarios sin avena.","og_url":"https:\/\/galiancogasa.net\/tienda\/producto\/mixtura-canarios-normal-sin-avena-20kg\/","og_site_name":"Galian Cogasa","article_modified_time":"2026-02-13T19:37:56+00:00","og_image":[{"width":1080,"height":1080,"url":"https:\/\/galiancogasa.net\/tienda\/wp-content\/uploads\/2024\/03\/9003110-1.jpg","type":"image\/jpeg"}],"twitter_card":"summary_large_image","twitter_misc":{"Tiempo de lectura":"1 minuto"},"schema":{"@context":"https:\/\/schema.org","@graph":[{"@type":"WebPage","@id":"https:\/\/galiancogasa.net\/tienda\/producto\/mixtura-canarios-normal-sin-avena-20kg\/","url":"https:\/\/galiancogasa.net\/tienda\/producto\/mixtura-canarios-normal-sin-avena-20kg\/","name":"MIXTURA CANARIOS NORMAL SIN AVENA 20KG - Galian Cogasa","isPartOf":{"@id":"https:\/\/galiancogasa.net\/tienda\/#website"},"primaryImageOfPage":{"@id":"https:\/\/galiancogasa.net\/tienda\/producto\/mixtura-canarios-normal-sin-avena-20kg\/#primaryimage"},"image":{"@id":"https:\/\/galiancogasa.net\/tienda\/producto\/mixtura-canarios-normal-sin-avena-20kg\/#primaryimage"},"thumbnailUrl":"https:\/\/galiancogasa.net\/tienda\/wp-content\/uploads\/2024\/03\/9003110-1.jpg","datePublished":"2024-03-17T02:17:07+00:00","dateModified":"2026-02-13T19:37:56+00:00","breadcrumb":{"@id":"https:\/\/galiancogasa.net\/tienda\/producto\/mixtura-canarios-normal-sin-avena-20kg\/#breadcrumb"},"inLanguage":"es","potentialAction":[{"@type":"ReadAction","target":["https:\/\/galiancogasa.net\/tienda\/producto\/mixtura-canarios-normal-sin-avena-20kg\/"]}]},{"@type":"ImageObject","inLanguage":"es","@id":"https:\/\/galiancogasa.net\/tienda\/producto\/mixtura-canarios-normal-sin-avena-20kg\/#primaryimage","url":"https:\/\/galiancogasa.net\/tienda\/wp-content\/uploads\/2024\/03\/9003110-1.jpg","contentUrl":"https:\/\/galiancogasa.net\/tienda\/wp-content\/uploads\/2024\/03\/9003110-1.jpg","width":1080,"height":1080},{"@type":"BreadcrumbList","@id":"https:\/\/galiancogasa.net\/tienda\/producto\/mixtura-canarios-normal-sin-avena-20kg\/#breadcrumb","itemListElement":[{"@type":"ListItem","position":1,"name":"Home","item":"https:\/\/galiancogasa.net\/tienda\/"},{"@type":"ListItem","position":2,"name":"Tienda","item":"https:\/\/galiancogasa.net\/tienda\/tienda\/"},{"@type":"ListItem","position":3,"name":"MIXTURA CANARIOS NORMAL SIN AVENA 20KG"}]},{"@type":"WebSite","@id":"https:\/\/galiancogasa.net\/tienda\/#website","url":"https:\/\/galiancogasa.net\/tienda\/","name":"Galian Cogasa","description":"Tienda Online","publisher":{"@id":"https:\/\/galiancogasa.net\/tienda\/#organization"},"potentialAction":[{"@type":"SearchAction","target":{"@type":"EntryPoint","urlTemplate":"https:\/\/galiancogasa.net\/tienda\/?s={search_term_string}"},"query-input":{"@type":"PropertyValueSpecification","valueRequired":true,"valueName":"search_term_string"}}],"inLanguage":"es"},{"@type":"Organization","@id":"https:\/\/galiancogasa.net\/tienda\/#organization","name":"Galian Cogasa SL","url":"https:\/\/galiancogasa.net\/tienda\/","logo":{"@type":"ImageObject","inLanguage":"es","@id":"https:\/\/galiancogasa.net\/tienda\/#\/schema\/logo\/image\/","url":"https:\/\/galiancogasa.net\/tienda\/wp-content\/uploads\/2024\/01\/logo-galian-v2.png","contentUrl":"https:\/\/galiancogasa.net\/tienda\/wp-content\/uploads\/2024\/01\/logo-galian-v2.png","width":6156,"height":2296,"caption":"Galian Cogasa SL"},"image":{"@id":"https:\/\/galiancogasa.net\/tienda\/#\/schema\/logo\/image\/"}}]}},"_links":{"self":[{"href":"https:\/\/galiancogasa.net\/tienda\/wp-json\/wp\/v2\/product\/6053","targetHints":{"allow":["GET"]}}],"collection":[{"href":"https:\/\/galiancogasa.net\/tienda\/wp-json\/wp\/v2\/product"}],"about":[{"href":"https:\/\/galiancogasa.net\/tienda\/wp-json\/wp\/v2\/types\/product"}],"wp:featuredmedia":[{"embeddable":true,"href":"https:\/\/galiancogasa.net\/tienda\/wp-json\/wp\/v2\/media\/18280"}],"wp:attachment":[{"href":"https:\/\/galiancogasa.net\/tienda\/wp-json\/wp\/v2\/media?parent=6053"}],"wp:term":[{"taxonomy":"product_brand","embeddable":true,"href":"https:\/\/galiancogasa.net\/tienda\/wp-json\/wp\/v2\/product_brand?post=6053"},{"taxonomy":"product_cat","embeddable":true,"href":"https:\/\/galiancogasa.net\/tienda\/wp-json\/wp\/v2\/product_cat?post=6053"},{"taxonomy":"product_tag","embeddable":true,"href":"https:\/\/galiancogasa.net\/tienda\/wp-json\/wp\/v2\/product_tag?post=6053"}],"curies":[{"name":"wp","href":"https:\/\/api.w.org\/{rel}","templated":true}]}}