{"id":6043,"date":"2024-03-17T03:16:21","date_gmt":"2024-03-17T02:16:21","guid":{"rendered":"https:\/\/galiancogasa.net\/tienda\/producto\/mixtura-especial-n-3-palomos-deport-20\/"},"modified":"2026-02-13T20:37:40","modified_gmt":"2026-02-13T19:37:40","slug":"mixtura-especial-n-3-palomos-deport-20","status":"publish","type":"product","link":"https:\/\/galiancogasa.net\/tienda\/producto\/mixtura-especial-n-3-palomos-deport-20\/","title":{"rendered":"MIXTURA ESPECIAL N.3 PALOMOS DEPORT. 20"},"content":{"rendered":"<p><strong>Mezcla de semillas premium para palomos deportivos. Mixtura elaborada para palomos que se deben alimentar teniendo en cuenta la fuerza del palomo, ya que est\u00e1n bien de celo. Tambi\u00e9n se suele usar en la \u00e9poca de muda.<\/strong><\/p>\n<p><strong><u>Composici\u00f3n<\/u><\/strong><\/p>\n<p>Veza, yeros, guisante, lenteja, arroz, concha marina caliza, cebada.<\/p>\n<p><strong><u>Componentes anal\u00edticos<\/u><\/strong><\/p>\n<p>Humedad 8,32%, cenizas 2,1%, prote\u00edna bruta 23,76%, aceite y grasas brutas 2,08%, fibra bruta 8,38%, f\u00f3sforo 0,11%, calcio 0,079%, sodio 0,009%.<\/p>\n<p><strong><u>Formatos disponibles<\/u><\/strong><\/p>\n<p>20KG envasado en saco de rafia (referencia 9001330).<\/p>\n<p><strong><u>Instrucciones de uso<\/u><\/strong><\/p>\n<p>A libre disposici\u00f3n o racionado.<\/p>\n<p><strong><u>Observaciones<\/u><\/strong><\/p>\n<p>Conservar el producto en lugar fresco y seco. En \u00e9pocas de calor, almacenar la menor cantidad posible.<\/p>\n","protected":false},"excerpt":{"rendered":"<p>Mezcla de semillas premium para palomos deportivos. Mixtura elaborada para palomos que se deben alimentar teniendo en cuenta la fuerza del palomo, ya que est\u00e1n bien de celo. Tambi\u00e9n se suele usar en la \u00e9poca de muda.<\/p>\n","protected":false},"featured_media":18241,"template":"","meta":{"_acf_changed":false},"product_brand":[],"product_cat":[133],"product_tag":[],"class_list":{"0":"post-6043","1":"product","2":"type-product","3":"status-publish","4":"has-post-thumbnail","6":"familia_producto-394","7":"product_cat-mixturas","9":"first","10":"instock","11":"taxable","12":"shipping-taxable","13":"purchasable","14":"product-type-simple"},"acf":[],"yoast_head":"<!-- This site is optimized with the Yoast SEO Premium plugin v25.2 (Yoast SEO v27.3) - https:\/\/yoast.com\/product\/yoast-seo-premium-wordpress\/ -->\n<title>MIXTURA ESPECIAL N.3 PALOMOS DEPORT. 20 - Galian Cogasa<\/title>\n<meta name=\"robots\" content=\"index, follow, max-snippet:-1, max-image-preview:large, max-video-preview:-1\" \/>\n<link rel=\"canonical\" href=\"https:\/\/galiancogasa.net\/tienda\/producto\/mixtura-especial-n-3-palomos-deport-20\/\" \/>\n<meta property=\"og:locale\" content=\"es_ES\" \/>\n<meta property=\"og:type\" content=\"article\" \/>\n<meta property=\"og:title\" content=\"MIXTURA ESPECIAL N.3 PALOMOS DEPORT. 20\" \/>\n<meta property=\"og:description\" content=\"Mezcla de semillas premium para palomos deportivos. Mixtura elaborada para palomos que se deben alimentar teniendo en cuenta la fuerza del palomo, ya que est\u00e1n bien de celo. Tambi\u00e9n se suele usar en la \u00e9poca de muda.\" \/>\n<meta property=\"og:url\" content=\"https:\/\/galiancogasa.net\/tienda\/producto\/mixtura-especial-n-3-palomos-deport-20\/\" \/>\n<meta property=\"og:site_name\" content=\"Galian Cogasa\" \/>\n<meta property=\"article:modified_time\" content=\"2026-02-13T19:37:40+00:00\" \/>\n<meta property=\"og:image\" content=\"https:\/\/galiancogasa.net\/tienda\/wp-content\/uploads\/2024\/03\/9001330-1.jpg\" \/>\n\t<meta property=\"og:image:width\" content=\"1080\" \/>\n\t<meta property=\"og:image:height\" content=\"1080\" \/>\n\t<meta property=\"og:image:type\" content=\"image\/jpeg\" \/>\n<meta name=\"twitter:card\" content=\"summary_large_image\" \/>\n<meta name=\"twitter:label1\" content=\"Tiempo de lectura\" \/>\n\t<meta name=\"twitter:data1\" content=\"1 minuto\" \/>\n<script type=\"application\/ld+json\" class=\"yoast-schema-graph\">{\"@context\":\"https:\\\/\\\/schema.org\",\"@graph\":[{\"@type\":\"WebPage\",\"@id\":\"https:\\\/\\\/galiancogasa.net\\\/tienda\\\/producto\\\/mixtura-especial-n-3-palomos-deport-20\\\/\",\"url\":\"https:\\\/\\\/galiancogasa.net\\\/tienda\\\/producto\\\/mixtura-especial-n-3-palomos-deport-20\\\/\",\"name\":\"MIXTURA ESPECIAL N.3 PALOMOS DEPORT. 20 - Galian Cogasa\",\"isPartOf\":{\"@id\":\"https:\\\/\\\/galiancogasa.net\\\/tienda\\\/#website\"},\"primaryImageOfPage\":{\"@id\":\"https:\\\/\\\/galiancogasa.net\\\/tienda\\\/producto\\\/mixtura-especial-n-3-palomos-deport-20\\\/#primaryimage\"},\"image\":{\"@id\":\"https:\\\/\\\/galiancogasa.net\\\/tienda\\\/producto\\\/mixtura-especial-n-3-palomos-deport-20\\\/#primaryimage\"},\"thumbnailUrl\":\"https:\\\/\\\/galiancogasa.net\\\/tienda\\\/wp-content\\\/uploads\\\/2024\\\/03\\\/9001330-1.jpg\",\"datePublished\":\"2024-03-17T02:16:21+00:00\",\"dateModified\":\"2026-02-13T19:37:40+00:00\",\"breadcrumb\":{\"@id\":\"https:\\\/\\\/galiancogasa.net\\\/tienda\\\/producto\\\/mixtura-especial-n-3-palomos-deport-20\\\/#breadcrumb\"},\"inLanguage\":\"es\",\"potentialAction\":[{\"@type\":\"ReadAction\",\"target\":[\"https:\\\/\\\/galiancogasa.net\\\/tienda\\\/producto\\\/mixtura-especial-n-3-palomos-deport-20\\\/\"]}]},{\"@type\":\"ImageObject\",\"inLanguage\":\"es\",\"@id\":\"https:\\\/\\\/galiancogasa.net\\\/tienda\\\/producto\\\/mixtura-especial-n-3-palomos-deport-20\\\/#primaryimage\",\"url\":\"https:\\\/\\\/galiancogasa.net\\\/tienda\\\/wp-content\\\/uploads\\\/2024\\\/03\\\/9001330-1.jpg\",\"contentUrl\":\"https:\\\/\\\/galiancogasa.net\\\/tienda\\\/wp-content\\\/uploads\\\/2024\\\/03\\\/9001330-1.jpg\",\"width\":1080,\"height\":1080},{\"@type\":\"BreadcrumbList\",\"@id\":\"https:\\\/\\\/galiancogasa.net\\\/tienda\\\/producto\\\/mixtura-especial-n-3-palomos-deport-20\\\/#breadcrumb\",\"itemListElement\":[{\"@type\":\"ListItem\",\"position\":1,\"name\":\"Home\",\"item\":\"https:\\\/\\\/galiancogasa.net\\\/tienda\\\/\"},{\"@type\":\"ListItem\",\"position\":2,\"name\":\"Tienda\",\"item\":\"https:\\\/\\\/galiancogasa.net\\\/tienda\\\/tienda\\\/\"},{\"@type\":\"ListItem\",\"position\":3,\"name\":\"MIXTURA ESPECIAL N.3 PALOMOS DEPORT. 20\"}]},{\"@type\":\"WebSite\",\"@id\":\"https:\\\/\\\/galiancogasa.net\\\/tienda\\\/#website\",\"url\":\"https:\\\/\\\/galiancogasa.net\\\/tienda\\\/\",\"name\":\"Galian Cogasa\",\"description\":\"Tienda Online\",\"publisher\":{\"@id\":\"https:\\\/\\\/galiancogasa.net\\\/tienda\\\/#organization\"},\"potentialAction\":[{\"@type\":\"SearchAction\",\"target\":{\"@type\":\"EntryPoint\",\"urlTemplate\":\"https:\\\/\\\/galiancogasa.net\\\/tienda\\\/?s={search_term_string}\"},\"query-input\":{\"@type\":\"PropertyValueSpecification\",\"valueRequired\":true,\"valueName\":\"search_term_string\"}}],\"inLanguage\":\"es\"},{\"@type\":\"Organization\",\"@id\":\"https:\\\/\\\/galiancogasa.net\\\/tienda\\\/#organization\",\"name\":\"Galian Cogasa SL\",\"url\":\"https:\\\/\\\/galiancogasa.net\\\/tienda\\\/\",\"logo\":{\"@type\":\"ImageObject\",\"inLanguage\":\"es\",\"@id\":\"https:\\\/\\\/galiancogasa.net\\\/tienda\\\/#\\\/schema\\\/logo\\\/image\\\/\",\"url\":\"https:\\\/\\\/galiancogasa.net\\\/tienda\\\/wp-content\\\/uploads\\\/2024\\\/01\\\/logo-galian-v2.png\",\"contentUrl\":\"https:\\\/\\\/galiancogasa.net\\\/tienda\\\/wp-content\\\/uploads\\\/2024\\\/01\\\/logo-galian-v2.png\",\"width\":6156,\"height\":2296,\"caption\":\"Galian Cogasa SL\"},\"image\":{\"@id\":\"https:\\\/\\\/galiancogasa.net\\\/tienda\\\/#\\\/schema\\\/logo\\\/image\\\/\"}}]}<\/script>\n<!-- \/ Yoast SEO Premium plugin. -->","yoast_head_json":{"title":"MIXTURA ESPECIAL N.3 PALOMOS DEPORT. 20 - Galian Cogasa","robots":{"index":"index","follow":"follow","max-snippet":"max-snippet:-1","max-image-preview":"max-image-preview:large","max-video-preview":"max-video-preview:-1"},"canonical":"https:\/\/galiancogasa.net\/tienda\/producto\/mixtura-especial-n-3-palomos-deport-20\/","og_locale":"es_ES","og_type":"article","og_title":"MIXTURA ESPECIAL N.3 PALOMOS DEPORT. 20","og_description":"Mezcla de semillas premium para palomos deportivos. Mixtura elaborada para palomos que se deben alimentar teniendo en cuenta la fuerza del palomo, ya que est\u00e1n bien de celo. Tambi\u00e9n se suele usar en la \u00e9poca de muda.","og_url":"https:\/\/galiancogasa.net\/tienda\/producto\/mixtura-especial-n-3-palomos-deport-20\/","og_site_name":"Galian Cogasa","article_modified_time":"2026-02-13T19:37:40+00:00","og_image":[{"width":1080,"height":1080,"url":"https:\/\/galiancogasa.net\/tienda\/wp-content\/uploads\/2024\/03\/9001330-1.jpg","type":"image\/jpeg"}],"twitter_card":"summary_large_image","twitter_misc":{"Tiempo de lectura":"1 minuto"},"schema":{"@context":"https:\/\/schema.org","@graph":[{"@type":"WebPage","@id":"https:\/\/galiancogasa.net\/tienda\/producto\/mixtura-especial-n-3-palomos-deport-20\/","url":"https:\/\/galiancogasa.net\/tienda\/producto\/mixtura-especial-n-3-palomos-deport-20\/","name":"MIXTURA ESPECIAL N.3 PALOMOS DEPORT. 20 - Galian Cogasa","isPartOf":{"@id":"https:\/\/galiancogasa.net\/tienda\/#website"},"primaryImageOfPage":{"@id":"https:\/\/galiancogasa.net\/tienda\/producto\/mixtura-especial-n-3-palomos-deport-20\/#primaryimage"},"image":{"@id":"https:\/\/galiancogasa.net\/tienda\/producto\/mixtura-especial-n-3-palomos-deport-20\/#primaryimage"},"thumbnailUrl":"https:\/\/galiancogasa.net\/tienda\/wp-content\/uploads\/2024\/03\/9001330-1.jpg","datePublished":"2024-03-17T02:16:21+00:00","dateModified":"2026-02-13T19:37:40+00:00","breadcrumb":{"@id":"https:\/\/galiancogasa.net\/tienda\/producto\/mixtura-especial-n-3-palomos-deport-20\/#breadcrumb"},"inLanguage":"es","potentialAction":[{"@type":"ReadAction","target":["https:\/\/galiancogasa.net\/tienda\/producto\/mixtura-especial-n-3-palomos-deport-20\/"]}]},{"@type":"ImageObject","inLanguage":"es","@id":"https:\/\/galiancogasa.net\/tienda\/producto\/mixtura-especial-n-3-palomos-deport-20\/#primaryimage","url":"https:\/\/galiancogasa.net\/tienda\/wp-content\/uploads\/2024\/03\/9001330-1.jpg","contentUrl":"https:\/\/galiancogasa.net\/tienda\/wp-content\/uploads\/2024\/03\/9001330-1.jpg","width":1080,"height":1080},{"@type":"BreadcrumbList","@id":"https:\/\/galiancogasa.net\/tienda\/producto\/mixtura-especial-n-3-palomos-deport-20\/#breadcrumb","itemListElement":[{"@type":"ListItem","position":1,"name":"Home","item":"https:\/\/galiancogasa.net\/tienda\/"},{"@type":"ListItem","position":2,"name":"Tienda","item":"https:\/\/galiancogasa.net\/tienda\/tienda\/"},{"@type":"ListItem","position":3,"name":"MIXTURA ESPECIAL N.3 PALOMOS DEPORT. 20"}]},{"@type":"WebSite","@id":"https:\/\/galiancogasa.net\/tienda\/#website","url":"https:\/\/galiancogasa.net\/tienda\/","name":"Galian Cogasa","description":"Tienda Online","publisher":{"@id":"https:\/\/galiancogasa.net\/tienda\/#organization"},"potentialAction":[{"@type":"SearchAction","target":{"@type":"EntryPoint","urlTemplate":"https:\/\/galiancogasa.net\/tienda\/?s={search_term_string}"},"query-input":{"@type":"PropertyValueSpecification","valueRequired":true,"valueName":"search_term_string"}}],"inLanguage":"es"},{"@type":"Organization","@id":"https:\/\/galiancogasa.net\/tienda\/#organization","name":"Galian Cogasa SL","url":"https:\/\/galiancogasa.net\/tienda\/","logo":{"@type":"ImageObject","inLanguage":"es","@id":"https:\/\/galiancogasa.net\/tienda\/#\/schema\/logo\/image\/","url":"https:\/\/galiancogasa.net\/tienda\/wp-content\/uploads\/2024\/01\/logo-galian-v2.png","contentUrl":"https:\/\/galiancogasa.net\/tienda\/wp-content\/uploads\/2024\/01\/logo-galian-v2.png","width":6156,"height":2296,"caption":"Galian Cogasa SL"},"image":{"@id":"https:\/\/galiancogasa.net\/tienda\/#\/schema\/logo\/image\/"}}]}},"_links":{"self":[{"href":"https:\/\/galiancogasa.net\/tienda\/wp-json\/wp\/v2\/product\/6043","targetHints":{"allow":["GET"]}}],"collection":[{"href":"https:\/\/galiancogasa.net\/tienda\/wp-json\/wp\/v2\/product"}],"about":[{"href":"https:\/\/galiancogasa.net\/tienda\/wp-json\/wp\/v2\/types\/product"}],"wp:featuredmedia":[{"embeddable":true,"href":"https:\/\/galiancogasa.net\/tienda\/wp-json\/wp\/v2\/media\/18241"}],"wp:attachment":[{"href":"https:\/\/galiancogasa.net\/tienda\/wp-json\/wp\/v2\/media?parent=6043"}],"wp:term":[{"taxonomy":"product_brand","embeddable":true,"href":"https:\/\/galiancogasa.net\/tienda\/wp-json\/wp\/v2\/product_brand?post=6043"},{"taxonomy":"product_cat","embeddable":true,"href":"https:\/\/galiancogasa.net\/tienda\/wp-json\/wp\/v2\/product_cat?post=6043"},{"taxonomy":"product_tag","embeddable":true,"href":"https:\/\/galiancogasa.net\/tienda\/wp-json\/wp\/v2\/product_tag?post=6043"}],"curies":[{"name":"wp","href":"https:\/\/api.w.org\/{rel}","templated":true}]}}