{"id":1726,"date":"2024-03-16T22:07:06","date_gmt":"2024-03-16T21:07:06","guid":{"rendered":"https:\/\/galiancogasa.net\/tienda\/producto\/vitalian-vigor-plus-100-gr\/"},"modified":"2026-02-13T21:05:34","modified_gmt":"2026-02-13T20:05:34","slug":"vitalian-vigor-plus-100-gr","status":"publish","type":"product","link":"https:\/\/galiancogasa.net\/tienda\/producto\/vitalian-vigor-plus-100-gr\/","title":{"rendered":"VITALIAN VIGOR PLUS 100 GR"},"content":{"rendered":"<p><strong>Pienso complementario. Complejo vitam\u00ednico y amino\u00e1cido que fortalece a las aves en los periodos de cr\u00eda y crecimiento.<\/strong><\/p>\n<p><strong><u>Composici\u00f3n<\/u><\/strong><\/p>\n<p>Sulfato de magnesio, sorbitol, dextrosa. Aditivos por kg: Vitaminas, provitaminas y sustancias de efecto an\u00e1logo qu\u00edmicamente bien definidas: Vitamina A (3a672b) 337500 UI; Vitamina D3 (E671) 665000 UI, Vitamina E (3a700) 1000 UI; Vitamina B1 (3a820) 1250 mg; Vitamina B2 875 mg; Vitamina B6 (3a831) 550 mg; Vitamina B12 1,25 mg; Vitamina C 10000 mg; Vitamina K3 (3a710) 1000 mg; Niacina (3a314) 12500 mg; D-Pantotenato c\u00e1lcico (3a841) 1750 mg; \u00c1cido f\u00f3lico (3a316) 125 mg; Biotina (3a880) 0,5mg. Antiaglomerante: Sepiolita (E562) 490000 mg. Amino\u00e1cidos, sus sales y an\u00e1logos: DL-Metionina (3c301) 50000 mg; DL-Carnitina 25000 mg; L-Lisina (3.2.3) 20000 mg; Glicina 6780 mg; L-Arginina (3c361) 4950 mg; Asp\u00e1rtico \u00e1cido 4680 mg; L-Fenilalanina 4180 mg; L-Histidina 3850 mg; Glut\u00e1mico \u00e1cido 3780 mg; L-Alanina 3180 mg; L-Isoleucina (3c3.8.1) 2400 mg; L-Treonina (3c410) 1790 mg; LTript\u00f3fano 1000 mg; L-Cistina (3c391) 850 mg.<\/p>\n<p><strong><u>Constituyentes anal\u00edticos<\/u><\/strong><\/p>\n<p>Calcio 0%, f\u00f3sforo 0%, azufre 3,3%, magnesio 2,5%, sodio 0%, az\u00facares totales (sacarosa) 3%.<\/p>\n<p><strong><u>Especies de destino<\/u><\/strong><\/p>\n<p>Bovino, ovino, caprino, porcino, conejos, perdices, codornices y aves.<\/p>\n<p><strong><u>Formatos disponibles<\/u><\/strong><\/p>\n<p>Envase conteniendo 100g (referencia 9531190).<\/p>\n<p><strong><u>Instrucciones de uso<\/u><\/strong><\/p>\n<p>B\u00f3vidos adultos: 40 g\/d\u00eda durante 10 d\u00edas.<\/p>\n<p>Terneros: 30 g\/d\u00eda durante 10 d\u00edas.<\/p>\n<p>Cerdos reproductores: 30 g\/d\u00eda durante 10 d\u00edas.<\/p>\n<p>Cerdos crecimiento: 2 g\/d\u00eda durante 10 d\u00edas.<\/p>\n<p>Aves: 4 g\/kg de pienso durante 5 d\u00edas.<\/p>\n<p>Conejos, perdices y codornices: 1 g\/kg de pienso durante 10 d\u00edas.<\/p>\n<p>Ovejas y cabras: 6 g\/d\u00eda durante 10 d\u00edas.<\/p>\n<p>Corderos y cabritos: 2 g\/d\u00eda durante 10 d\u00edas.<\/p>\n<p><strong><u>Observaciones<\/u><\/strong><\/p>\n<p>Conservar en lugar seco y al abrigo de la luz.<\/p>\n","protected":false},"excerpt":{"rendered":"<p>Pienso complementario. Complejo vitam\u00ednico y amino\u00e1cido que fortalece a las aves en los periodos de cr\u00eda y crecimiento.<\/p>\n","protected":false},"featured_media":18565,"template":"","meta":{"_acf_changed":false},"product_brand":[],"product_cat":[153],"product_tag":[],"class_list":{"0":"post-1726","1":"product","2":"type-product","3":"status-publish","4":"has-post-thumbnail","6":"familia_producto-352","7":"product_cat-suplementos","9":"first","10":"instock","11":"taxable","12":"shipping-taxable","13":"purchasable","14":"product-type-simple"},"acf":[],"yoast_head":"<!-- This site is optimized with the Yoast SEO Premium plugin v25.2 (Yoast SEO v27.3) - https:\/\/yoast.com\/product\/yoast-seo-premium-wordpress\/ -->\n<title>VITALIAN VIGOR PLUS 100 GR - Galian Cogasa<\/title>\n<meta name=\"robots\" content=\"index, follow, max-snippet:-1, max-image-preview:large, max-video-preview:-1\" \/>\n<link rel=\"canonical\" href=\"https:\/\/galiancogasa.net\/tienda\/producto\/vitalian-vigor-plus-100-gr\/\" \/>\n<meta property=\"og:locale\" content=\"es_ES\" \/>\n<meta property=\"og:type\" content=\"article\" \/>\n<meta property=\"og:title\" content=\"VITALIAN VIGOR PLUS 100 GR\" \/>\n<meta property=\"og:description\" content=\"Pienso complementario. Complejo vitam\u00ednico y amino\u00e1cido que fortalece a las aves en los periodos de cr\u00eda y crecimiento.\" \/>\n<meta property=\"og:url\" content=\"https:\/\/galiancogasa.net\/tienda\/producto\/vitalian-vigor-plus-100-gr\/\" \/>\n<meta property=\"og:site_name\" content=\"Galian Cogasa\" \/>\n<meta property=\"article:modified_time\" content=\"2026-02-13T20:05:34+00:00\" \/>\n<meta property=\"og:image\" content=\"https:\/\/galiancogasa.net\/tienda\/wp-content\/uploads\/2024\/03\/9531190-1.jpg\" \/>\n\t<meta property=\"og:image:width\" content=\"1080\" \/>\n\t<meta property=\"og:image:height\" content=\"1080\" \/>\n\t<meta property=\"og:image:type\" content=\"image\/jpeg\" \/>\n<meta name=\"twitter:card\" content=\"summary_large_image\" \/>\n<meta name=\"twitter:label1\" content=\"Tiempo de lectura\" \/>\n\t<meta name=\"twitter:data1\" content=\"2 minutos\" \/>\n<script type=\"application\/ld+json\" class=\"yoast-schema-graph\">{\"@context\":\"https:\\\/\\\/schema.org\",\"@graph\":[{\"@type\":\"WebPage\",\"@id\":\"https:\\\/\\\/galiancogasa.net\\\/tienda\\\/producto\\\/vitalian-vigor-plus-100-gr\\\/\",\"url\":\"https:\\\/\\\/galiancogasa.net\\\/tienda\\\/producto\\\/vitalian-vigor-plus-100-gr\\\/\",\"name\":\"VITALIAN VIGOR PLUS 100 GR - Galian Cogasa\",\"isPartOf\":{\"@id\":\"https:\\\/\\\/galiancogasa.net\\\/tienda\\\/#website\"},\"primaryImageOfPage\":{\"@id\":\"https:\\\/\\\/galiancogasa.net\\\/tienda\\\/producto\\\/vitalian-vigor-plus-100-gr\\\/#primaryimage\"},\"image\":{\"@id\":\"https:\\\/\\\/galiancogasa.net\\\/tienda\\\/producto\\\/vitalian-vigor-plus-100-gr\\\/#primaryimage\"},\"thumbnailUrl\":\"https:\\\/\\\/galiancogasa.net\\\/tienda\\\/wp-content\\\/uploads\\\/2024\\\/03\\\/9531190-1.jpg\",\"datePublished\":\"2024-03-16T21:07:06+00:00\",\"dateModified\":\"2026-02-13T20:05:34+00:00\",\"breadcrumb\":{\"@id\":\"https:\\\/\\\/galiancogasa.net\\\/tienda\\\/producto\\\/vitalian-vigor-plus-100-gr\\\/#breadcrumb\"},\"inLanguage\":\"es\",\"potentialAction\":[{\"@type\":\"ReadAction\",\"target\":[\"https:\\\/\\\/galiancogasa.net\\\/tienda\\\/producto\\\/vitalian-vigor-plus-100-gr\\\/\"]}]},{\"@type\":\"ImageObject\",\"inLanguage\":\"es\",\"@id\":\"https:\\\/\\\/galiancogasa.net\\\/tienda\\\/producto\\\/vitalian-vigor-plus-100-gr\\\/#primaryimage\",\"url\":\"https:\\\/\\\/galiancogasa.net\\\/tienda\\\/wp-content\\\/uploads\\\/2024\\\/03\\\/9531190-1.jpg\",\"contentUrl\":\"https:\\\/\\\/galiancogasa.net\\\/tienda\\\/wp-content\\\/uploads\\\/2024\\\/03\\\/9531190-1.jpg\",\"width\":1080,\"height\":1080},{\"@type\":\"BreadcrumbList\",\"@id\":\"https:\\\/\\\/galiancogasa.net\\\/tienda\\\/producto\\\/vitalian-vigor-plus-100-gr\\\/#breadcrumb\",\"itemListElement\":[{\"@type\":\"ListItem\",\"position\":1,\"name\":\"Home\",\"item\":\"https:\\\/\\\/galiancogasa.net\\\/tienda\\\/\"},{\"@type\":\"ListItem\",\"position\":2,\"name\":\"Tienda\",\"item\":\"https:\\\/\\\/galiancogasa.net\\\/tienda\\\/tienda\\\/\"},{\"@type\":\"ListItem\",\"position\":3,\"name\":\"VITALIAN VIGOR PLUS 100 GR\"}]},{\"@type\":\"WebSite\",\"@id\":\"https:\\\/\\\/galiancogasa.net\\\/tienda\\\/#website\",\"url\":\"https:\\\/\\\/galiancogasa.net\\\/tienda\\\/\",\"name\":\"Galian Cogasa\",\"description\":\"Tienda Online\",\"publisher\":{\"@id\":\"https:\\\/\\\/galiancogasa.net\\\/tienda\\\/#organization\"},\"potentialAction\":[{\"@type\":\"SearchAction\",\"target\":{\"@type\":\"EntryPoint\",\"urlTemplate\":\"https:\\\/\\\/galiancogasa.net\\\/tienda\\\/?s={search_term_string}\"},\"query-input\":{\"@type\":\"PropertyValueSpecification\",\"valueRequired\":true,\"valueName\":\"search_term_string\"}}],\"inLanguage\":\"es\"},{\"@type\":\"Organization\",\"@id\":\"https:\\\/\\\/galiancogasa.net\\\/tienda\\\/#organization\",\"name\":\"Galian Cogasa SL\",\"url\":\"https:\\\/\\\/galiancogasa.net\\\/tienda\\\/\",\"logo\":{\"@type\":\"ImageObject\",\"inLanguage\":\"es\",\"@id\":\"https:\\\/\\\/galiancogasa.net\\\/tienda\\\/#\\\/schema\\\/logo\\\/image\\\/\",\"url\":\"https:\\\/\\\/galiancogasa.net\\\/tienda\\\/wp-content\\\/uploads\\\/2024\\\/01\\\/logo-galian-v2.png\",\"contentUrl\":\"https:\\\/\\\/galiancogasa.net\\\/tienda\\\/wp-content\\\/uploads\\\/2024\\\/01\\\/logo-galian-v2.png\",\"width\":6156,\"height\":2296,\"caption\":\"Galian Cogasa SL\"},\"image\":{\"@id\":\"https:\\\/\\\/galiancogasa.net\\\/tienda\\\/#\\\/schema\\\/logo\\\/image\\\/\"}}]}<\/script>\n<!-- \/ Yoast SEO Premium plugin. -->","yoast_head_json":{"title":"VITALIAN VIGOR PLUS 100 GR - Galian Cogasa","robots":{"index":"index","follow":"follow","max-snippet":"max-snippet:-1","max-image-preview":"max-image-preview:large","max-video-preview":"max-video-preview:-1"},"canonical":"https:\/\/galiancogasa.net\/tienda\/producto\/vitalian-vigor-plus-100-gr\/","og_locale":"es_ES","og_type":"article","og_title":"VITALIAN VIGOR PLUS 100 GR","og_description":"Pienso complementario. Complejo vitam\u00ednico y amino\u00e1cido que fortalece a las aves en los periodos de cr\u00eda y crecimiento.","og_url":"https:\/\/galiancogasa.net\/tienda\/producto\/vitalian-vigor-plus-100-gr\/","og_site_name":"Galian Cogasa","article_modified_time":"2026-02-13T20:05:34+00:00","og_image":[{"width":1080,"height":1080,"url":"https:\/\/galiancogasa.net\/tienda\/wp-content\/uploads\/2024\/03\/9531190-1.jpg","type":"image\/jpeg"}],"twitter_card":"summary_large_image","twitter_misc":{"Tiempo de lectura":"2 minutos"},"schema":{"@context":"https:\/\/schema.org","@graph":[{"@type":"WebPage","@id":"https:\/\/galiancogasa.net\/tienda\/producto\/vitalian-vigor-plus-100-gr\/","url":"https:\/\/galiancogasa.net\/tienda\/producto\/vitalian-vigor-plus-100-gr\/","name":"VITALIAN VIGOR PLUS 100 GR - Galian Cogasa","isPartOf":{"@id":"https:\/\/galiancogasa.net\/tienda\/#website"},"primaryImageOfPage":{"@id":"https:\/\/galiancogasa.net\/tienda\/producto\/vitalian-vigor-plus-100-gr\/#primaryimage"},"image":{"@id":"https:\/\/galiancogasa.net\/tienda\/producto\/vitalian-vigor-plus-100-gr\/#primaryimage"},"thumbnailUrl":"https:\/\/galiancogasa.net\/tienda\/wp-content\/uploads\/2024\/03\/9531190-1.jpg","datePublished":"2024-03-16T21:07:06+00:00","dateModified":"2026-02-13T20:05:34+00:00","breadcrumb":{"@id":"https:\/\/galiancogasa.net\/tienda\/producto\/vitalian-vigor-plus-100-gr\/#breadcrumb"},"inLanguage":"es","potentialAction":[{"@type":"ReadAction","target":["https:\/\/galiancogasa.net\/tienda\/producto\/vitalian-vigor-plus-100-gr\/"]}]},{"@type":"ImageObject","inLanguage":"es","@id":"https:\/\/galiancogasa.net\/tienda\/producto\/vitalian-vigor-plus-100-gr\/#primaryimage","url":"https:\/\/galiancogasa.net\/tienda\/wp-content\/uploads\/2024\/03\/9531190-1.jpg","contentUrl":"https:\/\/galiancogasa.net\/tienda\/wp-content\/uploads\/2024\/03\/9531190-1.jpg","width":1080,"height":1080},{"@type":"BreadcrumbList","@id":"https:\/\/galiancogasa.net\/tienda\/producto\/vitalian-vigor-plus-100-gr\/#breadcrumb","itemListElement":[{"@type":"ListItem","position":1,"name":"Home","item":"https:\/\/galiancogasa.net\/tienda\/"},{"@type":"ListItem","position":2,"name":"Tienda","item":"https:\/\/galiancogasa.net\/tienda\/tienda\/"},{"@type":"ListItem","position":3,"name":"VITALIAN VIGOR PLUS 100 GR"}]},{"@type":"WebSite","@id":"https:\/\/galiancogasa.net\/tienda\/#website","url":"https:\/\/galiancogasa.net\/tienda\/","name":"Galian Cogasa","description":"Tienda Online","publisher":{"@id":"https:\/\/galiancogasa.net\/tienda\/#organization"},"potentialAction":[{"@type":"SearchAction","target":{"@type":"EntryPoint","urlTemplate":"https:\/\/galiancogasa.net\/tienda\/?s={search_term_string}"},"query-input":{"@type":"PropertyValueSpecification","valueRequired":true,"valueName":"search_term_string"}}],"inLanguage":"es"},{"@type":"Organization","@id":"https:\/\/galiancogasa.net\/tienda\/#organization","name":"Galian Cogasa SL","url":"https:\/\/galiancogasa.net\/tienda\/","logo":{"@type":"ImageObject","inLanguage":"es","@id":"https:\/\/galiancogasa.net\/tienda\/#\/schema\/logo\/image\/","url":"https:\/\/galiancogasa.net\/tienda\/wp-content\/uploads\/2024\/01\/logo-galian-v2.png","contentUrl":"https:\/\/galiancogasa.net\/tienda\/wp-content\/uploads\/2024\/01\/logo-galian-v2.png","width":6156,"height":2296,"caption":"Galian Cogasa SL"},"image":{"@id":"https:\/\/galiancogasa.net\/tienda\/#\/schema\/logo\/image\/"}}]}},"_links":{"self":[{"href":"https:\/\/galiancogasa.net\/tienda\/wp-json\/wp\/v2\/product\/1726","targetHints":{"allow":["GET"]}}],"collection":[{"href":"https:\/\/galiancogasa.net\/tienda\/wp-json\/wp\/v2\/product"}],"about":[{"href":"https:\/\/galiancogasa.net\/tienda\/wp-json\/wp\/v2\/types\/product"}],"wp:featuredmedia":[{"embeddable":true,"href":"https:\/\/galiancogasa.net\/tienda\/wp-json\/wp\/v2\/media\/18565"}],"wp:attachment":[{"href":"https:\/\/galiancogasa.net\/tienda\/wp-json\/wp\/v2\/media?parent=1726"}],"wp:term":[{"taxonomy":"product_brand","embeddable":true,"href":"https:\/\/galiancogasa.net\/tienda\/wp-json\/wp\/v2\/product_brand?post=1726"},{"taxonomy":"product_cat","embeddable":true,"href":"https:\/\/galiancogasa.net\/tienda\/wp-json\/wp\/v2\/product_cat?post=1726"},{"taxonomy":"product_tag","embeddable":true,"href":"https:\/\/galiancogasa.net\/tienda\/wp-json\/wp\/v2\/product_tag?post=1726"}],"curies":[{"name":"wp","href":"https:\/\/api.w.org\/{rel}","templated":true}]}}