{"id":1720,"date":"2024-03-16T22:06:54","date_gmt":"2024-03-16T21:06:54","guid":{"rendered":"https:\/\/galiancogasa.net\/tienda\/producto\/vitalian-total-20-ml\/"},"modified":"2026-02-13T21:05:27","modified_gmt":"2026-02-13T20:05:27","slug":"vitalian-total-20-ml","status":"publish","type":"product","link":"https:\/\/galiancogasa.net\/tienda\/producto\/vitalian-total-20-ml\/","title":{"rendered":"VITALIAN TOTAL 20 ML"},"content":{"rendered":"<p><strong>Pienso complementario. Complejo vitam\u00ednico y amino\u00e1cido indicado para la avitaminosis, estr\u00e9s, muda y estados carenciales. Ayuda a mejorar la puesta, la fertilidad, a la recuperaci\u00f3n de procesos infecciosos y estimula el apetito.<\/strong><\/p>\n<p><strong><u>Composici\u00f3n<\/u><\/strong><\/p>\n<p>Propilenglicol, sorbitol, cloruro magn\u00e9sico. Aditivos por ml: Vitamina A (E672) 4200 UI; Vitamina D3 (E671) 660 UI; Vitamina E (alfa tocoferol acetato= 2mg; Vitamina B1 0,75mg; Vitamina B2 0,55mg; Vitamina B6 (3a831) 0,65mg; Vitamina B12 12mcg; Colina (cloruro) 11mg; Vitamina K 0,2mg; Niacina 1mg. Amino\u00e1cidos, sus sales y an\u00e1logos: DL-Metionina 4mg; L-Lisina 4mg; niacina 1mg.<\/p>\n<p><strong><u>Constituyentes anal\u00edticos<\/u><\/strong><\/p>\n<p>Prote\u00edna bruta 0%, fibra bruta 0%, aceites y grasas brutos 0,2%, cenizas brutas 2,45%, contenido en agua 90%.<\/p>\n<p><strong><u>Especies de destino<\/u><\/strong><\/p>\n<p>P\u00e1jaros, canarios, periquitos, jilgueros, pardillos, ninfas, agapornis, loros, perdices y gallos.<\/p>\n<p><strong><u>Formatos disponibles<\/u><\/strong><\/p>\n<p>Envases conteniendo 20ml con dosificador (referencia 9531090).<\/p>\n<p><strong><u>Instrucciones de uso<\/u><\/strong><\/p>\n<p>Oral en el agua de la bebida. 8 gotas en 40ml de agua. 5ml en 1 litro de agua. Utilizar 10 d\u00edas repartidos en dos per\u00edodos de 5 d\u00edas cada mes.<\/p>\n<p><strong><u>Observaciones<\/u><\/strong><\/p>\n<p>Conservar en lugar seco y al abrigo de la luz.<\/p>\n","protected":false},"excerpt":{"rendered":"<p>Pienso complementario. Complejo vitam\u00ednico y amino\u00e1cido indicado para la avitaminosis, estr\u00e9s, muda y estados carenciales. Ayuda a mejorar la puesta, la fertilidad, a la recuperaci\u00f3n de procesos infecciosos y estimula el apetito.<\/p>\n","protected":false},"featured_media":18556,"template":"","meta":{"_acf_changed":false},"product_brand":[],"product_cat":[153],"product_tag":[],"class_list":{"0":"post-1720","1":"product","2":"type-product","3":"status-publish","4":"has-post-thumbnail","6":"familia_producto-352","7":"product_cat-suplementos","9":"first","10":"instock","11":"taxable","12":"shipping-taxable","13":"purchasable","14":"product-type-simple"},"acf":[],"yoast_head":"<!-- This site is optimized with the Yoast SEO Premium plugin v25.2 (Yoast SEO v27.3) - https:\/\/yoast.com\/product\/yoast-seo-premium-wordpress\/ -->\n<title>VITALIAN TOTAL 20 ML - Galian Cogasa<\/title>\n<meta name=\"robots\" content=\"index, follow, max-snippet:-1, max-image-preview:large, max-video-preview:-1\" \/>\n<link rel=\"canonical\" href=\"https:\/\/galiancogasa.net\/tienda\/producto\/vitalian-total-20-ml\/\" \/>\n<meta property=\"og:locale\" content=\"es_ES\" \/>\n<meta property=\"og:type\" content=\"article\" \/>\n<meta property=\"og:title\" content=\"VITALIAN TOTAL 20 ML\" \/>\n<meta property=\"og:description\" content=\"Pienso complementario. Complejo vitam\u00ednico y amino\u00e1cido indicado para la avitaminosis, estr\u00e9s, muda y estados carenciales. Ayuda a mejorar la puesta, la fertilidad, a la recuperaci\u00f3n de procesos infecciosos y estimula el apetito.\" \/>\n<meta property=\"og:url\" content=\"https:\/\/galiancogasa.net\/tienda\/producto\/vitalian-total-20-ml\/\" \/>\n<meta property=\"og:site_name\" content=\"Galian Cogasa\" \/>\n<meta property=\"article:modified_time\" content=\"2026-02-13T20:05:27+00:00\" \/>\n<meta property=\"og:image\" content=\"https:\/\/galiancogasa.net\/tienda\/wp-content\/uploads\/2024\/03\/9531090-1.jpg\" \/>\n\t<meta property=\"og:image:width\" content=\"1080\" \/>\n\t<meta property=\"og:image:height\" content=\"1080\" \/>\n\t<meta property=\"og:image:type\" content=\"image\/jpeg\" \/>\n<meta name=\"twitter:card\" content=\"summary_large_image\" \/>\n<meta name=\"twitter:label1\" content=\"Tiempo de lectura\" \/>\n\t<meta name=\"twitter:data1\" content=\"1 minuto\" \/>\n<script type=\"application\/ld+json\" class=\"yoast-schema-graph\">{\"@context\":\"https:\\\/\\\/schema.org\",\"@graph\":[{\"@type\":\"WebPage\",\"@id\":\"https:\\\/\\\/galiancogasa.net\\\/tienda\\\/producto\\\/vitalian-total-20-ml\\\/\",\"url\":\"https:\\\/\\\/galiancogasa.net\\\/tienda\\\/producto\\\/vitalian-total-20-ml\\\/\",\"name\":\"VITALIAN TOTAL 20 ML - Galian Cogasa\",\"isPartOf\":{\"@id\":\"https:\\\/\\\/galiancogasa.net\\\/tienda\\\/#website\"},\"primaryImageOfPage\":{\"@id\":\"https:\\\/\\\/galiancogasa.net\\\/tienda\\\/producto\\\/vitalian-total-20-ml\\\/#primaryimage\"},\"image\":{\"@id\":\"https:\\\/\\\/galiancogasa.net\\\/tienda\\\/producto\\\/vitalian-total-20-ml\\\/#primaryimage\"},\"thumbnailUrl\":\"https:\\\/\\\/galiancogasa.net\\\/tienda\\\/wp-content\\\/uploads\\\/2024\\\/03\\\/9531090-1.jpg\",\"datePublished\":\"2024-03-16T21:06:54+00:00\",\"dateModified\":\"2026-02-13T20:05:27+00:00\",\"breadcrumb\":{\"@id\":\"https:\\\/\\\/galiancogasa.net\\\/tienda\\\/producto\\\/vitalian-total-20-ml\\\/#breadcrumb\"},\"inLanguage\":\"es\",\"potentialAction\":[{\"@type\":\"ReadAction\",\"target\":[\"https:\\\/\\\/galiancogasa.net\\\/tienda\\\/producto\\\/vitalian-total-20-ml\\\/\"]}]},{\"@type\":\"ImageObject\",\"inLanguage\":\"es\",\"@id\":\"https:\\\/\\\/galiancogasa.net\\\/tienda\\\/producto\\\/vitalian-total-20-ml\\\/#primaryimage\",\"url\":\"https:\\\/\\\/galiancogasa.net\\\/tienda\\\/wp-content\\\/uploads\\\/2024\\\/03\\\/9531090-1.jpg\",\"contentUrl\":\"https:\\\/\\\/galiancogasa.net\\\/tienda\\\/wp-content\\\/uploads\\\/2024\\\/03\\\/9531090-1.jpg\",\"width\":1080,\"height\":1080},{\"@type\":\"BreadcrumbList\",\"@id\":\"https:\\\/\\\/galiancogasa.net\\\/tienda\\\/producto\\\/vitalian-total-20-ml\\\/#breadcrumb\",\"itemListElement\":[{\"@type\":\"ListItem\",\"position\":1,\"name\":\"Home\",\"item\":\"https:\\\/\\\/galiancogasa.net\\\/tienda\\\/\"},{\"@type\":\"ListItem\",\"position\":2,\"name\":\"Tienda\",\"item\":\"https:\\\/\\\/galiancogasa.net\\\/tienda\\\/tienda\\\/\"},{\"@type\":\"ListItem\",\"position\":3,\"name\":\"VITALIAN TOTAL 20 ML\"}]},{\"@type\":\"WebSite\",\"@id\":\"https:\\\/\\\/galiancogasa.net\\\/tienda\\\/#website\",\"url\":\"https:\\\/\\\/galiancogasa.net\\\/tienda\\\/\",\"name\":\"Galian Cogasa\",\"description\":\"Tienda Online\",\"publisher\":{\"@id\":\"https:\\\/\\\/galiancogasa.net\\\/tienda\\\/#organization\"},\"potentialAction\":[{\"@type\":\"SearchAction\",\"target\":{\"@type\":\"EntryPoint\",\"urlTemplate\":\"https:\\\/\\\/galiancogasa.net\\\/tienda\\\/?s={search_term_string}\"},\"query-input\":{\"@type\":\"PropertyValueSpecification\",\"valueRequired\":true,\"valueName\":\"search_term_string\"}}],\"inLanguage\":\"es\"},{\"@type\":\"Organization\",\"@id\":\"https:\\\/\\\/galiancogasa.net\\\/tienda\\\/#organization\",\"name\":\"Galian Cogasa SL\",\"url\":\"https:\\\/\\\/galiancogasa.net\\\/tienda\\\/\",\"logo\":{\"@type\":\"ImageObject\",\"inLanguage\":\"es\",\"@id\":\"https:\\\/\\\/galiancogasa.net\\\/tienda\\\/#\\\/schema\\\/logo\\\/image\\\/\",\"url\":\"https:\\\/\\\/galiancogasa.net\\\/tienda\\\/wp-content\\\/uploads\\\/2024\\\/01\\\/logo-galian-v2.png\",\"contentUrl\":\"https:\\\/\\\/galiancogasa.net\\\/tienda\\\/wp-content\\\/uploads\\\/2024\\\/01\\\/logo-galian-v2.png\",\"width\":6156,\"height\":2296,\"caption\":\"Galian Cogasa SL\"},\"image\":{\"@id\":\"https:\\\/\\\/galiancogasa.net\\\/tienda\\\/#\\\/schema\\\/logo\\\/image\\\/\"}}]}<\/script>\n<!-- \/ Yoast SEO Premium plugin. -->","yoast_head_json":{"title":"VITALIAN TOTAL 20 ML - Galian Cogasa","robots":{"index":"index","follow":"follow","max-snippet":"max-snippet:-1","max-image-preview":"max-image-preview:large","max-video-preview":"max-video-preview:-1"},"canonical":"https:\/\/galiancogasa.net\/tienda\/producto\/vitalian-total-20-ml\/","og_locale":"es_ES","og_type":"article","og_title":"VITALIAN TOTAL 20 ML","og_description":"Pienso complementario. Complejo vitam\u00ednico y amino\u00e1cido indicado para la avitaminosis, estr\u00e9s, muda y estados carenciales. Ayuda a mejorar la puesta, la fertilidad, a la recuperaci\u00f3n de procesos infecciosos y estimula el apetito.","og_url":"https:\/\/galiancogasa.net\/tienda\/producto\/vitalian-total-20-ml\/","og_site_name":"Galian Cogasa","article_modified_time":"2026-02-13T20:05:27+00:00","og_image":[{"width":1080,"height":1080,"url":"https:\/\/galiancogasa.net\/tienda\/wp-content\/uploads\/2024\/03\/9531090-1.jpg","type":"image\/jpeg"}],"twitter_card":"summary_large_image","twitter_misc":{"Tiempo de lectura":"1 minuto"},"schema":{"@context":"https:\/\/schema.org","@graph":[{"@type":"WebPage","@id":"https:\/\/galiancogasa.net\/tienda\/producto\/vitalian-total-20-ml\/","url":"https:\/\/galiancogasa.net\/tienda\/producto\/vitalian-total-20-ml\/","name":"VITALIAN TOTAL 20 ML - Galian Cogasa","isPartOf":{"@id":"https:\/\/galiancogasa.net\/tienda\/#website"},"primaryImageOfPage":{"@id":"https:\/\/galiancogasa.net\/tienda\/producto\/vitalian-total-20-ml\/#primaryimage"},"image":{"@id":"https:\/\/galiancogasa.net\/tienda\/producto\/vitalian-total-20-ml\/#primaryimage"},"thumbnailUrl":"https:\/\/galiancogasa.net\/tienda\/wp-content\/uploads\/2024\/03\/9531090-1.jpg","datePublished":"2024-03-16T21:06:54+00:00","dateModified":"2026-02-13T20:05:27+00:00","breadcrumb":{"@id":"https:\/\/galiancogasa.net\/tienda\/producto\/vitalian-total-20-ml\/#breadcrumb"},"inLanguage":"es","potentialAction":[{"@type":"ReadAction","target":["https:\/\/galiancogasa.net\/tienda\/producto\/vitalian-total-20-ml\/"]}]},{"@type":"ImageObject","inLanguage":"es","@id":"https:\/\/galiancogasa.net\/tienda\/producto\/vitalian-total-20-ml\/#primaryimage","url":"https:\/\/galiancogasa.net\/tienda\/wp-content\/uploads\/2024\/03\/9531090-1.jpg","contentUrl":"https:\/\/galiancogasa.net\/tienda\/wp-content\/uploads\/2024\/03\/9531090-1.jpg","width":1080,"height":1080},{"@type":"BreadcrumbList","@id":"https:\/\/galiancogasa.net\/tienda\/producto\/vitalian-total-20-ml\/#breadcrumb","itemListElement":[{"@type":"ListItem","position":1,"name":"Home","item":"https:\/\/galiancogasa.net\/tienda\/"},{"@type":"ListItem","position":2,"name":"Tienda","item":"https:\/\/galiancogasa.net\/tienda\/tienda\/"},{"@type":"ListItem","position":3,"name":"VITALIAN TOTAL 20 ML"}]},{"@type":"WebSite","@id":"https:\/\/galiancogasa.net\/tienda\/#website","url":"https:\/\/galiancogasa.net\/tienda\/","name":"Galian Cogasa","description":"Tienda Online","publisher":{"@id":"https:\/\/galiancogasa.net\/tienda\/#organization"},"potentialAction":[{"@type":"SearchAction","target":{"@type":"EntryPoint","urlTemplate":"https:\/\/galiancogasa.net\/tienda\/?s={search_term_string}"},"query-input":{"@type":"PropertyValueSpecification","valueRequired":true,"valueName":"search_term_string"}}],"inLanguage":"es"},{"@type":"Organization","@id":"https:\/\/galiancogasa.net\/tienda\/#organization","name":"Galian Cogasa SL","url":"https:\/\/galiancogasa.net\/tienda\/","logo":{"@type":"ImageObject","inLanguage":"es","@id":"https:\/\/galiancogasa.net\/tienda\/#\/schema\/logo\/image\/","url":"https:\/\/galiancogasa.net\/tienda\/wp-content\/uploads\/2024\/01\/logo-galian-v2.png","contentUrl":"https:\/\/galiancogasa.net\/tienda\/wp-content\/uploads\/2024\/01\/logo-galian-v2.png","width":6156,"height":2296,"caption":"Galian Cogasa SL"},"image":{"@id":"https:\/\/galiancogasa.net\/tienda\/#\/schema\/logo\/image\/"}}]}},"_links":{"self":[{"href":"https:\/\/galiancogasa.net\/tienda\/wp-json\/wp\/v2\/product\/1720","targetHints":{"allow":["GET"]}}],"collection":[{"href":"https:\/\/galiancogasa.net\/tienda\/wp-json\/wp\/v2\/product"}],"about":[{"href":"https:\/\/galiancogasa.net\/tienda\/wp-json\/wp\/v2\/types\/product"}],"wp:featuredmedia":[{"embeddable":true,"href":"https:\/\/galiancogasa.net\/tienda\/wp-json\/wp\/v2\/media\/18556"}],"wp:attachment":[{"href":"https:\/\/galiancogasa.net\/tienda\/wp-json\/wp\/v2\/media?parent=1720"}],"wp:term":[{"taxonomy":"product_brand","embeddable":true,"href":"https:\/\/galiancogasa.net\/tienda\/wp-json\/wp\/v2\/product_brand?post=1720"},{"taxonomy":"product_cat","embeddable":true,"href":"https:\/\/galiancogasa.net\/tienda\/wp-json\/wp\/v2\/product_cat?post=1720"},{"taxonomy":"product_tag","embeddable":true,"href":"https:\/\/galiancogasa.net\/tienda\/wp-json\/wp\/v2\/product_tag?post=1720"}],"curies":[{"name":"wp","href":"https:\/\/api.w.org\/{rel}","templated":true}]}}