{"id":1348,"date":"2024-03-16T21:54:35","date_gmt":"2024-03-16T20:54:35","guid":{"rendered":"https:\/\/galiancogasa.net\/tienda\/producto\/conchilla-de-ostra-7-5-kg-cubo\/"},"modified":"2026-02-13T21:07:43","modified_gmt":"2026-02-13T20:07:43","slug":"conchilla-de-ostra-7-5-kg-cubo","status":"publish","type":"product","link":"https:\/\/galiancogasa.net\/tienda\/producto\/conchilla-de-ostra-7-5-kg-cubo\/","title":{"rendered":"CONCHILLA DE OSTRA 7.5 KG CUBO"},"content":{"rendered":"<p>Nuestra Conchilla de Ostra para Palomos es un producto premium ideal para criadores y aficionados que buscan proporcionar a sus palomos una fuente de calcio esencial y otros minerales, promoviendo as\u00ed huesos fuertes, una \u00f3ptima digesti\u00f3n y un plumaje resplandeciente.<\/p>\n<p><u>Composici\u00f3n<\/u><\/p>\n<p>Concha marina caliza<\/p>\n<p><u>Formatos disponibles<\/u><\/p>\n<p>20KG envasado en saco de rafia (referencia 9610010), 1600GR (referencia 9610011) y 4KG (referencia 9610013) en cubo de pl\u00e1stico.<\/p>\n<p><u>Instrucciones de uso<\/u><\/p>\n<p>Puedes mezclar la conchilla de ostra directamente con el alimento, o bien tambi\u00e9n puedes colocar el producto en comederos separados, permitiendo que los palomos la consuman a su propio ritmo.<\/p>\n<p><u>Observaciones<\/u><\/p>\n<p>Conservar el producto en lugar fresco y seco. En \u00e9pocas de calor, almacenar la menor cantidad posible.<\/p>\n","protected":false},"excerpt":{"rendered":"<p>Nuestra Conchilla de Ostra para Palomos es un producto premium ideal para criadores y aficionados que buscan proporcionar a sus palomos una fuente de calcio esencial y otros minerales, promoviendo as\u00ed huesos fuertes, una \u00f3ptima digesti\u00f3n y un plumaje resplandeciente.<\/p>\n","protected":false},"featured_media":18693,"template":"","meta":{"_acf_changed":false},"product_brand":[],"product_cat":[135],"product_tag":[],"class_list":{"0":"post-1348","1":"product","2":"type-product","3":"status-publish","4":"has-post-thumbnail","6":"familia_producto-326","7":"product_cat-vitalian-y-complementos-minerales","9":"first","10":"instock","11":"taxable","12":"shipping-taxable","13":"purchasable","14":"product-type-simple"},"acf":[],"yoast_head":"<!-- This site is optimized with the Yoast SEO Premium plugin v25.2 (Yoast SEO v27.3) - https:\/\/yoast.com\/product\/yoast-seo-premium-wordpress\/ -->\n<title>CONCHILLA DE OSTRA 7.5 KG CUBO - Galian Cogasa<\/title>\n<meta name=\"robots\" content=\"index, follow, max-snippet:-1, max-image-preview:large, max-video-preview:-1\" \/>\n<link rel=\"canonical\" href=\"https:\/\/galiancogasa.net\/tienda\/producto\/conchilla-de-ostra-7-5-kg-cubo\/\" \/>\n<meta property=\"og:locale\" content=\"es_ES\" \/>\n<meta property=\"og:type\" content=\"article\" \/>\n<meta property=\"og:title\" content=\"CONCHILLA DE OSTRA 7.5 KG CUBO\" \/>\n<meta property=\"og:description\" content=\"Nuestra Conchilla de Ostra para Palomos es un producto premium ideal para criadores y aficionados que buscan proporcionar a sus palomos una fuente de calcio esencial y otros minerales, promoviendo as\u00ed huesos fuertes, una \u00f3ptima digesti\u00f3n y un plumaje resplandeciente.\" \/>\n<meta property=\"og:url\" content=\"https:\/\/galiancogasa.net\/tienda\/producto\/conchilla-de-ostra-7-5-kg-cubo\/\" \/>\n<meta property=\"og:site_name\" content=\"Galian Cogasa\" \/>\n<meta property=\"article:modified_time\" content=\"2026-02-13T20:07:43+00:00\" \/>\n<meta property=\"og:image\" content=\"https:\/\/galiancogasa.net\/tienda\/wp-content\/uploads\/2024\/03\/9610013.jpg\" \/>\n\t<meta property=\"og:image:width\" content=\"1080\" \/>\n\t<meta property=\"og:image:height\" content=\"1080\" \/>\n\t<meta property=\"og:image:type\" content=\"image\/jpeg\" \/>\n<meta name=\"twitter:card\" content=\"summary_large_image\" \/>\n<meta name=\"twitter:label1\" content=\"Tiempo de lectura\" \/>\n\t<meta name=\"twitter:data1\" content=\"1 minuto\" \/>\n<script type=\"application\/ld+json\" class=\"yoast-schema-graph\">{\"@context\":\"https:\\\/\\\/schema.org\",\"@graph\":[{\"@type\":\"WebPage\",\"@id\":\"https:\\\/\\\/galiancogasa.net\\\/tienda\\\/producto\\\/conchilla-de-ostra-7-5-kg-cubo\\\/\",\"url\":\"https:\\\/\\\/galiancogasa.net\\\/tienda\\\/producto\\\/conchilla-de-ostra-7-5-kg-cubo\\\/\",\"name\":\"CONCHILLA DE OSTRA 7.5 KG CUBO - Galian Cogasa\",\"isPartOf\":{\"@id\":\"https:\\\/\\\/galiancogasa.net\\\/tienda\\\/#website\"},\"primaryImageOfPage\":{\"@id\":\"https:\\\/\\\/galiancogasa.net\\\/tienda\\\/producto\\\/conchilla-de-ostra-7-5-kg-cubo\\\/#primaryimage\"},\"image\":{\"@id\":\"https:\\\/\\\/galiancogasa.net\\\/tienda\\\/producto\\\/conchilla-de-ostra-7-5-kg-cubo\\\/#primaryimage\"},\"thumbnailUrl\":\"https:\\\/\\\/galiancogasa.net\\\/tienda\\\/wp-content\\\/uploads\\\/2024\\\/03\\\/9610013.jpg\",\"datePublished\":\"2024-03-16T20:54:35+00:00\",\"dateModified\":\"2026-02-13T20:07:43+00:00\",\"breadcrumb\":{\"@id\":\"https:\\\/\\\/galiancogasa.net\\\/tienda\\\/producto\\\/conchilla-de-ostra-7-5-kg-cubo\\\/#breadcrumb\"},\"inLanguage\":\"es\",\"potentialAction\":[{\"@type\":\"ReadAction\",\"target\":[\"https:\\\/\\\/galiancogasa.net\\\/tienda\\\/producto\\\/conchilla-de-ostra-7-5-kg-cubo\\\/\"]}]},{\"@type\":\"ImageObject\",\"inLanguage\":\"es\",\"@id\":\"https:\\\/\\\/galiancogasa.net\\\/tienda\\\/producto\\\/conchilla-de-ostra-7-5-kg-cubo\\\/#primaryimage\",\"url\":\"https:\\\/\\\/galiancogasa.net\\\/tienda\\\/wp-content\\\/uploads\\\/2024\\\/03\\\/9610013.jpg\",\"contentUrl\":\"https:\\\/\\\/galiancogasa.net\\\/tienda\\\/wp-content\\\/uploads\\\/2024\\\/03\\\/9610013.jpg\",\"width\":1080,\"height\":1080},{\"@type\":\"BreadcrumbList\",\"@id\":\"https:\\\/\\\/galiancogasa.net\\\/tienda\\\/producto\\\/conchilla-de-ostra-7-5-kg-cubo\\\/#breadcrumb\",\"itemListElement\":[{\"@type\":\"ListItem\",\"position\":1,\"name\":\"Home\",\"item\":\"https:\\\/\\\/galiancogasa.net\\\/tienda\\\/\"},{\"@type\":\"ListItem\",\"position\":2,\"name\":\"Tienda\",\"item\":\"https:\\\/\\\/galiancogasa.net\\\/tienda\\\/tienda\\\/\"},{\"@type\":\"ListItem\",\"position\":3,\"name\":\"CONCHILLA DE OSTRA 7.5 KG CUBO\"}]},{\"@type\":\"WebSite\",\"@id\":\"https:\\\/\\\/galiancogasa.net\\\/tienda\\\/#website\",\"url\":\"https:\\\/\\\/galiancogasa.net\\\/tienda\\\/\",\"name\":\"Galian Cogasa\",\"description\":\"Tienda Online\",\"publisher\":{\"@id\":\"https:\\\/\\\/galiancogasa.net\\\/tienda\\\/#organization\"},\"potentialAction\":[{\"@type\":\"SearchAction\",\"target\":{\"@type\":\"EntryPoint\",\"urlTemplate\":\"https:\\\/\\\/galiancogasa.net\\\/tienda\\\/?s={search_term_string}\"},\"query-input\":{\"@type\":\"PropertyValueSpecification\",\"valueRequired\":true,\"valueName\":\"search_term_string\"}}],\"inLanguage\":\"es\"},{\"@type\":\"Organization\",\"@id\":\"https:\\\/\\\/galiancogasa.net\\\/tienda\\\/#organization\",\"name\":\"Galian Cogasa SL\",\"url\":\"https:\\\/\\\/galiancogasa.net\\\/tienda\\\/\",\"logo\":{\"@type\":\"ImageObject\",\"inLanguage\":\"es\",\"@id\":\"https:\\\/\\\/galiancogasa.net\\\/tienda\\\/#\\\/schema\\\/logo\\\/image\\\/\",\"url\":\"https:\\\/\\\/galiancogasa.net\\\/tienda\\\/wp-content\\\/uploads\\\/2024\\\/01\\\/logo-galian-v2.png\",\"contentUrl\":\"https:\\\/\\\/galiancogasa.net\\\/tienda\\\/wp-content\\\/uploads\\\/2024\\\/01\\\/logo-galian-v2.png\",\"width\":6156,\"height\":2296,\"caption\":\"Galian Cogasa SL\"},\"image\":{\"@id\":\"https:\\\/\\\/galiancogasa.net\\\/tienda\\\/#\\\/schema\\\/logo\\\/image\\\/\"}}]}<\/script>\n<!-- \/ Yoast SEO Premium plugin. -->","yoast_head_json":{"title":"CONCHILLA DE OSTRA 7.5 KG CUBO - Galian Cogasa","robots":{"index":"index","follow":"follow","max-snippet":"max-snippet:-1","max-image-preview":"max-image-preview:large","max-video-preview":"max-video-preview:-1"},"canonical":"https:\/\/galiancogasa.net\/tienda\/producto\/conchilla-de-ostra-7-5-kg-cubo\/","og_locale":"es_ES","og_type":"article","og_title":"CONCHILLA DE OSTRA 7.5 KG CUBO","og_description":"Nuestra Conchilla de Ostra para Palomos es un producto premium ideal para criadores y aficionados que buscan proporcionar a sus palomos una fuente de calcio esencial y otros minerales, promoviendo as\u00ed huesos fuertes, una \u00f3ptima digesti\u00f3n y un plumaje resplandeciente.","og_url":"https:\/\/galiancogasa.net\/tienda\/producto\/conchilla-de-ostra-7-5-kg-cubo\/","og_site_name":"Galian Cogasa","article_modified_time":"2026-02-13T20:07:43+00:00","og_image":[{"width":1080,"height":1080,"url":"https:\/\/galiancogasa.net\/tienda\/wp-content\/uploads\/2024\/03\/9610013.jpg","type":"image\/jpeg"}],"twitter_card":"summary_large_image","twitter_misc":{"Tiempo de lectura":"1 minuto"},"schema":{"@context":"https:\/\/schema.org","@graph":[{"@type":"WebPage","@id":"https:\/\/galiancogasa.net\/tienda\/producto\/conchilla-de-ostra-7-5-kg-cubo\/","url":"https:\/\/galiancogasa.net\/tienda\/producto\/conchilla-de-ostra-7-5-kg-cubo\/","name":"CONCHILLA DE OSTRA 7.5 KG CUBO - Galian Cogasa","isPartOf":{"@id":"https:\/\/galiancogasa.net\/tienda\/#website"},"primaryImageOfPage":{"@id":"https:\/\/galiancogasa.net\/tienda\/producto\/conchilla-de-ostra-7-5-kg-cubo\/#primaryimage"},"image":{"@id":"https:\/\/galiancogasa.net\/tienda\/producto\/conchilla-de-ostra-7-5-kg-cubo\/#primaryimage"},"thumbnailUrl":"https:\/\/galiancogasa.net\/tienda\/wp-content\/uploads\/2024\/03\/9610013.jpg","datePublished":"2024-03-16T20:54:35+00:00","dateModified":"2026-02-13T20:07:43+00:00","breadcrumb":{"@id":"https:\/\/galiancogasa.net\/tienda\/producto\/conchilla-de-ostra-7-5-kg-cubo\/#breadcrumb"},"inLanguage":"es","potentialAction":[{"@type":"ReadAction","target":["https:\/\/galiancogasa.net\/tienda\/producto\/conchilla-de-ostra-7-5-kg-cubo\/"]}]},{"@type":"ImageObject","inLanguage":"es","@id":"https:\/\/galiancogasa.net\/tienda\/producto\/conchilla-de-ostra-7-5-kg-cubo\/#primaryimage","url":"https:\/\/galiancogasa.net\/tienda\/wp-content\/uploads\/2024\/03\/9610013.jpg","contentUrl":"https:\/\/galiancogasa.net\/tienda\/wp-content\/uploads\/2024\/03\/9610013.jpg","width":1080,"height":1080},{"@type":"BreadcrumbList","@id":"https:\/\/galiancogasa.net\/tienda\/producto\/conchilla-de-ostra-7-5-kg-cubo\/#breadcrumb","itemListElement":[{"@type":"ListItem","position":1,"name":"Home","item":"https:\/\/galiancogasa.net\/tienda\/"},{"@type":"ListItem","position":2,"name":"Tienda","item":"https:\/\/galiancogasa.net\/tienda\/tienda\/"},{"@type":"ListItem","position":3,"name":"CONCHILLA DE OSTRA 7.5 KG CUBO"}]},{"@type":"WebSite","@id":"https:\/\/galiancogasa.net\/tienda\/#website","url":"https:\/\/galiancogasa.net\/tienda\/","name":"Galian Cogasa","description":"Tienda Online","publisher":{"@id":"https:\/\/galiancogasa.net\/tienda\/#organization"},"potentialAction":[{"@type":"SearchAction","target":{"@type":"EntryPoint","urlTemplate":"https:\/\/galiancogasa.net\/tienda\/?s={search_term_string}"},"query-input":{"@type":"PropertyValueSpecification","valueRequired":true,"valueName":"search_term_string"}}],"inLanguage":"es"},{"@type":"Organization","@id":"https:\/\/galiancogasa.net\/tienda\/#organization","name":"Galian Cogasa SL","url":"https:\/\/galiancogasa.net\/tienda\/","logo":{"@type":"ImageObject","inLanguage":"es","@id":"https:\/\/galiancogasa.net\/tienda\/#\/schema\/logo\/image\/","url":"https:\/\/galiancogasa.net\/tienda\/wp-content\/uploads\/2024\/01\/logo-galian-v2.png","contentUrl":"https:\/\/galiancogasa.net\/tienda\/wp-content\/uploads\/2024\/01\/logo-galian-v2.png","width":6156,"height":2296,"caption":"Galian Cogasa SL"},"image":{"@id":"https:\/\/galiancogasa.net\/tienda\/#\/schema\/logo\/image\/"}}]}},"_links":{"self":[{"href":"https:\/\/galiancogasa.net\/tienda\/wp-json\/wp\/v2\/product\/1348","targetHints":{"allow":["GET"]}}],"collection":[{"href":"https:\/\/galiancogasa.net\/tienda\/wp-json\/wp\/v2\/product"}],"about":[{"href":"https:\/\/galiancogasa.net\/tienda\/wp-json\/wp\/v2\/types\/product"}],"wp:featuredmedia":[{"embeddable":true,"href":"https:\/\/galiancogasa.net\/tienda\/wp-json\/wp\/v2\/media\/18693"}],"wp:attachment":[{"href":"https:\/\/galiancogasa.net\/tienda\/wp-json\/wp\/v2\/media?parent=1348"}],"wp:term":[{"taxonomy":"product_brand","embeddable":true,"href":"https:\/\/galiancogasa.net\/tienda\/wp-json\/wp\/v2\/product_brand?post=1348"},{"taxonomy":"product_cat","embeddable":true,"href":"https:\/\/galiancogasa.net\/tienda\/wp-json\/wp\/v2\/product_cat?post=1348"},{"taxonomy":"product_tag","embeddable":true,"href":"https:\/\/galiancogasa.net\/tienda\/wp-json\/wp\/v2\/product_tag?post=1348"}],"curies":[{"name":"wp","href":"https:\/\/api.w.org\/{rel}","templated":true}]}}