{"id":1323,"date":"2024-03-16T21:53:51","date_gmt":"2024-03-16T20:53:51","guid":{"rendered":"https:\/\/galiancogasa.net\/tienda\/producto\/vitalian-recuperador-30-comp\/"},"modified":"2026-02-13T21:07:00","modified_gmt":"2026-02-13T20:07:00","slug":"vitalian-recuperador-30-comp","status":"publish","type":"product","link":"https:\/\/galiancogasa.net\/tienda\/producto\/vitalian-recuperador-30-comp\/","title":{"rendered":"VITALIAN RECUPERADOR 30 COMP"},"content":{"rendered":"<p><strong>Alimento complementario para palomas. Concentrado cuyos componentes act\u00faan regulando el esfuerzo muscular, evitan lesiones musculares (mal de ala), disminuye la formaci\u00f3n del \u00e1cido l\u00e1ctico, equilibra el metabolismo del agua en los tejidos y dan un aporte energ\u00e9tico. A su vez, recuperan la flora intestinal y evitan la aparici\u00f3n de diarreas por el esfuerzo realizado.<\/strong><\/p>\n<p><strong><u>Composici\u00f3n<\/u><\/strong><\/p>\n<p>Fructosa, lactosa en polvo, almid\u00f3n de ma\u00edz. Aditivos por comprimido: Estabilizadores de la flora intestinal: Bacillus subtilis ATTC PTA6737 (4b1823) 1 X 10^5. Estabilizantes: Celulosa microcristalina (E460) 30mg.<\/p>\n<p><strong><u>Constituyentes anal\u00edticos<\/u><\/strong><\/p>\n<p>Aceites y grasas brutos 0%, prote\u00edna bruta 0%, fibra bruta 0%, cenizas brutas 17,85%.<\/p>\n<p><strong><u>Especies de destino<\/u><\/strong><\/p>\n<p>Palomas deportivas y palomas mensajeras.<\/p>\n<p><strong><u>Formatos disponibles<\/u><\/strong><\/p>\n<p>Envases conteniendo 30 (referencia 9601650) y 100 comprimidos (referencia 9601680).<\/p>\n<p><strong><u>Instrucciones de uso<\/u><\/strong><\/p>\n<p>Un comprimido cuatro horas antes de la competici\u00f3n y otro comprimido a la finalizaci\u00f3n de esta.<\/p>\n<p><strong><u>Observaciones<\/u><\/strong><\/p>\n<p>Conservar en su envase original bien cerrado y en lugar seco y fresco.<\/p>\n","protected":false},"excerpt":{"rendered":"<p>Alimento complementario para palomas. Concentrado cuyos componentes act\u00faan regulando el esfuerzo muscular, evitan lesiones musculares (mal de ala), disminuye la formaci\u00f3n del \u00e1cido l\u00e1ctico, equilibra el metabolismo del agua en los tejidos y dan un aporte energ\u00e9tico. A su vez, recuperan la flora intestinal y evitan la aparici\u00f3n de diarreas por el esfuerzo realizado.<\/p>\n","protected":false},"featured_media":18594,"template":"","meta":{"_acf_changed":false},"product_brand":[],"product_cat":[135],"product_tag":[],"class_list":{"0":"post-1323","1":"product","2":"type-product","3":"status-publish","4":"has-post-thumbnail","6":"familia_producto-324","7":"product_cat-vitalian-y-complementos-minerales","9":"first","10":"instock","11":"taxable","12":"shipping-taxable","13":"purchasable","14":"product-type-simple"},"acf":[],"yoast_head":"<!-- This site is optimized with the Yoast SEO Premium plugin v25.2 (Yoast SEO v27.2) - https:\/\/yoast.com\/product\/yoast-seo-premium-wordpress\/ -->\n<title>VITALIAN RECUPERADOR 30 COMP - Galian Cogasa<\/title>\n<meta name=\"robots\" content=\"index, follow, max-snippet:-1, max-image-preview:large, max-video-preview:-1\" \/>\n<link rel=\"canonical\" href=\"https:\/\/galiancogasa.net\/tienda\/producto\/vitalian-recuperador-30-comp\/\" \/>\n<meta property=\"og:locale\" content=\"es_ES\" \/>\n<meta property=\"og:type\" content=\"article\" \/>\n<meta property=\"og:title\" content=\"VITALIAN RECUPERADOR 30 COMP\" \/>\n<meta property=\"og:description\" content=\"Alimento complementario para palomas. Concentrado cuyos componentes act\u00faan regulando el esfuerzo muscular, evitan lesiones musculares (mal de ala), disminuye la formaci\u00f3n del \u00e1cido l\u00e1ctico, equilibra el metabolismo del agua en los tejidos y dan un aporte energ\u00e9tico. A su vez, recuperan la flora intestinal y evitan la aparici\u00f3n de diarreas por el esfuerzo realizado.\" \/>\n<meta property=\"og:url\" content=\"https:\/\/galiancogasa.net\/tienda\/producto\/vitalian-recuperador-30-comp\/\" \/>\n<meta property=\"og:site_name\" content=\"Galian Cogasa\" \/>\n<meta property=\"article:modified_time\" content=\"2026-02-13T20:07:00+00:00\" \/>\n<meta property=\"og:image\" content=\"https:\/\/galiancogasa.net\/tienda\/wp-content\/uploads\/2024\/03\/9601650-1.jpg\" \/>\n\t<meta property=\"og:image:width\" content=\"1080\" \/>\n\t<meta property=\"og:image:height\" content=\"1080\" \/>\n\t<meta property=\"og:image:type\" content=\"image\/jpeg\" \/>\n<meta name=\"twitter:card\" content=\"summary_large_image\" \/>\n<meta name=\"twitter:label1\" content=\"Tiempo de lectura\" \/>\n\t<meta name=\"twitter:data1\" content=\"1 minuto\" \/>\n<script type=\"application\/ld+json\" class=\"yoast-schema-graph\">{\"@context\":\"https:\/\/schema.org\",\"@graph\":[{\"@type\":\"WebPage\",\"@id\":\"https:\/\/galiancogasa.net\/tienda\/producto\/vitalian-recuperador-30-comp\/\",\"url\":\"https:\/\/galiancogasa.net\/tienda\/producto\/vitalian-recuperador-30-comp\/\",\"name\":\"VITALIAN RECUPERADOR 30 COMP - Galian Cogasa\",\"isPartOf\":{\"@id\":\"https:\/\/galiancogasa.net\/tienda\/#website\"},\"primaryImageOfPage\":{\"@id\":\"https:\/\/galiancogasa.net\/tienda\/producto\/vitalian-recuperador-30-comp\/#primaryimage\"},\"image\":{\"@id\":\"https:\/\/galiancogasa.net\/tienda\/producto\/vitalian-recuperador-30-comp\/#primaryimage\"},\"thumbnailUrl\":\"https:\/\/galiancogasa.net\/tienda\/wp-content\/uploads\/2024\/03\/9601650-1.jpg\",\"datePublished\":\"2024-03-16T20:53:51+00:00\",\"dateModified\":\"2026-02-13T20:07:00+00:00\",\"breadcrumb\":{\"@id\":\"https:\/\/galiancogasa.net\/tienda\/producto\/vitalian-recuperador-30-comp\/#breadcrumb\"},\"inLanguage\":\"es\",\"potentialAction\":[{\"@type\":\"ReadAction\",\"target\":[\"https:\/\/galiancogasa.net\/tienda\/producto\/vitalian-recuperador-30-comp\/\"]}]},{\"@type\":\"ImageObject\",\"inLanguage\":\"es\",\"@id\":\"https:\/\/galiancogasa.net\/tienda\/producto\/vitalian-recuperador-30-comp\/#primaryimage\",\"url\":\"https:\/\/galiancogasa.net\/tienda\/wp-content\/uploads\/2024\/03\/9601650-1.jpg\",\"contentUrl\":\"https:\/\/galiancogasa.net\/tienda\/wp-content\/uploads\/2024\/03\/9601650-1.jpg\",\"width\":1080,\"height\":1080},{\"@type\":\"BreadcrumbList\",\"@id\":\"https:\/\/galiancogasa.net\/tienda\/producto\/vitalian-recuperador-30-comp\/#breadcrumb\",\"itemListElement\":[{\"@type\":\"ListItem\",\"position\":1,\"name\":\"Home\",\"item\":\"https:\/\/galiancogasa.net\/tienda\/\"},{\"@type\":\"ListItem\",\"position\":2,\"name\":\"Tienda\",\"item\":\"https:\/\/galiancogasa.net\/tienda\/tienda\/\"},{\"@type\":\"ListItem\",\"position\":3,\"name\":\"VITALIAN RECUPERADOR 30 COMP\"}]},{\"@type\":\"WebSite\",\"@id\":\"https:\/\/galiancogasa.net\/tienda\/#website\",\"url\":\"https:\/\/galiancogasa.net\/tienda\/\",\"name\":\"Galian Cogasa\",\"description\":\"Tienda Online\",\"publisher\":{\"@id\":\"https:\/\/galiancogasa.net\/tienda\/#organization\"},\"potentialAction\":[{\"@type\":\"SearchAction\",\"target\":{\"@type\":\"EntryPoint\",\"urlTemplate\":\"https:\/\/galiancogasa.net\/tienda\/?s={search_term_string}\"},\"query-input\":{\"@type\":\"PropertyValueSpecification\",\"valueRequired\":true,\"valueName\":\"search_term_string\"}}],\"inLanguage\":\"es\"},{\"@type\":\"Organization\",\"@id\":\"https:\/\/galiancogasa.net\/tienda\/#organization\",\"name\":\"Galian Cogasa SL\",\"url\":\"https:\/\/galiancogasa.net\/tienda\/\",\"logo\":{\"@type\":\"ImageObject\",\"inLanguage\":\"es\",\"@id\":\"https:\/\/galiancogasa.net\/tienda\/#\/schema\/logo\/image\/\",\"url\":\"https:\/\/galiancogasa.net\/tienda\/wp-content\/uploads\/2024\/01\/logo-galian-v2.png\",\"contentUrl\":\"https:\/\/galiancogasa.net\/tienda\/wp-content\/uploads\/2024\/01\/logo-galian-v2.png\",\"width\":6156,\"height\":2296,\"caption\":\"Galian Cogasa SL\"},\"image\":{\"@id\":\"https:\/\/galiancogasa.net\/tienda\/#\/schema\/logo\/image\/\"}}]}<\/script>\n<!-- \/ Yoast SEO Premium plugin. -->","yoast_head_json":{"title":"VITALIAN RECUPERADOR 30 COMP - Galian Cogasa","robots":{"index":"index","follow":"follow","max-snippet":"max-snippet:-1","max-image-preview":"max-image-preview:large","max-video-preview":"max-video-preview:-1"},"canonical":"https:\/\/galiancogasa.net\/tienda\/producto\/vitalian-recuperador-30-comp\/","og_locale":"es_ES","og_type":"article","og_title":"VITALIAN RECUPERADOR 30 COMP","og_description":"Alimento complementario para palomas. Concentrado cuyos componentes act\u00faan regulando el esfuerzo muscular, evitan lesiones musculares (mal de ala), disminuye la formaci\u00f3n del \u00e1cido l\u00e1ctico, equilibra el metabolismo del agua en los tejidos y dan un aporte energ\u00e9tico. A su vez, recuperan la flora intestinal y evitan la aparici\u00f3n de diarreas por el esfuerzo realizado.","og_url":"https:\/\/galiancogasa.net\/tienda\/producto\/vitalian-recuperador-30-comp\/","og_site_name":"Galian Cogasa","article_modified_time":"2026-02-13T20:07:00+00:00","og_image":[{"width":1080,"height":1080,"url":"https:\/\/galiancogasa.net\/tienda\/wp-content\/uploads\/2024\/03\/9601650-1.jpg","type":"image\/jpeg"}],"twitter_card":"summary_large_image","twitter_misc":{"Tiempo de lectura":"1 minuto"},"schema":{"@context":"https:\/\/schema.org","@graph":[{"@type":"WebPage","@id":"https:\/\/galiancogasa.net\/tienda\/producto\/vitalian-recuperador-30-comp\/","url":"https:\/\/galiancogasa.net\/tienda\/producto\/vitalian-recuperador-30-comp\/","name":"VITALIAN RECUPERADOR 30 COMP - Galian Cogasa","isPartOf":{"@id":"https:\/\/galiancogasa.net\/tienda\/#website"},"primaryImageOfPage":{"@id":"https:\/\/galiancogasa.net\/tienda\/producto\/vitalian-recuperador-30-comp\/#primaryimage"},"image":{"@id":"https:\/\/galiancogasa.net\/tienda\/producto\/vitalian-recuperador-30-comp\/#primaryimage"},"thumbnailUrl":"https:\/\/galiancogasa.net\/tienda\/wp-content\/uploads\/2024\/03\/9601650-1.jpg","datePublished":"2024-03-16T20:53:51+00:00","dateModified":"2026-02-13T20:07:00+00:00","breadcrumb":{"@id":"https:\/\/galiancogasa.net\/tienda\/producto\/vitalian-recuperador-30-comp\/#breadcrumb"},"inLanguage":"es","potentialAction":[{"@type":"ReadAction","target":["https:\/\/galiancogasa.net\/tienda\/producto\/vitalian-recuperador-30-comp\/"]}]},{"@type":"ImageObject","inLanguage":"es","@id":"https:\/\/galiancogasa.net\/tienda\/producto\/vitalian-recuperador-30-comp\/#primaryimage","url":"https:\/\/galiancogasa.net\/tienda\/wp-content\/uploads\/2024\/03\/9601650-1.jpg","contentUrl":"https:\/\/galiancogasa.net\/tienda\/wp-content\/uploads\/2024\/03\/9601650-1.jpg","width":1080,"height":1080},{"@type":"BreadcrumbList","@id":"https:\/\/galiancogasa.net\/tienda\/producto\/vitalian-recuperador-30-comp\/#breadcrumb","itemListElement":[{"@type":"ListItem","position":1,"name":"Home","item":"https:\/\/galiancogasa.net\/tienda\/"},{"@type":"ListItem","position":2,"name":"Tienda","item":"https:\/\/galiancogasa.net\/tienda\/tienda\/"},{"@type":"ListItem","position":3,"name":"VITALIAN RECUPERADOR 30 COMP"}]},{"@type":"WebSite","@id":"https:\/\/galiancogasa.net\/tienda\/#website","url":"https:\/\/galiancogasa.net\/tienda\/","name":"Galian Cogasa","description":"Tienda Online","publisher":{"@id":"https:\/\/galiancogasa.net\/tienda\/#organization"},"potentialAction":[{"@type":"SearchAction","target":{"@type":"EntryPoint","urlTemplate":"https:\/\/galiancogasa.net\/tienda\/?s={search_term_string}"},"query-input":{"@type":"PropertyValueSpecification","valueRequired":true,"valueName":"search_term_string"}}],"inLanguage":"es"},{"@type":"Organization","@id":"https:\/\/galiancogasa.net\/tienda\/#organization","name":"Galian Cogasa SL","url":"https:\/\/galiancogasa.net\/tienda\/","logo":{"@type":"ImageObject","inLanguage":"es","@id":"https:\/\/galiancogasa.net\/tienda\/#\/schema\/logo\/image\/","url":"https:\/\/galiancogasa.net\/tienda\/wp-content\/uploads\/2024\/01\/logo-galian-v2.png","contentUrl":"https:\/\/galiancogasa.net\/tienda\/wp-content\/uploads\/2024\/01\/logo-galian-v2.png","width":6156,"height":2296,"caption":"Galian Cogasa SL"},"image":{"@id":"https:\/\/galiancogasa.net\/tienda\/#\/schema\/logo\/image\/"}}]}},"_links":{"self":[{"href":"https:\/\/galiancogasa.net\/tienda\/wp-json\/wp\/v2\/product\/1323","targetHints":{"allow":["GET"]}}],"collection":[{"href":"https:\/\/galiancogasa.net\/tienda\/wp-json\/wp\/v2\/product"}],"about":[{"href":"https:\/\/galiancogasa.net\/tienda\/wp-json\/wp\/v2\/types\/product"}],"wp:featuredmedia":[{"embeddable":true,"href":"https:\/\/galiancogasa.net\/tienda\/wp-json\/wp\/v2\/media\/18594"}],"wp:attachment":[{"href":"https:\/\/galiancogasa.net\/tienda\/wp-json\/wp\/v2\/media?parent=1323"}],"wp:term":[{"taxonomy":"product_brand","embeddable":true,"href":"https:\/\/galiancogasa.net\/tienda\/wp-json\/wp\/v2\/product_brand?post=1323"},{"taxonomy":"product_cat","embeddable":true,"href":"https:\/\/galiancogasa.net\/tienda\/wp-json\/wp\/v2\/product_cat?post=1323"},{"taxonomy":"product_tag","embeddable":true,"href":"https:\/\/galiancogasa.net\/tienda\/wp-json\/wp\/v2\/product_tag?post=1323"}],"curies":[{"name":"wp","href":"https:\/\/api.w.org\/{rel}","templated":true}]}}