{"id":1315,"date":"2024-03-16T21:53:29","date_gmt":"2024-03-16T20:53:29","guid":{"rendered":"https:\/\/galiancogasa.net\/tienda\/producto\/vitalian-vit-y-aa-palomas-250-ml\/"},"modified":"2026-02-13T21:06:49","modified_gmt":"2026-02-13T20:06:49","slug":"vitalian-vit-y-aa-palomas-250-ml","status":"publish","type":"product","link":"https:\/\/galiancogasa.net\/tienda\/producto\/vitalian-vit-y-aa-palomas-250-ml\/","title":{"rendered":"VITALIAN VIT. Y AA. PALOMAS 250 ML"},"content":{"rendered":"<p><strong>Pienso complementario para palomas. Favorece la formaci\u00f3n de la pluma durante la muda, el desarrollo de pichones, as\u00ed como la recuperaci\u00f3n despu\u00e9s de la competici\u00f3n. Indicado para evitar la carencia de vitaminas e inapetencia. Ayuda en la convalecencia de enfermedades infecciosas y como coadyuvante de toda medicaci\u00f3n.<\/strong><\/p>\n<p><strong><u>Composici\u00f3n<\/u><\/strong><\/p>\n<p>Fosfato bic\u00e1lcico. Aditivos y contenido por comprimido: Vitamina A (E672) 176UI; Vitamina D3 (E671) 24UI; Vitamina E (alfa tocoferol acetato) (E307) 0,3mg; Vitamina B1 0,024mg; Vitamina B2 0,123mg; Vitamina B6 0,012mg; Vitamina B12 0,00024mg; Vitamina C (E300) 0,125mg; Vitamina K3 0,009mg; \u00c1cido nicot\u00ednico 0,249mg; Pantotenato c\u00e1lcico 0,051mg; Cloruro colina 0,075mg; DL-Metionina 12,6mg; L-Cistina 0,099mg; L-Lisina 2,523mg; L-Arginina 0,099mg; L-Tript\u00f3fano 0,1mg.<\/p>\n<p><strong><u>Constituyentes anal\u00edticos<\/u><\/strong><\/p>\n<p>Materia grasa bruta 0%, calcio &gt;5%, f\u00f3sforo &gt;2%.<\/p>\n<p><strong><u>Especies de destino<\/u><\/strong><\/p>\n<p>Palomas deportivas y mensajeras.<\/p>\n<p><strong><u>Formatos disponibles<\/u><\/strong><\/p>\n<p>Envases conteniendo 30 comprimidos (referencia 9601110), 100 comprimidos (referencia 9601120) y 250ml (referencia 9601130).<\/p>\n<p><strong><u>Instrucciones de uso<\/u><\/strong><\/p>\n<p>Dosis de ataque: 1 comprimido directamente al pico de la paloma. Dosis de mantenimiento: disolver 10 comprimidos por litro de agua de bebida. *Prohibida la administraci\u00f3n simult\u00e1nea de Vitamina D2*.<\/p>\n<p>Dosis de ataque: 0,5ml por bebedero de 14ml. Tratamiento preventivo y de mantenimiento: disolver 2ml por litro de agua bebida.<\/p>\n<p><strong><u>Observaciones<\/u><\/strong><\/p>\n<p>Conservar en lugar seco y al abrigo de la luz.<\/p>\n","protected":false},"excerpt":{"rendered":"<p>Pienso complementario para palomas. Favorece la formaci\u00f3n de la pluma durante la muda, el desarrollo de pichones, as\u00ed como la recuperaci\u00f3n despu\u00e9s de la competici\u00f3n. Indicado para evitar la carencia de vitaminas e inapetencia. Ayuda en la convalecencia de enfermedades infecciosas y como coadyuvante de toda medicaci\u00f3n.<\/p>\n","protected":false},"featured_media":18579,"template":"","meta":{"_acf_changed":false},"product_brand":[],"product_cat":[135],"product_tag":[],"class_list":{"0":"post-1315","1":"product","2":"type-product","3":"status-publish","4":"has-post-thumbnail","6":"familia_producto-324","7":"product_cat-vitalian-y-complementos-minerales","9":"first","10":"instock","11":"taxable","12":"shipping-taxable","13":"purchasable","14":"product-type-simple"},"acf":[],"yoast_head":"<!-- This site is optimized with the Yoast SEO Premium plugin v25.2 (Yoast SEO v27.3) - https:\/\/yoast.com\/product\/yoast-seo-premium-wordpress\/ -->\n<title>VITALIAN VIT. Y AA. PALOMAS 250 ML - Galian Cogasa<\/title>\n<meta name=\"robots\" content=\"index, follow, max-snippet:-1, max-image-preview:large, max-video-preview:-1\" \/>\n<link rel=\"canonical\" href=\"https:\/\/galiancogasa.net\/tienda\/producto\/vitalian-vit-y-aa-palomas-250-ml\/\" \/>\n<meta property=\"og:locale\" content=\"es_ES\" \/>\n<meta property=\"og:type\" content=\"article\" \/>\n<meta property=\"og:title\" content=\"VITALIAN VIT. Y AA. PALOMAS 250 ML\" \/>\n<meta property=\"og:description\" content=\"Pienso complementario para palomas. Favorece la formaci\u00f3n de la pluma durante la muda, el desarrollo de pichones, as\u00ed como la recuperaci\u00f3n despu\u00e9s de la competici\u00f3n. Indicado para evitar la carencia de vitaminas e inapetencia. Ayuda en la convalecencia de enfermedades infecciosas y como coadyuvante de toda medicaci\u00f3n.\" \/>\n<meta property=\"og:url\" content=\"https:\/\/galiancogasa.net\/tienda\/producto\/vitalian-vit-y-aa-palomas-250-ml\/\" \/>\n<meta property=\"og:site_name\" content=\"Galian Cogasa\" \/>\n<meta property=\"article:modified_time\" content=\"2026-02-13T20:06:49+00:00\" \/>\n<meta property=\"og:image\" content=\"https:\/\/galiancogasa.net\/tienda\/wp-content\/uploads\/2024\/03\/9601130-1.jpg\" \/>\n\t<meta property=\"og:image:width\" content=\"1080\" \/>\n\t<meta property=\"og:image:height\" content=\"1080\" \/>\n\t<meta property=\"og:image:type\" content=\"image\/jpeg\" \/>\n<meta name=\"twitter:card\" content=\"summary_large_image\" \/>\n<meta name=\"twitter:label1\" content=\"Tiempo de lectura\" \/>\n\t<meta name=\"twitter:data1\" content=\"2 minutos\" \/>\n<script type=\"application\/ld+json\" class=\"yoast-schema-graph\">{\"@context\":\"https:\\\/\\\/schema.org\",\"@graph\":[{\"@type\":\"WebPage\",\"@id\":\"https:\\\/\\\/galiancogasa.net\\\/tienda\\\/producto\\\/vitalian-vit-y-aa-palomas-250-ml\\\/\",\"url\":\"https:\\\/\\\/galiancogasa.net\\\/tienda\\\/producto\\\/vitalian-vit-y-aa-palomas-250-ml\\\/\",\"name\":\"VITALIAN VIT. Y AA. PALOMAS 250 ML - Galian Cogasa\",\"isPartOf\":{\"@id\":\"https:\\\/\\\/galiancogasa.net\\\/tienda\\\/#website\"},\"primaryImageOfPage\":{\"@id\":\"https:\\\/\\\/galiancogasa.net\\\/tienda\\\/producto\\\/vitalian-vit-y-aa-palomas-250-ml\\\/#primaryimage\"},\"image\":{\"@id\":\"https:\\\/\\\/galiancogasa.net\\\/tienda\\\/producto\\\/vitalian-vit-y-aa-palomas-250-ml\\\/#primaryimage\"},\"thumbnailUrl\":\"https:\\\/\\\/galiancogasa.net\\\/tienda\\\/wp-content\\\/uploads\\\/2024\\\/03\\\/9601130-1.jpg\",\"datePublished\":\"2024-03-16T20:53:29+00:00\",\"dateModified\":\"2026-02-13T20:06:49+00:00\",\"breadcrumb\":{\"@id\":\"https:\\\/\\\/galiancogasa.net\\\/tienda\\\/producto\\\/vitalian-vit-y-aa-palomas-250-ml\\\/#breadcrumb\"},\"inLanguage\":\"es\",\"potentialAction\":[{\"@type\":\"ReadAction\",\"target\":[\"https:\\\/\\\/galiancogasa.net\\\/tienda\\\/producto\\\/vitalian-vit-y-aa-palomas-250-ml\\\/\"]}]},{\"@type\":\"ImageObject\",\"inLanguage\":\"es\",\"@id\":\"https:\\\/\\\/galiancogasa.net\\\/tienda\\\/producto\\\/vitalian-vit-y-aa-palomas-250-ml\\\/#primaryimage\",\"url\":\"https:\\\/\\\/galiancogasa.net\\\/tienda\\\/wp-content\\\/uploads\\\/2024\\\/03\\\/9601130-1.jpg\",\"contentUrl\":\"https:\\\/\\\/galiancogasa.net\\\/tienda\\\/wp-content\\\/uploads\\\/2024\\\/03\\\/9601130-1.jpg\",\"width\":1080,\"height\":1080},{\"@type\":\"BreadcrumbList\",\"@id\":\"https:\\\/\\\/galiancogasa.net\\\/tienda\\\/producto\\\/vitalian-vit-y-aa-palomas-250-ml\\\/#breadcrumb\",\"itemListElement\":[{\"@type\":\"ListItem\",\"position\":1,\"name\":\"Home\",\"item\":\"https:\\\/\\\/galiancogasa.net\\\/tienda\\\/\"},{\"@type\":\"ListItem\",\"position\":2,\"name\":\"Tienda\",\"item\":\"https:\\\/\\\/galiancogasa.net\\\/tienda\\\/tienda\\\/\"},{\"@type\":\"ListItem\",\"position\":3,\"name\":\"VITALIAN VIT. Y AA. PALOMAS 250 ML\"}]},{\"@type\":\"WebSite\",\"@id\":\"https:\\\/\\\/galiancogasa.net\\\/tienda\\\/#website\",\"url\":\"https:\\\/\\\/galiancogasa.net\\\/tienda\\\/\",\"name\":\"Galian Cogasa\",\"description\":\"Tienda Online\",\"publisher\":{\"@id\":\"https:\\\/\\\/galiancogasa.net\\\/tienda\\\/#organization\"},\"potentialAction\":[{\"@type\":\"SearchAction\",\"target\":{\"@type\":\"EntryPoint\",\"urlTemplate\":\"https:\\\/\\\/galiancogasa.net\\\/tienda\\\/?s={search_term_string}\"},\"query-input\":{\"@type\":\"PropertyValueSpecification\",\"valueRequired\":true,\"valueName\":\"search_term_string\"}}],\"inLanguage\":\"es\"},{\"@type\":\"Organization\",\"@id\":\"https:\\\/\\\/galiancogasa.net\\\/tienda\\\/#organization\",\"name\":\"Galian Cogasa SL\",\"url\":\"https:\\\/\\\/galiancogasa.net\\\/tienda\\\/\",\"logo\":{\"@type\":\"ImageObject\",\"inLanguage\":\"es\",\"@id\":\"https:\\\/\\\/galiancogasa.net\\\/tienda\\\/#\\\/schema\\\/logo\\\/image\\\/\",\"url\":\"https:\\\/\\\/galiancogasa.net\\\/tienda\\\/wp-content\\\/uploads\\\/2024\\\/01\\\/logo-galian-v2.png\",\"contentUrl\":\"https:\\\/\\\/galiancogasa.net\\\/tienda\\\/wp-content\\\/uploads\\\/2024\\\/01\\\/logo-galian-v2.png\",\"width\":6156,\"height\":2296,\"caption\":\"Galian Cogasa SL\"},\"image\":{\"@id\":\"https:\\\/\\\/galiancogasa.net\\\/tienda\\\/#\\\/schema\\\/logo\\\/image\\\/\"}}]}<\/script>\n<!-- \/ Yoast SEO Premium plugin. -->","yoast_head_json":{"title":"VITALIAN VIT. Y AA. PALOMAS 250 ML - Galian Cogasa","robots":{"index":"index","follow":"follow","max-snippet":"max-snippet:-1","max-image-preview":"max-image-preview:large","max-video-preview":"max-video-preview:-1"},"canonical":"https:\/\/galiancogasa.net\/tienda\/producto\/vitalian-vit-y-aa-palomas-250-ml\/","og_locale":"es_ES","og_type":"article","og_title":"VITALIAN VIT. Y AA. PALOMAS 250 ML","og_description":"Pienso complementario para palomas. Favorece la formaci\u00f3n de la pluma durante la muda, el desarrollo de pichones, as\u00ed como la recuperaci\u00f3n despu\u00e9s de la competici\u00f3n. Indicado para evitar la carencia de vitaminas e inapetencia. Ayuda en la convalecencia de enfermedades infecciosas y como coadyuvante de toda medicaci\u00f3n.","og_url":"https:\/\/galiancogasa.net\/tienda\/producto\/vitalian-vit-y-aa-palomas-250-ml\/","og_site_name":"Galian Cogasa","article_modified_time":"2026-02-13T20:06:49+00:00","og_image":[{"width":1080,"height":1080,"url":"https:\/\/galiancogasa.net\/tienda\/wp-content\/uploads\/2024\/03\/9601130-1.jpg","type":"image\/jpeg"}],"twitter_card":"summary_large_image","twitter_misc":{"Tiempo de lectura":"2 minutos"},"schema":{"@context":"https:\/\/schema.org","@graph":[{"@type":"WebPage","@id":"https:\/\/galiancogasa.net\/tienda\/producto\/vitalian-vit-y-aa-palomas-250-ml\/","url":"https:\/\/galiancogasa.net\/tienda\/producto\/vitalian-vit-y-aa-palomas-250-ml\/","name":"VITALIAN VIT. Y AA. PALOMAS 250 ML - Galian Cogasa","isPartOf":{"@id":"https:\/\/galiancogasa.net\/tienda\/#website"},"primaryImageOfPage":{"@id":"https:\/\/galiancogasa.net\/tienda\/producto\/vitalian-vit-y-aa-palomas-250-ml\/#primaryimage"},"image":{"@id":"https:\/\/galiancogasa.net\/tienda\/producto\/vitalian-vit-y-aa-palomas-250-ml\/#primaryimage"},"thumbnailUrl":"https:\/\/galiancogasa.net\/tienda\/wp-content\/uploads\/2024\/03\/9601130-1.jpg","datePublished":"2024-03-16T20:53:29+00:00","dateModified":"2026-02-13T20:06:49+00:00","breadcrumb":{"@id":"https:\/\/galiancogasa.net\/tienda\/producto\/vitalian-vit-y-aa-palomas-250-ml\/#breadcrumb"},"inLanguage":"es","potentialAction":[{"@type":"ReadAction","target":["https:\/\/galiancogasa.net\/tienda\/producto\/vitalian-vit-y-aa-palomas-250-ml\/"]}]},{"@type":"ImageObject","inLanguage":"es","@id":"https:\/\/galiancogasa.net\/tienda\/producto\/vitalian-vit-y-aa-palomas-250-ml\/#primaryimage","url":"https:\/\/galiancogasa.net\/tienda\/wp-content\/uploads\/2024\/03\/9601130-1.jpg","contentUrl":"https:\/\/galiancogasa.net\/tienda\/wp-content\/uploads\/2024\/03\/9601130-1.jpg","width":1080,"height":1080},{"@type":"BreadcrumbList","@id":"https:\/\/galiancogasa.net\/tienda\/producto\/vitalian-vit-y-aa-palomas-250-ml\/#breadcrumb","itemListElement":[{"@type":"ListItem","position":1,"name":"Home","item":"https:\/\/galiancogasa.net\/tienda\/"},{"@type":"ListItem","position":2,"name":"Tienda","item":"https:\/\/galiancogasa.net\/tienda\/tienda\/"},{"@type":"ListItem","position":3,"name":"VITALIAN VIT. Y AA. PALOMAS 250 ML"}]},{"@type":"WebSite","@id":"https:\/\/galiancogasa.net\/tienda\/#website","url":"https:\/\/galiancogasa.net\/tienda\/","name":"Galian Cogasa","description":"Tienda Online","publisher":{"@id":"https:\/\/galiancogasa.net\/tienda\/#organization"},"potentialAction":[{"@type":"SearchAction","target":{"@type":"EntryPoint","urlTemplate":"https:\/\/galiancogasa.net\/tienda\/?s={search_term_string}"},"query-input":{"@type":"PropertyValueSpecification","valueRequired":true,"valueName":"search_term_string"}}],"inLanguage":"es"},{"@type":"Organization","@id":"https:\/\/galiancogasa.net\/tienda\/#organization","name":"Galian Cogasa SL","url":"https:\/\/galiancogasa.net\/tienda\/","logo":{"@type":"ImageObject","inLanguage":"es","@id":"https:\/\/galiancogasa.net\/tienda\/#\/schema\/logo\/image\/","url":"https:\/\/galiancogasa.net\/tienda\/wp-content\/uploads\/2024\/01\/logo-galian-v2.png","contentUrl":"https:\/\/galiancogasa.net\/tienda\/wp-content\/uploads\/2024\/01\/logo-galian-v2.png","width":6156,"height":2296,"caption":"Galian Cogasa SL"},"image":{"@id":"https:\/\/galiancogasa.net\/tienda\/#\/schema\/logo\/image\/"}}]}},"_links":{"self":[{"href":"https:\/\/galiancogasa.net\/tienda\/wp-json\/wp\/v2\/product\/1315","targetHints":{"allow":["GET"]}}],"collection":[{"href":"https:\/\/galiancogasa.net\/tienda\/wp-json\/wp\/v2\/product"}],"about":[{"href":"https:\/\/galiancogasa.net\/tienda\/wp-json\/wp\/v2\/types\/product"}],"wp:featuredmedia":[{"embeddable":true,"href":"https:\/\/galiancogasa.net\/tienda\/wp-json\/wp\/v2\/media\/18579"}],"wp:attachment":[{"href":"https:\/\/galiancogasa.net\/tienda\/wp-json\/wp\/v2\/media?parent=1315"}],"wp:term":[{"taxonomy":"product_brand","embeddable":true,"href":"https:\/\/galiancogasa.net\/tienda\/wp-json\/wp\/v2\/product_brand?post=1315"},{"taxonomy":"product_cat","embeddable":true,"href":"https:\/\/galiancogasa.net\/tienda\/wp-json\/wp\/v2\/product_cat?post=1315"},{"taxonomy":"product_tag","embeddable":true,"href":"https:\/\/galiancogasa.net\/tienda\/wp-json\/wp\/v2\/product_tag?post=1315"}],"curies":[{"name":"wp","href":"https:\/\/api.w.org\/{rel}","templated":true}]}}